{"id":3086,"date":"2023-08-04T00:26:16","date_gmt":"2023-08-03T22:26:16","guid":{"rendered":"https:\/\/proyectoiberico.pl\/practicas-para-extranjeros-en-cracovia-y-varsovia\/praktyki-katowice\/"},"modified":"2023-08-04T00:47:16","modified_gmt":"2023-08-03T22:47:16","slug":"practicas-katowice","status":"publish","type":"page","link":"https:\/\/proyectoiberico.pl\/es\/practicas-para-extranjeros-en-cracovia-y-varsovia\/practicas-katowice\/","title":{"rendered":"Pr\u00e1cticas &#8211; Katowice"},"content":{"rendered":"<section class=\"l-section wpb_row practice-main height_large with_img\"><div class=\"l-section-img\" role=\"img\" aria-label=\"Image\" data-img-width=\"1920\" data-img-height=\"496\" style=\"background-image: url(https:\/\/proyectoiberico.pl\/wp-content\/uploads\/2023\/08\/katowice-header.jpg);background-repeat: no-repeat;\"><\/div><div class=\"l-section-overlay\" style=\"background:rgba(0,0,0,0.14)\"><\/div><div class=\"l-section-h i-cf\"><div class=\"g-cols vc_row via_flex valign_top type_default stacking_default\"><div class=\"vc_col-sm-12 wpb_column vc_column_container has_text_color\"><div class=\"vc_column-inner us_custom_6df4bc3a\"><div class=\"wpb_wrapper\"><div class=\"wpb_text_column text-center city-h1\"><div class=\"wpb_wrapper\"><h1>Pr\u00e1cticas en Katowice<\/h1>\n<\/div><\/div><\/div><\/div><\/div><\/div><\/div><\/section><section class=\"l-section wpb_row us_custom_69ad910b city-pad index-city height_auto width_full with_img\"><div class=\"l-section-img\" role=\"img\" aria-label=\"Image\" data-img-width=\"270\" data-img-height=\"528\" style=\"background-image: url(https:\/\/proyectoiberico.pl\/wp-content\/uploads\/2023\/08\/katowice-herb-e1691102353162.png);background-position: center right;background-repeat: no-repeat;background-size: auto;\"><\/div><div class=\"l-section-h i-cf\"><div class=\"g-cols vc_row via_flex valign_middle type_default stacking_default\"><div class=\"vc_col-sm-8 wpb_column vc_column_container padding-l-calc has_bg_color\"><div class=\"vc_column-inner us_custom_4fb9e5a3\"><div class=\"wpb_wrapper\"><div class=\"wpb_text_column\"><div class=\"wpb_wrapper\"><h2>Katowice<br \/>\n<span class=\"miasto-mniejsze\">Pr\u00e1cticas en la capital del Voivodato de Silesia.<\/span><\/h2>\n<p>Katowice la ciudad m\u00e1s grande de la Alta Silesia, ubicada en la parte sur de Polonia, en la intersecci\u00f3n de las principales rutas de comunicaci\u00f3n este-oeste y norte-sur.<\/p>\n<p>Katowice es uno de los mayores centros econ\u00f3micos de Polonia y un importante centro comercial y de servicios, especialmente en el campo de: comercio mayorista y minorista, intermediaci\u00f3n financiera, servicios inmobiliarios y comerciales, ciencia y educaci\u00f3n, servicios m\u00e9dicos especializados, as\u00ed como servicios p\u00fablicos y administraci\u00f3n econ\u00f3mica.<\/p>\n<\/div><\/div><\/div><\/div><\/div><div class=\"vc_col-sm-4 wpb_column vc_column_container padding-r-calc\"><div class=\"vc_column-inner us_custom_3fb4e952\"><div class=\"wpb_wrapper\"><div class=\"wpb_text_column\"><div class=\"wpb_wrapper\"><p><strong>Ubicaci\u00f3n:<\/strong><br \/>\nparte sur de Polonia<\/p>\n<p><strong>Poblaci\u00f3n:<\/strong><br \/>\n302.397<\/p>\n<p><strong>Superficie:<\/strong><br \/>\n164,7 km\u00b2<\/p>\n<p><strong>Informaci\u00f3n adicional:<\/strong><br \/>\n80 km de Cracovia,<br \/>\n300 km de Varsovia<\/p>\n<\/div><\/div><\/div><\/div><\/div><\/div><\/div><\/section><section class=\"l-section wpb_row cta-main height_large with_img\"><div class=\"l-section-img\" role=\"img\" aria-label=\"Image\" data-img-width=\"1400\" data-img-height=\"350\" style=\"background-image: url(https:\/\/proyectoiberico.pl\/wp-content\/uploads\/2017\/08\/praktyki-cta-wwa.jpg);background-repeat: no-repeat;\"><\/div><div class=\"l-section-h i-cf\"><div class=\"g-cols vc_row via_flex valign_middle type_default stacking_default\"><div class=\"vc_col-sm-8 wpb_column vc_column_container has_text_color\"><div class=\"vc_column-inner us_custom_6df4bc3a\"><div class=\"wpb_wrapper\"><div class=\"wpb_text_column text-center pacifico-duze\"><div class=\"wpb_wrapper\"><p>M\u00e1s informaci\u00f3n sobre las pr\u00e1cticas en Varsovia!<\/p>\n<\/div><\/div><\/div><\/div><\/div><div class=\"vc_col-sm-4 wpb_column vc_column_container\"><div class=\"vc_column-inner\"><div class=\"wpb_wrapper\"><div class=\"w-btn-wrapper align_none\"><a class=\"w-btn us-btn-style_4 us_custom_f73f4019\" href=\"https:\/\/proyectoiberico.pl\/es\/practicas-para-extranjeros-en-cracovia-y-varsovia\/practicas-en-varsovia\/\"><span class=\"w-btn-label\">M\u00c1S INFORMACI\u00d3N<\/span><\/a><\/div><\/div><\/div><\/div><\/div><\/div><\/section>\n","protected":false},"excerpt":{"rendered":"Pr\u00e1cticas en Katowice Katowice Pr\u00e1cticas en la capital del Voivodato de Silesia. Katowice la ciudad m\u00e1s grande de la Alta Silesia, ubicada en la parte sur de Polonia, en la intersecci\u00f3n de las principales rutas de comunicaci\u00f3n este-oeste y norte-sur. Katowice es uno de los mayores centros econ\u00f3micos de Polonia y un importante centro comercial...","protected":false},"author":1,"featured_media":0,"parent":1401,"menu_order":0,"comment_status":"closed","ping_status":"closed","template":"","meta":{"footnotes":""},"class_list":["post-3086","page","type-page","status-publish","hentry"],"_links":{"self":[{"href":"https:\/\/proyectoiberico.pl\/es\/wp-json\/wp\/v2\/pages\/3086","targetHints":{"allow":["GET"]}}],"collection":[{"href":"https:\/\/proyectoiberico.pl\/es\/wp-json\/wp\/v2\/pages"}],"about":[{"href":"https:\/\/proyectoiberico.pl\/es\/wp-json\/wp\/v2\/types\/page"}],"author":[{"embeddable":true,"href":"https:\/\/proyectoiberico.pl\/es\/wp-json\/wp\/v2\/users\/1"}],"replies":[{"embeddable":true,"href":"https:\/\/proyectoiberico.pl\/es\/wp-json\/wp\/v2\/comments?post=3086"}],"version-history":[{"count":2,"href":"https:\/\/proyectoiberico.pl\/es\/wp-json\/wp\/v2\/pages\/3086\/revisions"}],"predecessor-version":[{"id":3091,"href":"https:\/\/proyectoiberico.pl\/es\/wp-json\/wp\/v2\/pages\/3086\/revisions\/3091"}],"up":[{"embeddable":true,"href":"https:\/\/proyectoiberico.pl\/es\/wp-json\/wp\/v2\/pages\/1401"}],"wp:attachment":[{"href":"https:\/\/proyectoiberico.pl\/es\/wp-json\/wp\/v2\/media?parent=3086"}],"curies":[{"name":"wp","href":"https:\/\/api.w.org\/{rel}","templated":true}]}}