{"id":3041,"date":"2023-06-01T16:01:16","date_gmt":"2023-06-01T14:01:16","guid":{"rendered":"https:\/\/proyectoiberico.pl\/praktyki-na-gran-canaria\/"},"modified":"2026-03-20T06:54:23","modified_gmt":"2026-03-20T05:54:23","slug":"erasmus-staff-mobility-courses","status":"publish","type":"page","link":"https:\/\/proyectoiberico.pl\/es\/erasmus-staff-mobility-courses\/","title":{"rendered":"Erasmus+ Staff Mobility Courses\u00a0"},"content":{"rendered":"<section class=\"l-section wpb_row practice-main height_large with_img\"><div class=\"l-section-img\" role=\"img\" aria-label=\"Image\" data-img-width=\"1400\" data-img-height=\"350\" style=\"background-image: url(https:\/\/proyectoiberico.pl\/wp-content\/uploads\/2017\/08\/praktyki-cta-krakow.jpg);background-repeat: no-repeat;\"><\/div><div class=\"l-section-overlay\" style=\"background:rgba(0,0,0,0.14)\"><\/div><div class=\"l-section-h i-cf\"><div class=\"g-cols vc_row via_flex valign_top type_default stacking_default\"><div class=\"vc_col-sm-12 wpb_column vc_column_container has_text_color\"><div class=\"vc_column-inner us_custom_6df4bc3a\"><div class=\"wpb_wrapper\"><div class=\"wpb_text_column text-center city-h1\"><div class=\"wpb_wrapper\"><h1>Erasmus+ Staff Mobility Courses<\/h1>\n<\/div><\/div><\/div><\/div><\/div><\/div><\/div><\/section><section class=\"l-section wpb_row height_medium\"><div class=\"l-section-h i-cf\"><div class=\"g-cols vc_row via_flex valign_middle type_default stacking_default\" style=\"--additional-gap:30px;\"><div class=\"vc_col-sm-6 wpb_column vc_column_container\"><div class=\"vc_column-inner\"><div class=\"wpb_wrapper\"><div class=\"w-video us_custom_6c7132bd align_center ratio_initial\"><div class=\"w-video-h\"><video  preload=\"metadata\" playsinline controls><source type=\"video\/mp4\" src=\"https:\/\/proyectoiberico.pl\/wp-content\/uploads\/2026\/03\/English_Outdoors_Spanish_v11.mp4\" \/><\/video><\/div><\/div><\/div><\/div><\/div><div class=\"vc_col-sm-6 wpb_column vc_column_container\"><div class=\"vc_column-inner\"><div class=\"wpb_wrapper\"><div class=\"wpb_text_column list-arrow\"><div class=\"wpb_wrapper\"><h2>Ingl\u00e9s al aire libre<br \/>\n<span class=\"miasto-mniejsze\">en Cracovia<\/span><\/h2>\n<p>Programa formativo de 20 horas basado en aprendizaje outdoor.<br \/>\n<strong>Dirigido a profesionales de la educaci\u00f3n.<\/strong><\/p>\n<ul>\n<li>Actividades din\u00e1micas al aire libre<\/li>\n<li>Ingl\u00e9s en situaciones reales<\/li>\n<li>Desarrollo de comunicaci\u00f3n y fluidez<\/li>\n<li>Experiencia cultural internacional<\/li>\n<\/ul>\n<\/div><\/div><div class=\"w-iconbox us_custom_8c42ed40 iconpos_left style_default color_primary align_left\"><div class=\"w-iconbox-icon\" style=\"font-size:20px;\"><i class=\"fas fa-calendar-alt\"><\/i><\/div><div class=\"w-iconbox-meta\"><p class=\"w-iconbox-title\">Duraci\u00f3n:<\/p><div class=\"w-iconbox-text\"><p>5 d\u00edas \u00b7 20 horas<\/p>\n<\/div><\/div><\/div><div class=\"w-iconbox us_custom_8c42ed40 iconpos_left style_default color_primary align_left\"><div class=\"w-iconbox-icon\" style=\"font-size:20px;\"><i class=\"fas fa-map-marker-alt\"><\/i><\/div><div class=\"w-iconbox-meta\"><p class=\"w-iconbox-title\">Ubicaci\u00f3n: <\/p><div class=\"w-iconbox-text\"><p>Cracovia &#8211; Polonia<\/p>\n<\/div><\/div><\/div><div class=\"wpb_text_column us_custom_14e19a50\"><div class=\"wpb_wrapper\"><p><strong>Dirigido a profesores, coordinadores de Erasmus+ y personal de la instituci\u00f3n<\/strong><\/p>\n<\/div><\/div><\/div><\/div><\/div><\/div><\/div><\/section>\n","protected":false},"excerpt":{"rendered":"Erasmus+ Staff Mobility Courses Ingl\u00e9s al aire libre en Cracovia Programa formativo de 20 horas basado en aprendizaje outdoor. Dirigido a profesionales de la educaci\u00f3n. Actividades din\u00e1micas al aire libre Ingl\u00e9s en situaciones reales Desarrollo de comunicaci\u00f3n y fluidez Experiencia cultural internacional Duraci\u00f3n:5 d\u00edas \u00b7 20 horas Ubicaci\u00f3n: Cracovia - Polonia Dirigido a profesores, coordinadores...","protected":false},"author":1,"featured_media":0,"parent":0,"menu_order":0,"comment_status":"closed","ping_status":"closed","template":"","meta":{"footnotes":""},"class_list":["post-3041","page","type-page","status-publish","hentry"],"_links":{"self":[{"href":"https:\/\/proyectoiberico.pl\/es\/wp-json\/wp\/v2\/pages\/3041","targetHints":{"allow":["GET"]}}],"collection":[{"href":"https:\/\/proyectoiberico.pl\/es\/wp-json\/wp\/v2\/pages"}],"about":[{"href":"https:\/\/proyectoiberico.pl\/es\/wp-json\/wp\/v2\/types\/page"}],"author":[{"embeddable":true,"href":"https:\/\/proyectoiberico.pl\/es\/wp-json\/wp\/v2\/users\/1"}],"replies":[{"embeddable":true,"href":"https:\/\/proyectoiberico.pl\/es\/wp-json\/wp\/v2\/comments?post=3041"}],"version-history":[{"count":3,"href":"https:\/\/proyectoiberico.pl\/es\/wp-json\/wp\/v2\/pages\/3041\/revisions"}],"predecessor-version":[{"id":3140,"href":"https:\/\/proyectoiberico.pl\/es\/wp-json\/wp\/v2\/pages\/3041\/revisions\/3140"}],"wp:attachment":[{"href":"https:\/\/proyectoiberico.pl\/es\/wp-json\/wp\/v2\/media?parent=3041"}],"curies":[{"name":"wp","href":"https:\/\/api.w.org\/{rel}","templated":true}]}}