{"id":1553,"date":"2017-08-18T16:09:16","date_gmt":"2017-08-18T14:09:16","guid":{"rendered":"http:\/\/proyectoiberico.pl\/strona-glowna\/"},"modified":"2025-10-06T05:30:00","modified_gmt":"2025-10-06T03:30:00","slug":"proyecto-iberico","status":"publish","type":"page","link":"https:\/\/proyectoiberico.pl\/es\/","title":{"rendered":"Proyecto Ib\u00e9rico"},"content":{"rendered":"<section class=\"l-section wpb_row main-heading height_medium full_height valign_center\"><div class=\"l-section-h i-cf\"><div class=\"g-cols vc_row via_flex valign_top type_default stacking_default\"><div class=\"vc_col-sm-12 wpb_column vc_column_container has_text_color\"><div class=\"vc_column-inner us_custom_6df4bc3a\"><div class=\"wpb_wrapper\"><div class=\"g-cols wpb_row via_flex valign_top type_default stacking_default\"><div class=\"vc_col-sm-12 wpb_column vc_column_container\"><div class=\"vc_column-inner\"><div class=\"wpb_wrapper\"><div class=\"w-image align_center\"><div class=\"w-image-h\"><img decoding=\"async\" width=\"85\" height=\"85\" src=\"https:\/\/proyectoiberico.pl\/wp-content\/uploads\/2017\/08\/praktyki.png\" class=\"attachment-full size-full\" alt=\"\" loading=\"lazy\" \/><\/div><\/div><\/div><\/div><\/div><\/div><div class=\"wpb_text_column p-font-large text-center\"><div class=\"wpb_wrapper\"><p>Pr\u00e1cticas<\/p>\n<\/div><\/div><div class=\"wpb_text_column text-center\"><div class=\"wpb_wrapper\"><p>en Polonia y Espa\u00f1a<\/p>\n<\/div><\/div><div class=\"w-hwrapper praktyki-btns valign_top wrap align_center\" style=\"--hwrapper-gap:2.2rem\"><div class=\"w-btn-wrapper align_center\"><a class=\"w-btn us-btn-style_4 us_custom_f73f4019\" href=\"https:\/\/proyectoiberico.pl\/es\/practicas-para-extranjeros-en-cracovia-y-varsovia\/\"><span class=\"w-btn-label\">Pr\u00e1cticas en Polonia<\/span><\/a><\/div><div class=\"w-btn-wrapper align_center\"><a class=\"w-btn us-btn-style_4 us_custom_f73f4019\" title=\"Practice in Gran Canaria\" href=\"https:\/\/proyectoiberico.pl\/es\/practicas-en-gran-canaria\/\"><span class=\"w-btn-label\">Pr\u00e1cticas en Espa\u00f1a<\/span><\/a><\/div><\/div><div class=\"w-image us_custom_86316a03 align_none has_bg_color\"><div class=\"w-image-h\"><img decoding=\"async\" width=\"1024\" height=\"302\" src=\"https:\/\/proyectoiberico.pl\/wp-content\/uploads\/2025\/09\/efvet-1024x302.png\" class=\"attachment-large size-large\" alt=\"\" loading=\"lazy\" srcset=\"https:\/\/proyectoiberico.pl\/wp-content\/uploads\/2025\/09\/efvet-1024x302.png 1024w, https:\/\/proyectoiberico.pl\/wp-content\/uploads\/2025\/09\/efvet-300x88.png 300w, https:\/\/proyectoiberico.pl\/wp-content\/uploads\/2025\/09\/efvet-600x177.png 600w, https:\/\/proyectoiberico.pl\/wp-content\/uploads\/2025\/09\/efvet-768x226.png 768w, https:\/\/proyectoiberico.pl\/wp-content\/uploads\/2025\/09\/efvet.png 1582w\" sizes=\"auto, (max-width: 1024px) 100vw, 1024px\" \/><\/div><\/div><\/div><\/div><\/div><\/div><\/div><\/section><!-- Row Backgrounds --><div class=\"upb_bg_img\" data-ultimate-bg=\"url(https:\/\/proyectoiberico.pl\/wp-content\/uploads\/2017\/08\/zdj-glowne.jpg)\" data-image-id=\"id^16|url^http:\/\/proyectoiberico.pl\/wp-content\/uploads\/2017\/08\/zdj-glowne.jpg|caption^null|alt^null|title^zdj glowne|description^null\" data-ultimate-bg-style=\"vcpb-vz-jquery\" data-bg-img-repeat=\"no-repeat\" data-bg-img-size=\"cover\" data-bg-img-position=\"\" data-parallx_sense=\"30\" data-bg-override=\"0\" data-bg_img_attach=\"scroll\" data-upb-overlay-color=\"\" data-upb-bg-animation=\"\" data-fadeout=\"\" data-bg-animation=\"left-animation\" data-bg-animation-type=\"h\" data-animation-repeat=\"repeat\" data-fadeout-percentage=\"30\" data-parallax-content=\"\" data-parallax-content-sense=\"30\" data-row-effect-mobile-disable=\"true\" data-img-parallax-mobile-disable=\"true\" data-rtl=\"false\"  data-custom-vc-row=\"\"  data-vc=\"8.7.2\"  data-is_old_vc=\"\"  data-theme-support=\"\"   data-overlay=\"false\" data-overlay-color=\"\" data-overlay-pattern=\"\" data-overlay-pattern-opacity=\"\" data-overlay-pattern-size=\"\"    ><\/div><section class=\"l-section wpb_row proyecto-ib\u00e9rico height_large\"><div class=\"l-section-h i-cf\"><div class=\"g-cols vc_row via_flex valign_middle type_default stacking_default\"><div class=\"vc_col-sm-6 wpb_column vc_column_container pr-special\"><div class=\"vc_column-inner\"><div class=\"wpb_wrapper\"><div class=\"wpb_text_column\"><div class=\"wpb_wrapper\"><h1>Proyecto Ib\u00e9rico<\/h1>\n<p>Proyecto Ib\u00e9rico es una empresa fundada en el a\u00f1o 2011 que desde su inicio cuenta con un desarrollo din\u00e1mico. Nos dedicamos entre otras cosas a organizar pr\u00e1cticas profesionales para estudiantes, coordinar los cursos de idiomas en el extranjero, as\u00ed como de organizar cursos y formaciones ling\u00fc\u00edsticas para las empresas. Realizamos tambi\u00e9n traducciones profesionales ordinarias y juradas del idioma espa\u00f1ol.<\/p>\n<p>Nuestro lema clave es la calidad. Todos los proyectos realizamos con mucho cuidado y nos confiamos \u00fanicamente en las soluciones y contratistas verificados antes personalmente.<\/p>\n<\/div><\/div><\/div><\/div><\/div><div class=\"vc_col-sm-6 wpb_column vc_column_container\"><div class=\"vc_column-inner\"><div class=\"wpb_wrapper\"><div class=\"w-image align_center\"><div class=\"w-image-h\"><img decoding=\"async\" width=\"530\" height=\"499\" src=\"https:\/\/proyectoiberico.pl\/wp-content\/uploads\/2017\/08\/grafika-polska.png\" class=\"attachment-full size-full\" alt=\"\" loading=\"lazy\" srcset=\"https:\/\/proyectoiberico.pl\/wp-content\/uploads\/2017\/08\/grafika-polska.png 530w, https:\/\/proyectoiberico.pl\/wp-content\/uploads\/2017\/08\/grafika-polska-300x282.png 300w\" sizes=\"auto, (max-width: 530px) 100vw, 530px\" \/><\/div><\/div><\/div><\/div><\/div><\/div><\/div><\/section><section class=\"l-section wpb_row contact-form height_huge with_img parallax_ver\"><div class=\"l-section-img\" role=\"img\" aria-label=\"Image\" data-img-width=\"1400\" data-img-height=\"741\" style=\"background-image: url(https:\/\/proyectoiberico.pl\/wp-content\/uploads\/2017\/08\/zdj-kontakt.jpg);background-repeat: no-repeat;\"><\/div><div class=\"l-section-h i-cf\"><div class=\"g-cols vc_row via_flex valign_middle type_default stacking_default\"><div class=\"vc_col-sm-6 wpb_column vc_column_container has_text_color\"><div class=\"vc_column-inner us_custom_6df4bc3a\"><div class=\"wpb_wrapper\"><div class=\"wpb_text_column\"><div class=\"wpb_wrapper\"><h2>Contacto<\/h2>\n<p>Ll\u00e1manos al n\u00famero <strong>+48 696 404 079<\/strong><br \/>\no escr\u00edbenos a la direcci\u00f3n <strong>info@proyectoiberico.pl<\/strong><\/p>\n<\/div><\/div><\/div><\/div><\/div><div class=\"vc_col-sm-6 wpb_column vc_column_container form-pi has_text_color\"><div class=\"vc_column-inner us_custom_6df4bc3a\"><div class=\"wpb_wrapper\"><div class=\"wpb_text_column contact-p-large text-right\"><div class=\"wpb_wrapper\"><p>Formulario<\/p>\n<\/div><\/div>\n<div class=\"wpcf7 no-js\" id=\"wpcf7-f1806-o1\" lang=\"pl-PL\" dir=\"ltr\" data-wpcf7-id=\"1806\">\n<div class=\"screen-reader-response\"><p role=\"status\" aria-live=\"polite\" aria-atomic=\"true\"><\/p> <ul><\/ul><\/div>\n<form action=\"\/es\/wp-json\/wp\/v2\/pages\/1553#wpcf7-f1806-o1\" method=\"post\" class=\"wpcf7-form init\" aria-label=\"Contact form\" novalidate=\"novalidate\" data-status=\"init\">\n<fieldset class=\"hidden-fields-container\"><input type=\"hidden\" name=\"_wpcf7\" value=\"1806\" \/><input type=\"hidden\" name=\"_wpcf7_version\" value=\"6.1.5\" \/><input type=\"hidden\" name=\"_wpcf7_locale\" value=\"pl_PL\" \/><input type=\"hidden\" name=\"_wpcf7_unit_tag\" value=\"wpcf7-f1806-o1\" \/><input type=\"hidden\" name=\"_wpcf7_container_post\" value=\"0\" \/><input type=\"hidden\" name=\"_wpcf7_posted_data_hash\" value=\"\" \/><input type=\"hidden\" name=\"_wpcf7_recaptcha_response\" value=\"\" \/>\n<\/fieldset>\n<p><span class=\"wpcf7-form-control-wrap\" data-name=\"your-name\"><input size=\"40\" maxlength=\"400\" class=\"wpcf7-form-control wpcf7-text wpcf7-validates-as-required\" aria-required=\"true\" aria-invalid=\"false\" placeholder=\"Nombre y apellido\" value=\"\" type=\"text\" name=\"your-name\" \/><\/span>\n<\/p>\n<p><span class=\"wpcf7-form-control-wrap\" data-name=\"your-email\"><input size=\"40\" maxlength=\"400\" class=\"wpcf7-form-control wpcf7-email wpcf7-validates-as-required wpcf7-text wpcf7-validates-as-email\" aria-required=\"true\" aria-invalid=\"false\" placeholder=\"Direcci\u00f3n de correo electr\u00f3nico\" value=\"\" type=\"email\" name=\"your-email\" \/><\/span>\n<\/p>\n<p><span class=\"wpcf7-form-control-wrap\" data-name=\"your-message\"><textarea cols=\"40\" rows=\"10\" maxlength=\"2000\" class=\"wpcf7-form-control wpcf7-textarea\" aria-invalid=\"false\" placeholder=\"Mensaje...\" name=\"your-message\"><\/textarea><\/span>\n<\/p>\n<p><input class=\"wpcf7-form-control wpcf7-submit has-spinner\" type=\"submit\" value=\"ENVIAR\" \/>\n<\/p><div class=\"wpcf7-response-output\" aria-hidden=\"true\"><\/div>\n<\/form>\n<\/div>\n<\/div><\/div><\/div><\/div><\/div><\/section>\n","protected":false},"excerpt":{"rendered":"Pr\u00e1cticas en Polonia y Espa\u00f1a Pr\u00e1cticas en PoloniaPr\u00e1cticas en Espa\u00f1aProyecto Ib\u00e9rico Proyecto Ib\u00e9rico es una empresa fundada en el a\u00f1o 2011 que desde su inicio cuenta con un desarrollo din\u00e1mico. Nos dedicamos entre otras cosas a organizar pr\u00e1cticas profesionales para estudiantes, coordinar los cursos de idiomas en el extranjero, as\u00ed como de organizar cursos y...","protected":false},"author":1,"featured_media":0,"parent":0,"menu_order":0,"comment_status":"closed","ping_status":"closed","template":"","meta":{"footnotes":""},"class_list":["post-1553","page","type-page","status-publish","hentry"],"_links":{"self":[{"href":"https:\/\/proyectoiberico.pl\/es\/wp-json\/wp\/v2\/pages\/1553","targetHints":{"allow":["GET"]}}],"collection":[{"href":"https:\/\/proyectoiberico.pl\/es\/wp-json\/wp\/v2\/pages"}],"about":[{"href":"https:\/\/proyectoiberico.pl\/es\/wp-json\/wp\/v2\/types\/page"}],"author":[{"embeddable":true,"href":"https:\/\/proyectoiberico.pl\/es\/wp-json\/wp\/v2\/users\/1"}],"replies":[{"embeddable":true,"href":"https:\/\/proyectoiberico.pl\/es\/wp-json\/wp\/v2\/comments?post=1553"}],"version-history":[{"count":5,"href":"https:\/\/proyectoiberico.pl\/es\/wp-json\/wp\/v2\/pages\/1553\/revisions"}],"predecessor-version":[{"id":3132,"href":"https:\/\/proyectoiberico.pl\/es\/wp-json\/wp\/v2\/pages\/1553\/revisions\/3132"}],"wp:attachment":[{"href":"https:\/\/proyectoiberico.pl\/es\/wp-json\/wp\/v2\/media?parent=1553"}],"curies":[{"name":"wp","href":"https:\/\/api.w.org\/{rel}","templated":true}]}}