{"id":1549,"date":"2017-08-27T20:47:48","date_gmt":"2017-08-27T18:47:48","guid":{"rendered":"http:\/\/proyectoiberico.pl\/praktyki-dla-obcokrajowcow-w-warszawie-i-krakowie\/oferta\/"},"modified":"2025-07-29T21:18:44","modified_gmt":"2025-07-29T19:18:44","slug":"por-que-nosotros","status":"publish","type":"page","link":"https:\/\/proyectoiberico.pl\/es\/practicas-para-extranjeros-en-cracovia-y-varsovia\/por-que-nosotros\/","title":{"rendered":"\u00bfPor qu\u00e9 nosotros?"},"content":{"rendered":"<section class=\"l-section wpb_row practice-main height_large with_img\"><div class=\"l-section-img\" role=\"img\" aria-label=\"Image\" data-img-width=\"1400\" data-img-height=\"360\" style=\"background-image: url(https:\/\/proyectoiberico.pl\/wp-content\/uploads\/2017\/08\/naglowek.jpg);background-repeat: no-repeat;\"><\/div><div class=\"l-section-overlay\" style=\"background:rgba(0,0,0,0.14)\"><\/div><div class=\"l-section-h i-cf\"><div class=\"g-cols vc_row via_flex valign_top type_default stacking_default\"><div class=\"vc_col-sm-12 wpb_column vc_column_container has_text_color\"><div class=\"vc_column-inner us_custom_6df4bc3a\"><div class=\"wpb_wrapper\"><div class=\"wpb_text_column text-center our-offer-h1\"><div class=\"wpb_wrapper\"><p>Nuestra oferta<\/p>\n<\/div><\/div><\/div><\/div><\/div><\/div><\/div><\/section><section class=\"l-section wpb_row bg-img-krk height_large with_img parallax_fixed\"><div class=\"l-section-img\" role=\"img\" aria-label=\"Image\" data-img-width=\"480\" data-img-height=\"554\" style=\"background-image: url(https:\/\/proyectoiberico.pl\/wp-content\/uploads\/2017\/08\/duza-grafika-ucieta-polska.png);background-position: center right;background-repeat: no-repeat;background-size: auto;\"><\/div><div class=\"l-section-h i-cf\"><div class=\"g-cols vc_row via_flex valign_top type_default stacking_default\"><div class=\"vc_col-sm-3 wpb_column vc_column_container\"><div class=\"vc_column-inner\"><div class=\"wpb_wrapper\"><div class=\"wpb_text_column text-center pad-offer-h2\"><div class=\"wpb_wrapper\"><h2>Oferta<\/h2>\n<\/div><\/div>[vc_wp_custommenu nav_menu=&#8221;9&#8243; el_class=&#8221;menu-offer&#8221;]<\/div><\/div><\/div><div class=\"vc_col-sm-7 wpb_column vc_column_container our-offer-pad\"><div class=\"vc_column-inner\"><div class=\"wpb_wrapper\"><div class=\"wpb_text_column\"><div class=\"wpb_wrapper\"><h1>\u00bfPor qu\u00e9 nosotros?<\/h1>\n<\/div><\/div><div class=\"g-cols wpb_row us_custom_ec1e580b via_flex valign_top type_default stacking_default\"><div class=\"vc_col-sm-4 wpb_column vc_column_container\"><div class=\"vc_column-inner\"><div class=\"wpb_wrapper\"><div class=\"w-image align_center\"><div class=\"w-image-h\"><img decoding=\"async\" width=\"90\" height=\"80\" src=\"https:\/\/proyectoiberico.pl\/wp-content\/uploads\/2017\/08\/oferta3.png\" class=\"attachment-full size-full\" alt=\"\" loading=\"lazy\" \/><\/div><\/div><div class=\"wpb_text_column dlaczegomy-text\"><div class=\"wpb_wrapper\"><p>14 a\u00f1os<br \/>\n<span class=\"pfc\">de experiencia<\/span><\/p>\n<\/div><\/div><\/div><\/div><\/div><div class=\"vc_col-sm-4 wpb_column vc_column_container\"><div class=\"vc_column-inner\"><div class=\"wpb_wrapper\"><div class=\"w-image align_center\"><div class=\"w-image-h\"><img decoding=\"async\" width=\"90\" height=\"80\" src=\"https:\/\/proyectoiberico.pl\/wp-content\/uploads\/2017\/08\/oferta2.png\" class=\"attachment-full size-full\" alt=\"\" loading=\"lazy\" \/><\/div><\/div><div class=\"wpb_text_column dlaczegomy-text\"><div class=\"wpb_wrapper\"><p>M\u00e1s de 2000<br \/>\n<span class=\"pfc\">clientes satisfechos<\/span><\/p>\n<\/div><\/div><\/div><\/div><\/div><div class=\"vc_col-sm-4 wpb_column vc_column_container\"><div class=\"vc_column-inner\"><div class=\"wpb_wrapper\"><div class=\"w-image align_center\"><div class=\"w-image-h\"><img decoding=\"async\" width=\"90\" height=\"80\" src=\"https:\/\/proyectoiberico.pl\/wp-content\/uploads\/2017\/08\/oferta1.png\" class=\"attachment-full size-full\" alt=\"\" loading=\"lazy\" \/><\/div><\/div><div class=\"wpb_text_column dlaczegomy-text\"><div class=\"wpb_wrapper\"><p>Servicio<br \/>\n<span class=\"pfc\">de alta calidad<\/span><\/p>\n<\/div><\/div><\/div><\/div><\/div><\/div><div class=\"wpb_text_column pad-t-our-offer\"><div class=\"wpb_wrapper\"><p>Somos especialistas en el \u00e1mbito de la organizaci\u00f3n de pr\u00e1cticas profesionales en Polonia para los estudiantes y alumnos extranjeros. Gracias a nuestra amplia experiencia cada a\u00f1o recibimos m\u00e1s de 300 estudiantes. Nuestro conocimiento de idiomas extranjeros nos hace posible comunicarnos f\u00e1cilmente con todos los participantes del intercambio y as\u00ed somos capaces de proponer empresas adecuadas para cada tipo de perfil de estudiantes.<\/p>\n<p>Lo que nos distingue<\/p>\n<\/div><\/div><div class=\"w-tabs accordion-our-offer style_default switch_click accordion has_scrolling\" style=\"--sections-title-size:inherit\"><div class=\"w-tabs-sections titles-align_none icon_chevron cpos_right\"><div class=\"w-tabs-section\" id=\"ye95\"><button class=\"w-tabs-section-header\" aria-controls=\"content-ye95\" aria-expanded=\"false\"><h3 class=\"w-tabs-section-title\">Varios a\u00f1os de experiencia<\/h3><div class=\"w-tabs-section-control\"><\/div><\/button><div  class=\"w-tabs-section-content\" id=\"content-ye95\"><div class=\"w-tabs-section-content-h i-cf\"><div class=\"wpb_text_column\"><div class=\"wpb_wrapper\"><p>que nos permite garantizamos asistencia en los asuntos relacionados con toda la documentaci\u00f3n necesaria relacionada con el programa Erasmus+, lo que facilita mucho el trabajo de los coordinadores del intercambio de parte de las entidades de formaci\u00f3n as\u00ed como a las empresas que asignan plazas de pr\u00e1cticas para los estudiantes.<\/p>\n<\/div><\/div><\/div><\/div><\/div><div class=\"w-tabs-section\" id=\"df74\"><button class=\"w-tabs-section-header\" aria-controls=\"content-df74\" aria-expanded=\"false\"><h3 class=\"w-tabs-section-title\">Hablamos tu idioma<\/h3><div class=\"w-tabs-section-control\"><\/div><\/button><div  class=\"w-tabs-section-content\" id=\"content-df74\"><div class=\"w-tabs-section-content-h i-cf\"><div class=\"wpb_text_column\"><div class=\"wpb_wrapper\"><p>Hoy en d\u00eda pr\u00e1cticamente todo el mundo habla ingl\u00e9s. Nosotros hemos dado un paso m\u00e1s, adem\u00e1s de conocer el ingl\u00e9s, hablamos tambi\u00e9n el idioma de nuestros estudiantes: conocemos espa\u00f1ol, portugu\u00e9s y polaco. Nos damos cuenta de que nada facilita tanto el proceso de las pr\u00e1cticas como una comunicaci\u00f3n sin fallos. Las entidades de formaci\u00f3n con las que colaboramos as\u00ed como los mismos estudiantes valoran mucho este hecho.<\/p>\n<\/div><\/div><\/div><\/div><\/div><div class=\"w-tabs-section\" id=\"c04d\"><button class=\"w-tabs-section-header\" aria-controls=\"content-c04d\" aria-expanded=\"false\"><h3 class=\"w-tabs-section-title\">Somos un equipo de especialistas cualificados<\/h3><div class=\"w-tabs-section-control\"><\/div><\/button><div  class=\"w-tabs-section-content\" id=\"content-c04d\"><div class=\"w-tabs-section-content-h i-cf\"><div class=\"wpb_text_column\"><div class=\"wpb_wrapper\"><p>En nuestro equipo tenemos personas licenciadas en las Carreras filol\u00f3gicas, psicolog\u00eda, inform\u00e1tica, arquitectura y dise\u00f1o interior.<br \/>\nGracias a esto podemos adecuadamente asignar estudiantes y sus perfiles a las empresas de acogida con las cuales colaboramos.<\/p>\n<\/div><\/div><\/div><\/div><\/div><div class=\"w-tabs-section\" id=\"q116\"><button class=\"w-tabs-section-header\" aria-controls=\"content-q116\" aria-expanded=\"false\"><h3 class=\"w-tabs-section-title\">Una base amplia de empresas colaboradoras<\/h3><div class=\"w-tabs-section-control\"><\/div><\/button><div  class=\"w-tabs-section-content\" id=\"content-q116\"><div class=\"w-tabs-section-content-h i-cf\"><div class=\"wpb_text_column\"><div class=\"wpb_wrapper\"><p>Varios a\u00f1os de experiencia nos ha permitido crear una base muy amplia de empresas socios. S\u00f3lo en Cracovia y Varsovia hay m\u00e1s de 500 empresas que confiaron con nosotros y participaron en nuestro programa.<\/p>\n<\/div><\/div><\/div><\/div><\/div><div class=\"w-tabs-section\" id=\"x1ca\"><button class=\"w-tabs-section-header\" aria-controls=\"content-x1ca\" aria-expanded=\"false\"><h3 class=\"w-tabs-section-title\">Asistencia 24 horas al d\u00eda, 7 d\u00edas a la semana<\/h3><div class=\"w-tabs-section-control\"><\/div><\/button><div  class=\"w-tabs-section-content\" id=\"content-x1ca\"><div class=\"w-tabs-section-content-h i-cf\"><div class=\"wpb_text_column\"><div class=\"wpb_wrapper\"><p>Durante la estancia en el extranjero tanto los estudiantes como sus padres tienen que estar seguros de que en un caso de emergencia habr\u00e1 algui\u00e9n para prestarles asistencia. Esto les proporciona una sensaci\u00f3n de seguridad.<\/p>\n<\/div><\/div><\/div><\/div><\/div><div class=\"w-tabs-section\" id=\"n277\"><button class=\"w-tabs-section-header\" aria-controls=\"content-n277\" aria-expanded=\"false\"><h3 class=\"w-tabs-section-title\">Sabemos casi todo sobre el programa Erasmus<\/h3><div class=\"w-tabs-section-control\"><\/div><\/button><div  class=\"w-tabs-section-content\" id=\"content-n277\"><div class=\"w-tabs-section-content-h i-cf\"><div class=\"wpb_text_column\"><div class=\"wpb_wrapper\"><p>Todos los miembros de nuestro equipo, cuando todav\u00eda eran estudiantes, participaron personalmente en el programa de becas Erasmus. Gracias a estas experiencias sabemos cu\u00e1les son las preocupaciones y problemas m\u00e1s frecuentes relacionados no s\u00f3lo con las mismas pr\u00e1cticas, sino tambi\u00e9n con una vida normal del d\u00eda a d\u00eda en el extranjero, fuera de tu casa.<\/p>\n<\/div><\/div><\/div><\/div><\/div><div class=\"w-tabs-section\" id=\"i32a\"><button class=\"w-tabs-section-header\" aria-controls=\"content-i32a\" aria-expanded=\"false\"><h3 class=\"w-tabs-section-title\">Nos encanta nuestro trabajo<\/h3><div class=\"w-tabs-section-control\"><\/div><\/button><div  class=\"w-tabs-section-content\" id=\"content-i32a\"><div class=\"w-tabs-section-content-h i-cf\"><div class=\"wpb_text_column\"><div class=\"wpb_wrapper\"><p>gracias a esto es como si no trabaj\u00e1ramos.<br \/>\nEl contacto con personas j\u00f3venes de pa\u00edses diferentes, el uso diario de idiomas y la satisfacci\u00f3n y sonrisa de nuestros clientes son los elementos que constituyen un incentivo muy fuerte para trabajar.<\/p>\n<\/div><\/div><\/div><\/div><\/div><div class=\"w-tabs-section\" id=\"r3d4\"><button class=\"w-tabs-section-header\" aria-controls=\"content-r3d4\" aria-expanded=\"false\"><h3 class=\"w-tabs-section-title\">Precios competitivos<\/h3><div class=\"w-tabs-section-control\"><\/div><\/button><div  class=\"w-tabs-section-content\" id=\"content-r3d4\"><div class=\"w-tabs-section-content-h i-cf\"><div class=\"wpb_text_column\"><div class=\"wpb_wrapper\"><p>Nos damos cuenta de que el grupo de nuestros clientes est\u00e1 compuesto sobre todo por los estudiantes, personas que se encuentran en el inicio de su carrera profesional, por esta raz\u00f3n adaptamos nuestros precios a sus expectativas.<\/p>\n<\/div><\/div><\/div><\/div><\/div><div class=\"w-tabs-section\" id=\"m47e\"><button class=\"w-tabs-section-header\" aria-controls=\"content-m47e\" aria-expanded=\"false\"><h3 class=\"w-tabs-section-title\">Nuestros estudiantes son mucho m\u00e1s que las cifras<\/h3><div class=\"w-tabs-section-control\"><\/div><\/button><div  class=\"w-tabs-section-content\" id=\"content-m47e\"><div class=\"w-tabs-section-content-h i-cf\"><div class=\"wpb_text_column\"><div class=\"wpb_wrapper\"><p>son personas independientes y muy diversas. Sabemos que cada uno es diferente, tiene otras capacidades, otros rasgos de car\u00e1cter, preocupaciones diferentes, por esta raz\u00f3n tratamos a cada estudiantes de una manera individual.<\/p>\n<\/div><\/div><\/div><\/div><\/div><\/div><\/div><\/div><\/div><\/div><\/div><\/div><\/section>\n","protected":false},"excerpt":{"rendered":"Nuestra oferta Oferta [vc_wp_custommenu nav_menu=\"9\" el_class=\"menu-offer\"]\u00bfPor qu\u00e9 nosotros? 14 a\u00f1os de experiencia M\u00e1s de 2000 clientes satisfechos Servicio de alta calidad Somos especialistas en el \u00e1mbito de la organizaci\u00f3n de pr\u00e1cticas profesionales en Polonia para los estudiantes y alumnos extranjeros. Gracias a nuestra amplia experiencia cada a\u00f1o recibimos m\u00e1s de 300 estudiantes. Nuestro conocimiento de...","protected":false},"author":1,"featured_media":0,"parent":1401,"menu_order":0,"comment_status":"closed","ping_status":"closed","template":"","meta":{"footnotes":""},"class_list":["post-1549","page","type-page","status-publish","hentry"],"_links":{"self":[{"href":"https:\/\/proyectoiberico.pl\/es\/wp-json\/wp\/v2\/pages\/1549","targetHints":{"allow":["GET"]}}],"collection":[{"href":"https:\/\/proyectoiberico.pl\/es\/wp-json\/wp\/v2\/pages"}],"about":[{"href":"https:\/\/proyectoiberico.pl\/es\/wp-json\/wp\/v2\/types\/page"}],"author":[{"embeddable":true,"href":"https:\/\/proyectoiberico.pl\/es\/wp-json\/wp\/v2\/users\/1"}],"replies":[{"embeddable":true,"href":"https:\/\/proyectoiberico.pl\/es\/wp-json\/wp\/v2\/comments?post=1549"}],"version-history":[{"count":3,"href":"https:\/\/proyectoiberico.pl\/es\/wp-json\/wp\/v2\/pages\/1549\/revisions"}],"predecessor-version":[{"id":3116,"href":"https:\/\/proyectoiberico.pl\/es\/wp-json\/wp\/v2\/pages\/1549\/revisions\/3116"}],"up":[{"embeddable":true,"href":"https:\/\/proyectoiberico.pl\/es\/wp-json\/wp\/v2\/pages\/1401"}],"wp:attachment":[{"href":"https:\/\/proyectoiberico.pl\/es\/wp-json\/wp\/v2\/media?parent=1549"}],"curies":[{"name":"wp","href":"https:\/\/api.w.org\/{rel}","templated":true}]}}