{"id":1456,"date":"2017-08-22T14:03:31","date_gmt":"2017-08-22T12:03:31","guid":{"rendered":"http:\/\/proyectoiberico.pl\/praktyki-dla-obcokrajowcow-w-warszawie-i-krakowie\/praktyki-warszawa\/"},"modified":"2021-10-19T18:30:43","modified_gmt":"2021-10-19T16:30:43","slug":"practicas-en-varsovia","status":"publish","type":"page","link":"https:\/\/proyectoiberico.pl\/es\/practicas-para-extranjeros-en-cracovia-y-varsovia\/practicas-en-varsovia\/","title":{"rendered":"Pr\u00e1cticas en Varsovia"},"content":{"rendered":"<section class=\"l-section wpb_row practice-main height_large with_img\"><div class=\"l-section-img\" role=\"img\" aria-label=\"Image\" data-img-width=\"1400\" data-img-height=\"360\" style=\"background-image: url(https:\/\/proyectoiberico.pl\/wp-content\/uploads\/2017\/08\/praktyki-warszawa-naglowek.jpg);background-repeat: no-repeat;\"><\/div><div class=\"l-section-overlay\" style=\"background:rgba(0,0,0,0.14)\"><\/div><div class=\"l-section-h i-cf\"><div class=\"g-cols vc_row via_flex valign_top type_default stacking_default\"><div class=\"vc_col-sm-12 wpb_column vc_column_container has_text_color\"><div class=\"vc_column-inner us_custom_6df4bc3a\"><div class=\"wpb_wrapper\"><div class=\"wpb_text_column text-center city-h1\"><div class=\"wpb_wrapper\"><h1>Pr\u00e1cticas en Varsovia<\/h1>\n<\/div><\/div><\/div><\/div><\/div><\/div><\/div><\/section><section class=\"l-section wpb_row us_custom_69ad910b city-pad index-city height_auto width_full with_img\"><div class=\"l-section-img\" role=\"img\" aria-label=\"Image\" data-img-width=\"250\" data-img-height=\"653\" style=\"background-image: url(https:\/\/proyectoiberico.pl\/wp-content\/uploads\/2017\/08\/herb-wwa.png);background-position: center right;background-repeat: no-repeat;background-size: auto;\"><\/div><div class=\"l-section-h i-cf\"><div class=\"g-cols vc_row via_flex valign_middle type_default stacking_default\"><div class=\"vc_col-sm-8 wpb_column vc_column_container padding-l-calc has_bg_color\"><div class=\"vc_column-inner us_custom_4fb9e5a3\"><div class=\"wpb_wrapper\"><div class=\"wpb_text_column\"><div class=\"wpb_wrapper\"><h2>Varsovia<br \/>\n<span class=\"miasto-mniejsze\">&#8211; pr\u00e1cticas en la capital de Polonia<\/span><\/h2>\n<p>Varsovia es la ciudad m\u00e1s grande de Polonia y la capital de nuestro pa\u00eds que sigue desarroll\u00e1ndose de una manera muy din\u00e1mica. Es el centro de eventos econ\u00f3micos, pol\u00edticos y culturales.<\/p>\n<p>Muchos turistas al planear su viaje por Polonia a menudo omiten Varsovia en sus planes o bien la tratan s\u00f3lo como un punto de enlace. Es un error. Varsovia tiene mucho que ofrecer: monumentos y museos interesantes, as\u00ed como un mont\u00f3n de lugares muy agradables para pasar el tiempo libre. Varsovia es un centro de negocios lleno de vida y al mismo tiempo es una ciudad de cultura muy interesante con una historia tempestuosa y fascinante. 1\/4 de la superficie de la ciudad est\u00e1 cubierta con zonas verdes encantadoras donde los ciudadanos de la capital practican deportes y pasean cuando hace buen tiempo. Varsovia cuenta tambi\u00e9n con una amplia oferta de gastronom\u00eda y ocio: cada uno encontrar\u00e1 algo a su gusto entre la extensa gama de restaurantes, bares y clubs de Varsovia.<\/p>\n<p>Varsovia significa tambi\u00e9n un mercado laboral din\u00e1mico y un centro de desarrollo de negocios, por esta raz\u00f3n como destino para realizar pr\u00e1cticas laborales tiene mucho que ofrecer.<\/p>\n<\/div><\/div><\/div><\/div><\/div><div class=\"vc_col-sm-4 wpb_column vc_column_container padding-r-calc\"><div class=\"vc_column-inner us_custom_7a5305c6\"><div class=\"wpb_wrapper\"><div class=\"wpb_text_column\"><div class=\"wpb_wrapper\"><p><strong>Ubicaci\u00f3n:<\/strong><br \/>\nen el centro de Polonia,<br \/>\nes la capital de la Regi\u00f3n de Mazovia (Mazowsze)<\/p>\n<p><strong>Poblaci\u00f3n:<\/strong><br \/>\n1 745 mil<\/p>\n<p><strong>Superficie:<\/strong><br \/>\n517 km2<\/p>\n<p><strong>Informaci\u00f3n adicional:<\/strong><br \/>\naprox. 300 km a Cracovia<br \/>\n(2 h 20 min en tren),<br \/>\naprox. 400 km a Gda\u0144sk y la<br \/>\ncosta del Mar B\u00e1ltico (2 h 40 min en tren)<\/p>\n<\/div><\/div><\/div><\/div><\/div><\/div><\/div><\/section><section class=\"l-section wpb_row cta-main height_large with_img\"><div class=\"l-section-img\" role=\"img\" aria-label=\"Image\" data-img-width=\"1400\" data-img-height=\"350\" style=\"background-image: url(https:\/\/proyectoiberico.pl\/wp-content\/uploads\/2017\/08\/praktyki-cta-krakow.jpg);background-repeat: no-repeat;\"><\/div><div class=\"l-section-h i-cf\"><div class=\"g-cols vc_row via_flex valign_middle type_default stacking_default\"><div class=\"vc_col-sm-8 wpb_column vc_column_container has_text_color\"><div class=\"vc_column-inner us_custom_6df4bc3a\"><div class=\"wpb_wrapper\"><div class=\"wpb_text_column text-center pacifico-duze\"><div class=\"wpb_wrapper\"><p>M\u00e1s informaci\u00f3n sobre las pr\u00e1cticas en Cracovia!<\/p>\n<\/div><\/div><\/div><\/div><\/div><div class=\"vc_col-sm-4 wpb_column vc_column_container\"><div class=\"vc_column-inner\"><div class=\"wpb_wrapper\"><div class=\"w-btn-wrapper align_none\"><a class=\"w-btn us-btn-style_4 us_custom_f73f4019\" href=\"https:\/\/proyectoiberico.pl\/es\/practicas-para-extranjeros-en-cracovia-y-varsovia\/practicas-en-cracovia\/\"><span class=\"w-btn-label\">M\u00c1S INFORMACI\u00d3N<\/span><\/a><\/div><\/div><\/div><\/div><\/div><\/div><\/section>\n","protected":false},"excerpt":{"rendered":"Pr\u00e1cticas en Varsovia Varsovia &#8211; pr\u00e1cticas en la capital de Polonia Varsovia es la ciudad m\u00e1s grande de Polonia y la capital de nuestro pa\u00eds que sigue desarroll\u00e1ndose de una manera muy din\u00e1mica. Es el centro de eventos econ\u00f3micos, pol\u00edticos y culturales. Muchos turistas al planear su viaje por Polonia a menudo omiten Varsovia en...","protected":false},"author":1,"featured_media":0,"parent":1401,"menu_order":0,"comment_status":"closed","ping_status":"closed","template":"","meta":{"footnotes":""},"class_list":["post-1456","page","type-page","status-publish","hentry"],"_links":{"self":[{"href":"https:\/\/proyectoiberico.pl\/es\/wp-json\/wp\/v2\/pages\/1456","targetHints":{"allow":["GET"]}}],"collection":[{"href":"https:\/\/proyectoiberico.pl\/es\/wp-json\/wp\/v2\/pages"}],"about":[{"href":"https:\/\/proyectoiberico.pl\/es\/wp-json\/wp\/v2\/types\/page"}],"author":[{"embeddable":true,"href":"https:\/\/proyectoiberico.pl\/es\/wp-json\/wp\/v2\/users\/1"}],"replies":[{"embeddable":true,"href":"https:\/\/proyectoiberico.pl\/es\/wp-json\/wp\/v2\/comments?post=1456"}],"version-history":[{"count":0,"href":"https:\/\/proyectoiberico.pl\/es\/wp-json\/wp\/v2\/pages\/1456\/revisions"}],"up":[{"embeddable":true,"href":"https:\/\/proyectoiberico.pl\/es\/wp-json\/wp\/v2\/pages\/1401"}],"wp:attachment":[{"href":"https:\/\/proyectoiberico.pl\/es\/wp-json\/wp\/v2\/media?parent=1456"}],"curies":[{"name":"wp","href":"https:\/\/api.w.org\/{rel}","templated":true}]}}