{"id":1448,"date":"2017-08-21T17:25:35","date_gmt":"2017-08-21T15:25:35","guid":{"rendered":"http:\/\/proyectoiberico.pl\/praktyki-zawodowe\/"},"modified":"2021-10-19T18:30:43","modified_gmt":"2021-10-19T16:30:43","slug":"practicas-profesionales","status":"publish","type":"page","link":"https:\/\/proyectoiberico.pl\/es\/practicas-para-extranjeros-en-cracovia-y-varsovia\/practicas-profesionales\/","title":{"rendered":"Pr\u00e1cticas profesionales"},"content":{"rendered":"<section class=\"l-section wpb_row practice-main height_large with_img\"><div class=\"l-section-img\" role=\"img\" aria-label=\"Image\" data-img-width=\"1400\" data-img-height=\"360\" style=\"background-image: url(https:\/\/proyectoiberico.pl\/wp-content\/uploads\/2017\/08\/naglowek.jpg);background-repeat: no-repeat;\"><\/div><div class=\"l-section-h i-cf\"><div class=\"g-cols vc_row via_flex valign_top type_default stacking_default\"><div class=\"vc_col-sm-12 wpb_column vc_column_container has_text_color\"><div class=\"vc_column-inner us_custom_6df4bc3a\"><div class=\"wpb_wrapper\"><div class=\"wpb_text_column text-center our-offer-h1\"><div class=\"wpb_wrapper\"><p>Nuestra oferta<\/p>\n<\/div><\/div><\/div><\/div><\/div><\/div><\/div><\/section><section class=\"l-section wpb_row bg-img-krk height_large with_img parallax_fixed\"><div class=\"l-section-img\" role=\"img\" aria-label=\"Image\" data-img-width=\"480\" data-img-height=\"554\" style=\"background-image: url(https:\/\/proyectoiberico.pl\/wp-content\/uploads\/2017\/08\/duza-grafika-ucieta-polska.png);background-position: center right;background-repeat: no-repeat;background-size: auto;\"><\/div><div class=\"l-section-h i-cf\"><div class=\"g-cols vc_row via_flex valign_top type_default stacking_default\"><div class=\"vc_col-sm-3 wpb_column vc_column_container\"><div class=\"vc_column-inner\"><div class=\"wpb_wrapper\"><div class=\"wpb_text_column text-center pad-offer-h2\"><div class=\"wpb_wrapper\"><h2>Oferta<\/h2>\n<\/div><\/div>[vc_wp_custommenu nav_menu=&#8221;9&#8243; el_class=&#8221;menu-offer&#8221;]<\/div><\/div><\/div><div class=\"vc_col-sm-7 wpb_column vc_column_container our-offer-pad\"><div class=\"vc_column-inner\"><div class=\"wpb_wrapper\"><div class=\"wpb_text_column\"><div class=\"wpb_wrapper\"><h1>Pr\u00e1cticas profesionales<\/h1>\n<\/div><\/div><div class=\"wpb_text_column\"><div class=\"wpb_wrapper\"><p>Proyecto Ib\u00e9rico ofrece pr\u00e1cticas profesionales en Polonia para los estudiante extranjeros del sector de formaci\u00f3n profesional (VET) y tambi\u00e9n para los estudiantes universitarios.<\/p>\n<p>Somos socio de varias instituciones extranjeras para las cuales organizamos pr\u00e1cticas para numerosos perfiles de formaci\u00f3n dentro del \u00e1mbito del programa comunitario Erasmus Plus y otros programas de becas.<\/p>\n<p>Desde hace m\u00e1s de seis a\u00f1os Proyecto Ib\u00e9rico recibe en Polonia a los estudiantes extranjeros que gracias a las pr\u00e1cticas Erasmus en nuestro pa\u00eds pudieron obtener primeras experiencias profesionales, as\u00ed como desarrollar sus competencias ling\u00fc\u00edsticas y personales.<\/p>\n<p>Proyecto Ib\u00e9rico desarrolla su actividad en Cracovia y Varsovia.<\/p>\n<p>La oferta de Proyecto Ib\u00e9rico abarca los siguientes servicios:<\/p>\n<\/div><\/div><div class=\"g-cols wpb_row pad-logo via_flex valign_top type_default stacking_default\"><div class=\"vc_col-sm-4 wpb_column vc_column_container\"><div class=\"vc_column-inner\"><div class=\"wpb_wrapper\"><div class=\"w-image align_center\"><div class=\"w-image-h\"><img decoding=\"async\" width=\"80\" height=\"80\" src=\"https:\/\/proyectoiberico.pl\/wp-content\/uploads\/2017\/08\/1.png\" class=\"attachment-full size-full\" alt=\"\" loading=\"lazy\" \/><\/div><\/div><div class=\"wpb_text_column text-center\"><div class=\"wpb_wrapper\"><p>organizaci\u00f3n de las<br \/>\npr\u00e1cticas profesionales<\/p>\n<\/div><\/div><\/div><\/div><\/div><div class=\"vc_col-sm-4 wpb_column vc_column_container\"><div class=\"vc_column-inner\"><div class=\"wpb_wrapper\"><div class=\"w-image align_center\"><div class=\"w-image-h\"><img decoding=\"async\" width=\"80\" height=\"80\" src=\"https:\/\/proyectoiberico.pl\/wp-content\/uploads\/2017\/08\/2.png\" class=\"attachment-full size-full\" alt=\"\" loading=\"lazy\" \/><\/div><\/div><div class=\"wpb_text_column text-center\"><div class=\"wpb_wrapper\"><p>que incluye tambi\u00e9n la<br \/>\ntutela sobre los estudiantes<br \/>\ndurante su estancia en Polonia<\/p>\n<\/div><\/div><\/div><\/div><\/div><div class=\"vc_col-sm-4 wpb_column vc_column_container\"><div class=\"vc_column-inner\"><div class=\"wpb_wrapper\"><div class=\"w-image align_center\"><div class=\"w-image-h\"><img decoding=\"async\" width=\"80\" height=\"80\" src=\"https:\/\/proyectoiberico.pl\/wp-content\/uploads\/2017\/08\/3.png\" class=\"attachment-full size-full\" alt=\"\" loading=\"lazy\" \/><\/div><\/div><div class=\"wpb_text_column text-center\"><div class=\"wpb_wrapper\"><p>transporte del aeropuerto<\/p>\n<\/div><\/div><\/div><\/div><\/div><\/div><div class=\"g-cols wpb_row pad-logo via_flex valign_top type_default stacking_default\"><div class=\"vc_col-sm-4 wpb_column vc_column_container\"><div class=\"vc_column-inner\"><div class=\"wpb_wrapper\"><div class=\"w-image align_center\"><div class=\"w-image-h\"><img decoding=\"async\" width=\"80\" height=\"80\" src=\"https:\/\/proyectoiberico.pl\/wp-content\/uploads\/2017\/08\/4.png\" class=\"attachment-full size-full\" alt=\"\" loading=\"lazy\" \/><\/div><\/div><div class=\"wpb_text_column text-center\"><div class=\"wpb_wrapper\"><p>alojamiento<\/p>\n<\/div><\/div><\/div><\/div><\/div><div class=\"vc_col-sm-4 wpb_column vc_column_container\"><div class=\"vc_column-inner\"><div class=\"wpb_wrapper\"><div class=\"w-image align_center\"><div class=\"w-image-h\"><img decoding=\"async\" width=\"80\" height=\"80\" src=\"https:\/\/proyectoiberico.pl\/wp-content\/uploads\/2017\/08\/5.png\" class=\"attachment-full size-full\" alt=\"\" loading=\"lazy\" \/><\/div><\/div><div class=\"wpb_text_column text-center\"><div class=\"wpb_wrapper\"><p>cursos de idiomas hechos<br \/>\na medida (polaco e ingl\u00e9s)<\/p>\n<\/div><\/div><\/div><\/div><\/div><div class=\"vc_col-sm-4 wpb_column vc_column_container\"><div class=\"vc_column-inner\"><div class=\"wpb_wrapper\"><div class=\"w-image align_center\"><div class=\"w-image-h\"><img decoding=\"async\" width=\"80\" height=\"80\" src=\"https:\/\/proyectoiberico.pl\/wp-content\/uploads\/2017\/08\/6.png\" class=\"attachment-full size-full\" alt=\"\" loading=\"lazy\" \/><\/div><\/div><div class=\"wpb_text_column text-center\"><div class=\"wpb_wrapper\"><p>programa cultural<br \/>\n(excursiones, actividades tem\u00e1ticas)<\/p>\n<\/div><\/div><\/div><\/div><\/div><\/div><\/div><\/div><\/div><\/div><\/div><\/section>\n","protected":false},"excerpt":{"rendered":"Nuestra oferta Oferta [vc_wp_custommenu nav_menu=\"9\" el_class=\"menu-offer\"]Pr\u00e1cticas profesionales Proyecto Ib\u00e9rico ofrece pr\u00e1cticas profesionales en Polonia para los estudiante extranjeros del sector de formaci\u00f3n profesional (VET) y tambi\u00e9n para los estudiantes universitarios. Somos socio de varias instituciones extranjeras para las cuales organizamos pr\u00e1cticas para numerosos perfiles de formaci\u00f3n dentro del \u00e1mbito del programa comunitario Erasmus Plus y...","protected":false},"author":1,"featured_media":0,"parent":1401,"menu_order":0,"comment_status":"closed","ping_status":"closed","template":"","meta":{"footnotes":""},"class_list":["post-1448","page","type-page","status-publish","hentry"],"_links":{"self":[{"href":"https:\/\/proyectoiberico.pl\/es\/wp-json\/wp\/v2\/pages\/1448","targetHints":{"allow":["GET"]}}],"collection":[{"href":"https:\/\/proyectoiberico.pl\/es\/wp-json\/wp\/v2\/pages"}],"about":[{"href":"https:\/\/proyectoiberico.pl\/es\/wp-json\/wp\/v2\/types\/page"}],"author":[{"embeddable":true,"href":"https:\/\/proyectoiberico.pl\/es\/wp-json\/wp\/v2\/users\/1"}],"replies":[{"embeddable":true,"href":"https:\/\/proyectoiberico.pl\/es\/wp-json\/wp\/v2\/comments?post=1448"}],"version-history":[{"count":0,"href":"https:\/\/proyectoiberico.pl\/es\/wp-json\/wp\/v2\/pages\/1448\/revisions"}],"up":[{"embeddable":true,"href":"https:\/\/proyectoiberico.pl\/es\/wp-json\/wp\/v2\/pages\/1401"}],"wp:attachment":[{"href":"https:\/\/proyectoiberico.pl\/es\/wp-json\/wp\/v2\/media?parent=1448"}],"curies":[{"name":"wp","href":"https:\/\/api.w.org\/{rel}","templated":true}]}}