{"id":1440,"date":"2017-08-21T17:26:00","date_gmt":"2017-08-21T15:26:00","guid":{"rendered":"http:\/\/proyectoiberico.pl\/wizyty-nauczycieli-i-koordynatorow-programu-erasmus\/"},"modified":"2021-10-19T18:30:42","modified_gmt":"2021-10-19T16:30:42","slug":"visitas-de-profesores-y-coordinadores-del-programa-erasmus","status":"publish","type":"page","link":"https:\/\/proyectoiberico.pl\/es\/practicas-para-extranjeros-en-cracovia-y-varsovia\/visitas-de-profesores-y-coordinadores-del-programa-erasmus\/","title":{"rendered":"Visitas de profesores y coordinadores del programa Erasmus+"},"content":{"rendered":"<section class=\"l-section wpb_row practice-main height_large with_img\"><div class=\"l-section-img\" role=\"img\" aria-label=\"Image\" data-img-width=\"1400\" data-img-height=\"360\" style=\"background-image: url(https:\/\/proyectoiberico.pl\/wp-content\/uploads\/2017\/08\/naglowek.jpg);background-repeat: no-repeat;\"><\/div><div class=\"l-section-overlay\" style=\"background:rgba(0,0,0,0.14)\"><\/div><div class=\"l-section-h i-cf\"><div class=\"g-cols vc_row via_flex valign_top type_default stacking_default\"><div class=\"vc_col-sm-12 wpb_column vc_column_container has_text_color\"><div class=\"vc_column-inner us_custom_6df4bc3a\"><div class=\"wpb_wrapper\"><div class=\"wpb_text_column text-center our-offer-h1\"><div class=\"wpb_wrapper\"><p>Nuestra oferta<\/p>\n<\/div><\/div><\/div><\/div><\/div><\/div><\/div><\/section><section class=\"l-section wpb_row bg-img-krk height_large with_img parallax_fixed\"><div class=\"l-section-img\" role=\"img\" aria-label=\"Image\" data-img-width=\"480\" data-img-height=\"554\" style=\"background-image: url(https:\/\/proyectoiberico.pl\/wp-content\/uploads\/2017\/08\/duza-grafika-ucieta-polska.png);background-position: center right;background-repeat: no-repeat;background-size: auto;\"><\/div><div class=\"l-section-h i-cf\"><div class=\"g-cols vc_row via_flex valign_top type_default stacking_default\"><div class=\"vc_col-sm-3 wpb_column vc_column_container\"><div class=\"vc_column-inner\"><div class=\"wpb_wrapper\"><div class=\"wpb_text_column text-center pad-offer-h2\"><div class=\"wpb_wrapper\"><h2>Oferta<\/h2>\n<\/div><\/div>[vc_wp_custommenu nav_menu=&#8221;9&#8243; el_class=&#8221;menu-offer&#8221;]<\/div><\/div><\/div><div class=\"vc_col-sm-7 wpb_column vc_column_container our-offer-pad\"><div class=\"vc_column-inner\"><div class=\"wpb_wrapper\"><div class=\"wpb_text_column\"><div class=\"wpb_wrapper\"><h1>Visitas de profesores<br \/>\ny coordinadores del programa Erasmus+<\/h1>\n<\/div><\/div><div class=\"wpb_text_column us_custom_33c3a0a5\"><div class=\"wpb_wrapper\"><p>Proyecto Ib\u00e9rico se dedica tambi\u00e9n a organizar las visitas en Polonia de los profesores extranjeros y coordinadores del programa Erasmus y las pr\u00e1cticas profesionales realizadas por los alumnos. Durante estas visitas en Polonia visitamos las empresas d\u00f3nde realizan sus pr\u00e1cticas los estudiantes, y tambi\u00e9n organizamos reuniones con escuelas e institutos que en el futuro puedan ser socios en nuevos proyectos comunitarios.<\/p>\n<p>Organizamos toda la visita de acuerdo con las necesidades individuales. Ofrecemos tambi\u00e9n asistencia en organizar el alojamiento y el transporte del aeropuerto. A solicitud podemos tambi\u00e9n organizar las excursiones facultativas u organizar cursos intensivos de idioma hechos a medida.<\/p>\n<\/div><\/div><div class=\"w-grid us_grid type_grid layout_gallery_default cols_4 preload_style_spinner\" id=\"us_grid_1\" style=\"--columns:4;--gap:4px;\" data-filterable=\"true\"><style>@media (max-width:479px){#us_grid_1{--columns:2!important}}.layout_gallery_default .w-grid-item-h{}<\/style><div class=\"w-grid-list\">\t<article class=\"w-grid-item size_1x1 post-2890 attachment type-attachment status-inherit hentry\" data-id=\"2890\">\r\n\t\t<div class=\"w-grid-item-h\">\r\n\t\t\t\t\t\t\t<a ref=\"magnificPopupGrid\" href=\"https:\/\/proyectoiberico.pl\/wp-content\/uploads\/2017\/08\/IMG_6183-kopia.jpg\" class=\"w-grid-item-anchor\" aria-label=\"IMG_6183-kopia\"><\/a>\r\n\t\t\t\t\t\t<div class=\"w-post-elm post_image usg_post_image_1 stretched\"><img loading=\"lazy\" decoding=\"async\" width=\"300\" height=\"300\" src=\"https:\/\/proyectoiberico.pl\/wp-content\/uploads\/2017\/08\/IMG_6183-kopia-300x300.jpg\" class=\"attachment-us_300_300_crop size-us_300_300_crop\" alt=\"\" srcset=\"https:\/\/proyectoiberico.pl\/wp-content\/uploads\/2017\/08\/IMG_6183-kopia-300x300.jpg 300w, https:\/\/proyectoiberico.pl\/wp-content\/uploads\/2017\/08\/IMG_6183-kopia-150x150.jpg 150w, https:\/\/proyectoiberico.pl\/wp-content\/uploads\/2017\/08\/IMG_6183-kopia-350x350.jpg 350w\" sizes=\"auto, (max-width: 300px) 100vw, 300px\" \/><\/div>\t\t<\/div>\r\n\t\t\t<\/article>\r\n\t<article class=\"w-grid-item size_1x1 post-2894 attachment type-attachment status-inherit hentry\" data-id=\"2894\">\r\n\t\t<div class=\"w-grid-item-h\">\r\n\t\t\t\t\t\t\t<a ref=\"magnificPopupGrid\" href=\"https:\/\/proyectoiberico.pl\/wp-content\/uploads\/2017\/08\/IMG_6220-kopia.jpg\" class=\"w-grid-item-anchor\" aria-label=\"IMG_6220-kopia\"><\/a>\r\n\t\t\t\t\t\t<div class=\"w-post-elm post_image usg_post_image_1 stretched\"><img loading=\"lazy\" decoding=\"async\" width=\"300\" height=\"300\" src=\"https:\/\/proyectoiberico.pl\/wp-content\/uploads\/2017\/08\/IMG_6220-kopia-300x300.jpg\" class=\"attachment-us_300_300_crop size-us_300_300_crop\" alt=\"\" srcset=\"https:\/\/proyectoiberico.pl\/wp-content\/uploads\/2017\/08\/IMG_6220-kopia-300x300.jpg 300w, https:\/\/proyectoiberico.pl\/wp-content\/uploads\/2017\/08\/IMG_6220-kopia-150x150.jpg 150w, https:\/\/proyectoiberico.pl\/wp-content\/uploads\/2017\/08\/IMG_6220-kopia-350x350.jpg 350w\" sizes=\"auto, (max-width: 300px) 100vw, 300px\" \/><\/div>\t\t<\/div>\r\n\t\t\t<\/article>\r\n\t<article class=\"w-grid-item size_1x1 post-2896 attachment type-attachment status-inherit hentry\" data-id=\"2896\">\r\n\t\t<div class=\"w-grid-item-h\">\r\n\t\t\t\t\t\t\t<a ref=\"magnificPopupGrid\" href=\"https:\/\/proyectoiberico.pl\/wp-content\/uploads\/2017\/08\/IMG_6223-kopia.jpg\" class=\"w-grid-item-anchor\" aria-label=\"IMG_6223-kopia\"><\/a>\r\n\t\t\t\t\t\t<div class=\"w-post-elm post_image usg_post_image_1 stretched\"><img loading=\"lazy\" decoding=\"async\" width=\"300\" height=\"300\" src=\"https:\/\/proyectoiberico.pl\/wp-content\/uploads\/2017\/08\/IMG_6223-kopia-300x300.jpg\" class=\"attachment-us_300_300_crop size-us_300_300_crop\" alt=\"\" srcset=\"https:\/\/proyectoiberico.pl\/wp-content\/uploads\/2017\/08\/IMG_6223-kopia-300x300.jpg 300w, https:\/\/proyectoiberico.pl\/wp-content\/uploads\/2017\/08\/IMG_6223-kopia-150x150.jpg 150w, https:\/\/proyectoiberico.pl\/wp-content\/uploads\/2017\/08\/IMG_6223-kopia-350x350.jpg 350w\" sizes=\"auto, (max-width: 300px) 100vw, 300px\" \/><\/div>\t\t<\/div>\r\n\t\t\t<\/article>\r\n\t<article class=\"w-grid-item size_1x1 post-2898 attachment type-attachment status-inherit hentry\" data-id=\"2898\">\r\n\t\t<div class=\"w-grid-item-h\">\r\n\t\t\t\t\t\t\t<a ref=\"magnificPopupGrid\" href=\"https:\/\/proyectoiberico.pl\/wp-content\/uploads\/2017\/08\/IMG_6285-kopia.jpg\" class=\"w-grid-item-anchor\" aria-label=\"IMG_6285-kopia\"><\/a>\r\n\t\t\t\t\t\t<div class=\"w-post-elm post_image usg_post_image_1 stretched\"><img loading=\"lazy\" decoding=\"async\" width=\"300\" height=\"300\" src=\"https:\/\/proyectoiberico.pl\/wp-content\/uploads\/2017\/08\/IMG_6285-kopia-300x300.jpg\" class=\"attachment-us_300_300_crop size-us_300_300_crop\" alt=\"\" srcset=\"https:\/\/proyectoiberico.pl\/wp-content\/uploads\/2017\/08\/IMG_6285-kopia-300x300.jpg 300w, https:\/\/proyectoiberico.pl\/wp-content\/uploads\/2017\/08\/IMG_6285-kopia-150x150.jpg 150w, https:\/\/proyectoiberico.pl\/wp-content\/uploads\/2017\/08\/IMG_6285-kopia-350x350.jpg 350w\" sizes=\"auto, (max-width: 300px) 100vw, 300px\" \/><\/div>\t\t<\/div>\r\n\t\t\t<\/article>\r\n\t<article class=\"w-grid-item size_1x1 post-2900 attachment type-attachment status-inherit hentry\" data-id=\"2900\">\r\n\t\t<div class=\"w-grid-item-h\">\r\n\t\t\t\t\t\t\t<a ref=\"magnificPopupGrid\" href=\"https:\/\/proyectoiberico.pl\/wp-content\/uploads\/2017\/08\/IMG_6293-kopia.jpg\" class=\"w-grid-item-anchor\" aria-label=\"IMG_6293-kopia\"><\/a>\r\n\t\t\t\t\t\t<div class=\"w-post-elm post_image usg_post_image_1 stretched\"><img loading=\"lazy\" decoding=\"async\" width=\"300\" height=\"300\" src=\"https:\/\/proyectoiberico.pl\/wp-content\/uploads\/2017\/08\/IMG_6293-kopia-300x300.jpg\" class=\"attachment-us_300_300_crop size-us_300_300_crop\" alt=\"\" srcset=\"https:\/\/proyectoiberico.pl\/wp-content\/uploads\/2017\/08\/IMG_6293-kopia-300x300.jpg 300w, https:\/\/proyectoiberico.pl\/wp-content\/uploads\/2017\/08\/IMG_6293-kopia-150x150.jpg 150w, https:\/\/proyectoiberico.pl\/wp-content\/uploads\/2017\/08\/IMG_6293-kopia-350x350.jpg 350w\" sizes=\"auto, (max-width: 300px) 100vw, 300px\" \/><\/div>\t\t<\/div>\r\n\t\t\t<\/article>\r\n\t<article class=\"w-grid-item size_1x1 post-2902 attachment type-attachment status-inherit hentry\" data-id=\"2902\">\r\n\t\t<div class=\"w-grid-item-h\">\r\n\t\t\t\t\t\t\t<a ref=\"magnificPopupGrid\" href=\"https:\/\/proyectoiberico.pl\/wp-content\/uploads\/2017\/08\/IMG_6312-kopia.jpg\" class=\"w-grid-item-anchor\" aria-label=\"IMG_6312-kopia\"><\/a>\r\n\t\t\t\t\t\t<div class=\"w-post-elm post_image usg_post_image_1 stretched\"><img loading=\"lazy\" decoding=\"async\" width=\"300\" height=\"300\" src=\"https:\/\/proyectoiberico.pl\/wp-content\/uploads\/2017\/08\/IMG_6312-kopia-300x300.jpg\" class=\"attachment-us_300_300_crop size-us_300_300_crop\" alt=\"\" srcset=\"https:\/\/proyectoiberico.pl\/wp-content\/uploads\/2017\/08\/IMG_6312-kopia-300x300.jpg 300w, https:\/\/proyectoiberico.pl\/wp-content\/uploads\/2017\/08\/IMG_6312-kopia-150x150.jpg 150w, https:\/\/proyectoiberico.pl\/wp-content\/uploads\/2017\/08\/IMG_6312-kopia-350x350.jpg 350w\" sizes=\"auto, (max-width: 300px) 100vw, 300px\" \/><\/div>\t\t<\/div>\r\n\t\t\t<\/article>\r\n\t<article class=\"w-grid-item size_1x1 post-2904 attachment type-attachment status-inherit hentry\" data-id=\"2904\">\r\n\t\t<div class=\"w-grid-item-h\">\r\n\t\t\t\t\t\t\t<a ref=\"magnificPopupGrid\" href=\"https:\/\/proyectoiberico.pl\/wp-content\/uploads\/2017\/08\/IMG_6338-kopia.jpg\" class=\"w-grid-item-anchor\" aria-label=\"IMG_6338-kopia\"><\/a>\r\n\t\t\t\t\t\t<div class=\"w-post-elm post_image usg_post_image_1 stretched\"><img loading=\"lazy\" decoding=\"async\" width=\"300\" height=\"300\" src=\"https:\/\/proyectoiberico.pl\/wp-content\/uploads\/2017\/08\/IMG_6338-kopia-300x300.jpg\" class=\"attachment-us_300_300_crop size-us_300_300_crop\" alt=\"\" srcset=\"https:\/\/proyectoiberico.pl\/wp-content\/uploads\/2017\/08\/IMG_6338-kopia-300x300.jpg 300w, https:\/\/proyectoiberico.pl\/wp-content\/uploads\/2017\/08\/IMG_6338-kopia-150x150.jpg 150w, https:\/\/proyectoiberico.pl\/wp-content\/uploads\/2017\/08\/IMG_6338-kopia-350x350.jpg 350w\" sizes=\"auto, (max-width: 300px) 100vw, 300px\" \/><\/div>\t\t<\/div>\r\n\t\t\t<\/article>\r\n\t<article class=\"w-grid-item size_1x1 post-2906 attachment type-attachment status-inherit hentry\" data-id=\"2906\">\r\n\t\t<div class=\"w-grid-item-h\">\r\n\t\t\t\t\t\t\t<a ref=\"magnificPopupGrid\" href=\"https:\/\/proyectoiberico.pl\/wp-content\/uploads\/2017\/08\/IMG_6347-kopia.jpg\" class=\"w-grid-item-anchor\" aria-label=\"IMG_6347-kopia\"><\/a>\r\n\t\t\t\t\t\t<div class=\"w-post-elm post_image usg_post_image_1 stretched\"><img loading=\"lazy\" decoding=\"async\" width=\"300\" height=\"300\" src=\"https:\/\/proyectoiberico.pl\/wp-content\/uploads\/2017\/08\/IMG_6347-kopia-300x300.jpg\" class=\"attachment-us_300_300_crop size-us_300_300_crop\" alt=\"\" srcset=\"https:\/\/proyectoiberico.pl\/wp-content\/uploads\/2017\/08\/IMG_6347-kopia-300x300.jpg 300w, https:\/\/proyectoiberico.pl\/wp-content\/uploads\/2017\/08\/IMG_6347-kopia-150x150.jpg 150w, https:\/\/proyectoiberico.pl\/wp-content\/uploads\/2017\/08\/IMG_6347-kopia-350x350.jpg 350w\" sizes=\"auto, (max-width: 300px) 100vw, 300px\" \/><\/div>\t\t<\/div>\r\n\t\t\t<\/article>\r\n\t<article class=\"w-grid-item size_1x1 post-2908 attachment type-attachment status-inherit hentry\" data-id=\"2908\">\r\n\t\t<div class=\"w-grid-item-h\">\r\n\t\t\t\t\t\t\t<a ref=\"magnificPopupGrid\" href=\"https:\/\/proyectoiberico.pl\/wp-content\/uploads\/2017\/08\/IMG_0647-kopia.jpg\" class=\"w-grid-item-anchor\" aria-label=\"IMG_0647-kopia\"><\/a>\r\n\t\t\t\t\t\t<div class=\"w-post-elm post_image usg_post_image_1 stretched\"><img loading=\"lazy\" decoding=\"async\" width=\"300\" height=\"300\" src=\"https:\/\/proyectoiberico.pl\/wp-content\/uploads\/2017\/08\/IMG_0647-kopia-300x300.jpg\" class=\"attachment-us_300_300_crop size-us_300_300_crop\" alt=\"\" srcset=\"https:\/\/proyectoiberico.pl\/wp-content\/uploads\/2017\/08\/IMG_0647-kopia-300x300.jpg 300w, https:\/\/proyectoiberico.pl\/wp-content\/uploads\/2017\/08\/IMG_0647-kopia-150x150.jpg 150w, https:\/\/proyectoiberico.pl\/wp-content\/uploads\/2017\/08\/IMG_0647-kopia-600x600.jpg 600w, https:\/\/proyectoiberico.pl\/wp-content\/uploads\/2017\/08\/IMG_0647-kopia-350x350.jpg 350w\" sizes=\"auto, (max-width: 300px) 100vw, 300px\" \/><\/div>\t\t<\/div>\r\n\t\t\t<\/article>\r\n\t<article class=\"w-grid-item size_1x1 post-2910 attachment type-attachment status-inherit hentry\" data-id=\"2910\">\r\n\t\t<div class=\"w-grid-item-h\">\r\n\t\t\t\t\t\t\t<a ref=\"magnificPopupGrid\" href=\"https:\/\/proyectoiberico.pl\/wp-content\/uploads\/2017\/08\/IMG_0842-kopia.jpg\" class=\"w-grid-item-anchor\" aria-label=\"IMG_0842-kopia\"><\/a>\r\n\t\t\t\t\t\t<div class=\"w-post-elm post_image usg_post_image_1 stretched\"><img loading=\"lazy\" decoding=\"async\" width=\"300\" height=\"300\" src=\"https:\/\/proyectoiberico.pl\/wp-content\/uploads\/2017\/08\/IMG_0842-kopia-300x300.jpg\" class=\"attachment-us_300_300_crop size-us_300_300_crop\" alt=\"\" srcset=\"https:\/\/proyectoiberico.pl\/wp-content\/uploads\/2017\/08\/IMG_0842-kopia-300x300.jpg 300w, https:\/\/proyectoiberico.pl\/wp-content\/uploads\/2017\/08\/IMG_0842-kopia-150x150.jpg 150w, https:\/\/proyectoiberico.pl\/wp-content\/uploads\/2017\/08\/IMG_0842-kopia-600x600.jpg 600w, https:\/\/proyectoiberico.pl\/wp-content\/uploads\/2017\/08\/IMG_0842-kopia-350x350.jpg 350w\" sizes=\"auto, (max-width: 300px) 100vw, 300px\" \/><\/div>\t\t<\/div>\r\n\t\t\t<\/article>\r\n\t<article class=\"w-grid-item size_1x1 post-2912 attachment type-attachment status-inherit hentry\" data-id=\"2912\">\r\n\t\t<div class=\"w-grid-item-h\">\r\n\t\t\t\t\t\t\t<a ref=\"magnificPopupGrid\" href=\"https:\/\/proyectoiberico.pl\/wp-content\/uploads\/2017\/08\/IMG_2519-kopia.jpg\" class=\"w-grid-item-anchor\" aria-label=\"IMG_2519-kopia\"><\/a>\r\n\t\t\t\t\t\t<div class=\"w-post-elm post_image usg_post_image_1 stretched\"><img loading=\"lazy\" decoding=\"async\" width=\"300\" height=\"300\" src=\"https:\/\/proyectoiberico.pl\/wp-content\/uploads\/2017\/08\/IMG_2519-kopia-300x300.jpg\" class=\"attachment-us_300_300_crop size-us_300_300_crop\" alt=\"\" srcset=\"https:\/\/proyectoiberico.pl\/wp-content\/uploads\/2017\/08\/IMG_2519-kopia-300x300.jpg 300w, https:\/\/proyectoiberico.pl\/wp-content\/uploads\/2017\/08\/IMG_2519-kopia-150x150.jpg 150w, https:\/\/proyectoiberico.pl\/wp-content\/uploads\/2017\/08\/IMG_2519-kopia-350x350.jpg 350w\" sizes=\"auto, (max-width: 300px) 100vw, 300px\" \/><\/div>\t\t<\/div>\r\n\t\t\t<\/article>\r\n\t<article class=\"w-grid-item size_1x1 post-2914 attachment type-attachment status-inherit hentry\" data-id=\"2914\">\r\n\t\t<div class=\"w-grid-item-h\">\r\n\t\t\t\t\t\t\t<a ref=\"magnificPopupGrid\" href=\"https:\/\/proyectoiberico.pl\/wp-content\/uploads\/2017\/08\/IMG_4048-kopia.jpg\" class=\"w-grid-item-anchor\" aria-label=\"IMG_4048-kopia\"><\/a>\r\n\t\t\t\t\t\t<div class=\"w-post-elm post_image usg_post_image_1 stretched\"><img loading=\"lazy\" decoding=\"async\" width=\"300\" height=\"300\" src=\"https:\/\/proyectoiberico.pl\/wp-content\/uploads\/2017\/08\/IMG_4048-kopia-300x300.jpg\" class=\"attachment-us_300_300_crop size-us_300_300_crop\" alt=\"\" srcset=\"https:\/\/proyectoiberico.pl\/wp-content\/uploads\/2017\/08\/IMG_4048-kopia-300x300.jpg 300w, https:\/\/proyectoiberico.pl\/wp-content\/uploads\/2017\/08\/IMG_4048-kopia-150x150.jpg 150w, https:\/\/proyectoiberico.pl\/wp-content\/uploads\/2017\/08\/IMG_4048-kopia-350x350.jpg 350w\" sizes=\"auto, (max-width: 300px) 100vw, 300px\" \/><\/div>\t\t<\/div>\r\n\t\t\t<\/article>\r\n\t<article class=\"w-grid-item size_1x1 post-2916 attachment type-attachment status-inherit hentry\" data-id=\"2916\">\r\n\t\t<div class=\"w-grid-item-h\">\r\n\t\t\t\t\t\t\t<a ref=\"magnificPopupGrid\" href=\"https:\/\/proyectoiberico.pl\/wp-content\/uploads\/2017\/08\/IMG_6130-kopia.jpg\" class=\"w-grid-item-anchor\" aria-label=\"IMG_6130-kopia\"><\/a>\r\n\t\t\t\t\t\t<div class=\"w-post-elm post_image usg_post_image_1 stretched\"><img loading=\"lazy\" decoding=\"async\" width=\"300\" height=\"300\" src=\"https:\/\/proyectoiberico.pl\/wp-content\/uploads\/2017\/08\/IMG_6130-kopia-300x300.jpg\" class=\"attachment-us_300_300_crop size-us_300_300_crop\" alt=\"\" srcset=\"https:\/\/proyectoiberico.pl\/wp-content\/uploads\/2017\/08\/IMG_6130-kopia-300x300.jpg 300w, https:\/\/proyectoiberico.pl\/wp-content\/uploads\/2017\/08\/IMG_6130-kopia-150x150.jpg 150w, https:\/\/proyectoiberico.pl\/wp-content\/uploads\/2017\/08\/IMG_6130-kopia-350x350.jpg 350w\" sizes=\"auto, (max-width: 300px) 100vw, 300px\" \/><\/div>\t\t<\/div>\r\n\t\t\t<\/article>\r\n\t<article class=\"w-grid-item size_1x1 post-2918 attachment type-attachment status-inherit hentry\" data-id=\"2918\">\r\n\t\t<div class=\"w-grid-item-h\">\r\n\t\t\t\t\t\t\t<a ref=\"magnificPopupGrid\" href=\"https:\/\/proyectoiberico.pl\/wp-content\/uploads\/2017\/08\/IMG_6148-kopia.jpg\" class=\"w-grid-item-anchor\" aria-label=\"IMG_6148-kopia\"><\/a>\r\n\t\t\t\t\t\t<div class=\"w-post-elm post_image usg_post_image_1 stretched\"><img loading=\"lazy\" decoding=\"async\" width=\"300\" height=\"300\" src=\"https:\/\/proyectoiberico.pl\/wp-content\/uploads\/2017\/08\/IMG_6148-kopia-300x300.jpg\" class=\"attachment-us_300_300_crop size-us_300_300_crop\" alt=\"\" srcset=\"https:\/\/proyectoiberico.pl\/wp-content\/uploads\/2017\/08\/IMG_6148-kopia-300x300.jpg 300w, https:\/\/proyectoiberico.pl\/wp-content\/uploads\/2017\/08\/IMG_6148-kopia-150x150.jpg 150w, https:\/\/proyectoiberico.pl\/wp-content\/uploads\/2017\/08\/IMG_6148-kopia-350x350.jpg 350w\" sizes=\"auto, (max-width: 300px) 100vw, 300px\" \/><\/div>\t\t<\/div>\r\n\t\t\t<\/article>\r\n\t<article class=\"w-grid-item size_1x1 post-2920 attachment type-attachment status-inherit hentry\" data-id=\"2920\">\r\n\t\t<div class=\"w-grid-item-h\">\r\n\t\t\t\t\t\t\t<a ref=\"magnificPopupGrid\" href=\"https:\/\/proyectoiberico.pl\/wp-content\/uploads\/2017\/08\/IMG_6151-kopia.jpg\" class=\"w-grid-item-anchor\" aria-label=\"IMG_6151-kopia\"><\/a>\r\n\t\t\t\t\t\t<div class=\"w-post-elm post_image usg_post_image_1 stretched\"><img loading=\"lazy\" decoding=\"async\" width=\"300\" height=\"300\" src=\"https:\/\/proyectoiberico.pl\/wp-content\/uploads\/2017\/08\/IMG_6151-kopia-300x300.jpg\" class=\"attachment-us_300_300_crop size-us_300_300_crop\" alt=\"\" srcset=\"https:\/\/proyectoiberico.pl\/wp-content\/uploads\/2017\/08\/IMG_6151-kopia-300x300.jpg 300w, https:\/\/proyectoiberico.pl\/wp-content\/uploads\/2017\/08\/IMG_6151-kopia-150x150.jpg 150w, https:\/\/proyectoiberico.pl\/wp-content\/uploads\/2017\/08\/IMG_6151-kopia-350x350.jpg 350w\" sizes=\"auto, (max-width: 300px) 100vw, 300px\" \/><\/div>\t\t<\/div>\r\n\t\t\t<\/article>\r\n\t<article class=\"w-grid-item size_1x1 post-2922 attachment type-attachment status-inherit hentry\" data-id=\"2922\">\r\n\t\t<div class=\"w-grid-item-h\">\r\n\t\t\t\t\t\t\t<a ref=\"magnificPopupGrid\" href=\"https:\/\/proyectoiberico.pl\/wp-content\/uploads\/2017\/08\/IMG_6170-kopia.jpg\" class=\"w-grid-item-anchor\" aria-label=\"IMG_6170-kopia\"><\/a>\r\n\t\t\t\t\t\t<div class=\"w-post-elm post_image usg_post_image_1 stretched\"><img loading=\"lazy\" decoding=\"async\" width=\"300\" height=\"300\" src=\"https:\/\/proyectoiberico.pl\/wp-content\/uploads\/2017\/08\/IMG_6170-kopia-300x300.jpg\" class=\"attachment-us_300_300_crop size-us_300_300_crop\" alt=\"\" srcset=\"https:\/\/proyectoiberico.pl\/wp-content\/uploads\/2017\/08\/IMG_6170-kopia-300x300.jpg 300w, https:\/\/proyectoiberico.pl\/wp-content\/uploads\/2017\/08\/IMG_6170-kopia-150x150.jpg 150w, https:\/\/proyectoiberico.pl\/wp-content\/uploads\/2017\/08\/IMG_6170-kopia-350x350.jpg 350w\" sizes=\"auto, (max-width: 300px) 100vw, 300px\" \/><\/div>\t\t<\/div>\r\n\t\t\t<\/article>\r\n<\/div>\t<div class=\"w-grid-preloader\">\r\n\t\t<div class=\"g-preloader type_1\">\r\n\t\t\t<div><\/div>\r\n\t\t<\/div>\r\n\t<\/div>\r\n\t\t<div class=\"w-grid-json hidden\" onclick='return {&quot;action&quot;:&quot;us_ajax_grid&quot;,&quot;infinite_scroll&quot;:0,&quot;max_num_pages&quot;:1,&quot;pagination&quot;:&quot;none&quot;,&quot;template_vars&quot;:{&quot;columns&quot;:&quot;4&quot;,&quot;exclude_items&quot;:&quot;none&quot;,&quot;img_size&quot;:&quot;us_300_300_crop&quot;,&quot;ignore_items_size&quot;:0,&quot;items_layout&quot;:&quot;gallery_default&quot;,&quot;items_offset&quot;:&quot;1&quot;,&quot;load_animation&quot;:&quot;none&quot;,&quot;overriding_link&quot;:&quot;%7B%22type%22%3A%22popup_image%22%7D&quot;,&quot;post_id&quot;:0,&quot;query_args&quot;:{&quot;post_type&quot;:[&quot;attachment&quot;],&quot;post__in&quot;:[&quot;1363&quot;,&quot;1365&quot;,&quot;1366&quot;,&quot;1367&quot;,&quot;1368&quot;,&quot;1369&quot;,&quot;1370&quot;,&quot;1371&quot;,&quot;1372&quot;,&quot;1373&quot;,&quot;1374&quot;,&quot;1375&quot;,&quot;1376&quot;,&quot;1377&quot;,&quot;1378&quot;,&quot;1379&quot;],&quot;post_status&quot;:&quot;inherit&quot;,&quot;post_mime_type&quot;:&quot;image&quot;,&quot;posts_per_page&quot;:999},&quot;orderby_query_args&quot;:{&quot;orderby&quot;:{&quot;post__in&quot;:&quot;ASC&quot;},&quot;order&quot;:&quot;ASC&quot;},&quot;type&quot;:&quot;grid&quot;,&quot;us_grid_post_type&quot;:&quot;attachment&quot;,&quot;us_grid_ajax_index&quot;:1,&quot;us_grid_filter_query_string&quot;:null,&quot;us_grid_index&quot;:1,&quot;page_args&quot;:[],&quot;lang&quot;:&quot;es&quot;}}'><\/div>\r\n\t<\/div><\/div><\/div><\/div><\/div><\/div><\/section>\n","protected":false},"excerpt":{"rendered":"","protected":false},"author":1,"featured_media":0,"parent":1401,"menu_order":0,"comment_status":"closed","ping_status":"closed","template":"","meta":{"footnotes":""},"class_list":["post-1440","page","type-page","status-publish","hentry"],"_links":{"self":[{"href":"https:\/\/proyectoiberico.pl\/es\/wp-json\/wp\/v2\/pages\/1440","targetHints":{"allow":["GET"]}}],"collection":[{"href":"https:\/\/proyectoiberico.pl\/es\/wp-json\/wp\/v2\/pages"}],"about":[{"href":"https:\/\/proyectoiberico.pl\/es\/wp-json\/wp\/v2\/types\/page"}],"author":[{"embeddable":true,"href":"https:\/\/proyectoiberico.pl\/es\/wp-json\/wp\/v2\/users\/1"}],"replies":[{"embeddable":true,"href":"https:\/\/proyectoiberico.pl\/es\/wp-json\/wp\/v2\/comments?post=1440"}],"version-history":[{"count":0,"href":"https:\/\/proyectoiberico.pl\/es\/wp-json\/wp\/v2\/pages\/1440\/revisions"}],"up":[{"embeddable":true,"href":"https:\/\/proyectoiberico.pl\/es\/wp-json\/wp\/v2\/pages\/1401"}],"wp:attachment":[{"href":"https:\/\/proyectoiberico.pl\/es\/wp-json\/wp\/v2\/media?parent=1440"}],"curies":[{"name":"wp","href":"https:\/\/api.w.org\/{rel}","templated":true}]}}