{"id":1430,"date":"2017-08-22T13:15:28","date_gmt":"2017-08-22T11:15:28","guid":{"rendered":"http:\/\/proyectoiberico.pl\/praktyki-dla-obcokrajowcow-w-warszawie-i-krakowie\/opinie\/"},"modified":"2021-10-19T18:30:42","modified_gmt":"2021-10-19T16:30:42","slug":"opiniones","status":"publish","type":"page","link":"https:\/\/proyectoiberico.pl\/es\/practicas-para-extranjeros-en-cracovia-y-varsovia\/opiniones\/","title":{"rendered":"Opiniones"},"content":{"rendered":"<section class=\"l-section wpb_row practice-main height_large with_img\"><div class=\"l-section-img\" role=\"img\" aria-label=\"Image\" data-img-width=\"1400\" data-img-height=\"360\" style=\"background-image: url(https:\/\/proyectoiberico.pl\/wp-content\/uploads\/2017\/08\/naglowek-1.jpg);background-repeat: no-repeat;\"><\/div><div class=\"l-section-overlay\" style=\"background:rgba(0,0,0,0.14)\"><\/div><div class=\"l-section-h i-cf\"><div class=\"g-cols vc_row via_flex valign_top type_default stacking_default\"><div class=\"vc_col-sm-12 wpb_column vc_column_container has_text_color\"><div class=\"vc_column-inner us_custom_6df4bc3a\"><div class=\"wpb_wrapper\"><div class=\"wpb_text_column text-center courses-h1\"><div class=\"wpb_wrapper\"><h1>Opiniones<\/h1>\n<\/div><\/div><\/div><\/div><\/div><\/div><\/div><\/section><section class=\"l-section wpb_row bg-img-krk1 height_large with_img\"><div class=\"l-section-img\" role=\"img\" aria-label=\"Image\" data-img-width=\"480\" data-img-height=\"554\" style=\"background-image: url(https:\/\/proyectoiberico.pl\/wp-content\/uploads\/2017\/08\/duza-grafika-ucieta-polska-1.png);background-position: center right;background-repeat: no-repeat;background-size: auto;\"><\/div><div class=\"l-section-h i-cf\"><div class=\"g-cols vc_row via_flex valign_top type_default stacking_default\"><div class=\"vc_col-sm-8 wpb_column vc_column_container opinions\"><div class=\"vc_column-inner\"><div class=\"wpb_wrapper\"><div class=\"w-grid us_grid type_grid layout_testimonial_6 cols_1 preload_style_spinner\" id=\"us_grid_1\" style=\"--columns:1;--gap:1.5rem;\" data-filterable=\"true\"><style>.layout_testimonial_6 .w-grid-item-h{}.layout_testimonial_6 .usg_hwrapper_1{padding-top:1.5rem!important;padding-right:2.5rem!important;padding-left:2.5rem!important}.layout_testimonial_6 .usg_post_image_1{width:4rem!important;margin-left:0!important;margin-right:1rem!important}.layout_testimonial_6 .usg_post_custom_field_1{font-weight:700!important;line-height:1.5!important;margin-bottom:0!important}.layout_testimonial_6 .usg_post_custom_field_2{color:var(--color-content-faded)!important;font-size:0.9rem!important;line-height:1.5!important}.layout_testimonial_6 .usg_vwrapper_2{color:var(--color-content-text)!important;border-radius:var(--site-border-radius)!important;background:var(--color-content-bg-alt)!important;padding:2rem 2.5rem 2rem 2.5rem!important}.layout_testimonial_6 .usg_post_custom_field_3{color:#fb0!important}<\/style><div class=\"w-grid-list\">\t<article class=\"w-grid-item size_1x1 post-1200 us_testimonial type-us_testimonial status-publish has-post-thumbnail hentry us_testimonial_category-praktyki-es us_testimonial_category-warszawa-es\" data-id=\"1200\">\r\n\t\t<div class=\"w-grid-item-h\">\r\n\t\t\t\t\t\t<div class=\"w-vwrapper usg_vwrapper_2 grid_arrow_bottom has_text_color align_none valign_top\"><div class=\"w-post-elm post_content usg_post_content_1\"><p>La empresa fue ideal, la acogida fue perfecta desde el primer d\u00eda hasta el \u00faltimo ayudando a integrarme en el grupo y en la ciudad\u2026 El tutor me ayud\u00f3 en todo lo posible e incluso me llev\u00f3 a visitar alg\u00fan lugar cerca de la zona. En la empresa me asignaron un espacio junto a todos (en otras pr\u00e1cticas me tuvieron poco menos que apartado) y me facilitaron todo el material necesario para el desarrollo de mi labor all\u00ed. He aprendido cosas nuevas y aumentado mis conocimientos en otras.<\/p>\n<\/div><\/div><div class=\"w-hwrapper usg_hwrapper_1 align_none valign_middle\"><div class=\"w-post-elm post_image usg_post_image_1 as_circle has_width stretched\"><img loading=\"lazy\" decoding=\"async\" width=\"150\" height=\"150\" src=\"https:\/\/proyectoiberico.pl\/wp-content\/uploads\/2017\/08\/Carlos-150x150.jpg\" class=\"attachment-thumbnail size-thumbnail wp-post-image\" alt=\"\" srcset=\"https:\/\/proyectoiberico.pl\/wp-content\/uploads\/2017\/08\/Carlos-150x150.jpg 150w, https:\/\/proyectoiberico.pl\/wp-content\/uploads\/2017\/08\/Carlos.jpg 200w\" sizes=\"auto, (max-width: 150px) 100vw, 150px\" \/><\/div><div class=\"w-vwrapper usg_vwrapper_1 align_none valign_top\"><div class=\"w-post-elm post_custom_field usg_post_custom_field_1 type_text us_testimonial_author\"><span class=\"w-post-elm-value\">Carlos \/ Web applications development\/ Varsovia<\/span><\/div><div class=\"w-post-elm post_custom_field usg_post_custom_field_2 has_text_color type_text us_testimonial_role color_link_inherit\"><span class=\"w-post-elm-value\"><\/span><\/div><\/div><\/div>\t\t<\/div>\r\n\t\t\t<\/article>\r\n\t<article class=\"w-grid-item size_1x1 post-1206 us_testimonial type-us_testimonial status-publish has-post-thumbnail hentry us_testimonial_category-praktyki-es us_testimonial_category-warszawa-es\" data-id=\"1206\">\r\n\t\t<div class=\"w-grid-item-h\">\r\n\t\t\t\t\t\t<div class=\"w-vwrapper usg_vwrapper_2 grid_arrow_bottom has_text_color align_none valign_top\"><div class=\"w-post-elm post_content usg_post_content_1\"><p>La empresa de acogida muy buena, el tutor es muy buen profesional y me ha tratado excelentemente tanto profesional como personalmente, el ambiente de trabajo con los dem\u00e1s compa\u00f1eros ha sido igual de bueno, a veces hubo alg\u00fan problema de comunicaci\u00f3n pero se pudo solucionar.<\/p>\n<\/div><\/div><div class=\"w-hwrapper usg_hwrapper_1 align_none valign_middle\"><div class=\"w-post-elm post_image usg_post_image_1 as_circle has_width stretched\"><img loading=\"lazy\" decoding=\"async\" width=\"150\" height=\"150\" src=\"https:\/\/proyectoiberico.pl\/wp-content\/uploads\/2017\/08\/Proyecto_Iberico_Praktyki_12-150x150.jpg\" class=\"attachment-thumbnail size-thumbnail wp-post-image\" alt=\"\" srcset=\"https:\/\/proyectoiberico.pl\/wp-content\/uploads\/2017\/08\/Proyecto_Iberico_Praktyki_12-150x150.jpg 150w, https:\/\/proyectoiberico.pl\/wp-content\/uploads\/2017\/08\/Proyecto_Iberico_Praktyki_12-350x350.jpg 350w, https:\/\/proyectoiberico.pl\/wp-content\/uploads\/2017\/08\/Proyecto_Iberico_Praktyki_12-300x300.jpg 300w\" sizes=\"auto, (max-width: 150px) 100vw, 150px\" \/><\/div><div class=\"w-vwrapper usg_vwrapper_1 align_none valign_top\"><div class=\"w-post-elm post_custom_field usg_post_custom_field_1 type_text us_testimonial_author\"><span class=\"w-post-elm-value\">Francisco Jos\u00e9 \/ Microcomputer System and Networking\/ Varsovia<\/span><\/div><div class=\"w-post-elm post_custom_field usg_post_custom_field_2 has_text_color type_text us_testimonial_role color_link_inherit\"><span class=\"w-post-elm-value\"><\/span><\/div><\/div><\/div>\t\t<\/div>\r\n\t\t\t<\/article>\r\n\t<article class=\"w-grid-item size_1x1 post-1211 us_testimonial type-us_testimonial status-publish has-post-thumbnail hentry us_testimonial_category-praktyki-es us_testimonial_category-warszawa-es\" data-id=\"1211\">\r\n\t\t<div class=\"w-grid-item-h\">\r\n\t\t\t\t\t\t<div class=\"w-vwrapper usg_vwrapper_2 grid_arrow_bottom has_text_color align_none valign_top\"><div class=\"w-post-elm post_content usg_post_content_1\"><p>Las pr\u00e1cticas fueron mejor de lo esperado, pensaba que no llegar\u00eda a realizar cosas importantes pero por sorpresa para m\u00ed comenc\u00e9 con trabajos simples y acab\u00e9 realizando trabajos que eran enviados a los clientes por lo que estoy muy contento por ello. He tenido la oportunidad de sentirme un trabajador m\u00e1s y no una persona en pr\u00e1cticas por lo que he aprendido mucho durante mi estancia en las pr\u00e1cticas.<\/p>\n<\/div><\/div><div class=\"w-hwrapper usg_hwrapper_1 align_none valign_middle\"><div class=\"w-post-elm post_image usg_post_image_1 as_circle has_width stretched\"><img loading=\"lazy\" decoding=\"async\" width=\"150\" height=\"150\" src=\"https:\/\/proyectoiberico.pl\/wp-content\/uploads\/2017\/08\/Proyecto_Iberico_Praktyki_11-150x150.jpg\" class=\"attachment-thumbnail size-thumbnail wp-post-image\" alt=\"\" srcset=\"https:\/\/proyectoiberico.pl\/wp-content\/uploads\/2017\/08\/Proyecto_Iberico_Praktyki_11-150x150.jpg 150w, https:\/\/proyectoiberico.pl\/wp-content\/uploads\/2017\/08\/Proyecto_Iberico_Praktyki_11-350x350.jpg 350w, https:\/\/proyectoiberico.pl\/wp-content\/uploads\/2017\/08\/Proyecto_Iberico_Praktyki_11-300x300.jpg 300w\" sizes=\"auto, (max-width: 150px) 100vw, 150px\" \/><\/div><div class=\"w-vwrapper usg_vwrapper_1 align_none valign_top\"><div class=\"w-post-elm post_custom_field usg_post_custom_field_1 type_text us_testimonial_author\"><span class=\"w-post-elm-value\">Cristo \/ Dise\u00f1o Interior \/ Varsovia<\/span><\/div><div class=\"w-post-elm post_custom_field usg_post_custom_field_2 has_text_color type_text us_testimonial_role color_link_inherit\"><span class=\"w-post-elm-value\"><\/span><\/div><\/div><\/div>\t\t<\/div>\r\n\t\t\t<\/article>\r\n\t<article class=\"w-grid-item size_1x1 post-1214 us_testimonial type-us_testimonial status-publish has-post-thumbnail hentry us_testimonial_category-praktyki-es us_testimonial_category-warszawa-es\" data-id=\"1214\">\r\n\t\t<div class=\"w-grid-item-h\">\r\n\t\t\t\t\t\t<div class=\"w-vwrapper usg_vwrapper_2 grid_arrow_bottom has_text_color align_none valign_top\"><div class=\"w-post-elm post_content usg_post_content_1\"><p>En general, ha sido una gran experiencia. Me han tratado estupendamente, la empresa ten\u00eda relaci\u00f3n con lo que he estudiado, mi tutor ha estado siempre pendiente de m\u00ed y lo que necesitaba y el ambiente de trabajo es genial.<\/p>\n<\/div><\/div><div class=\"w-hwrapper usg_hwrapper_1 align_none valign_middle\"><div class=\"w-post-elm post_image usg_post_image_1 as_circle has_width stretched\"><img loading=\"lazy\" decoding=\"async\" width=\"150\" height=\"150\" src=\"https:\/\/proyectoiberico.pl\/wp-content\/uploads\/2017\/08\/Proyecto_Iberico_Praktyki_10-150x150.jpg\" class=\"attachment-thumbnail size-thumbnail wp-post-image\" alt=\"\" srcset=\"https:\/\/proyectoiberico.pl\/wp-content\/uploads\/2017\/08\/Proyecto_Iberico_Praktyki_10-150x150.jpg 150w, https:\/\/proyectoiberico.pl\/wp-content\/uploads\/2017\/08\/Proyecto_Iberico_Praktyki_10-300x300.jpg 300w\" sizes=\"auto, (max-width: 150px) 100vw, 150px\" \/><\/div><div class=\"w-vwrapper usg_vwrapper_1 align_none valign_top\"><div class=\"w-post-elm post_custom_field usg_post_custom_field_1 type_text us_testimonial_author\"><span class=\"w-post-elm-value\">Alejandra \/ Telecommunication\/ Varsovia<\/span><\/div><div class=\"w-post-elm post_custom_field usg_post_custom_field_2 has_text_color type_text us_testimonial_role color_link_inherit\"><span class=\"w-post-elm-value\"><\/span><\/div><\/div><\/div>\t\t<\/div>\r\n\t\t\t<\/article>\r\n\t<article class=\"w-grid-item size_1x1 post-1218 us_testimonial type-us_testimonial status-publish has-post-thumbnail hentry us_testimonial_category-praktyki-es us_testimonial_category-warszawa-es\" data-id=\"1218\">\r\n\t\t<div class=\"w-grid-item-h\">\r\n\t\t\t\t\t\t<div class=\"w-vwrapper usg_vwrapper_2 grid_arrow_bottom has_text_color align_none valign_top\"><div class=\"w-post-elm post_content usg_post_content_1\"><p>Muy buen entorno y ambiente de trabajo. Realizamos toda clase de tareas dentro de nuestro \u00e1mbito laboral, por lo que aprendimos muchos aspectos que desconoc\u00edamos.<\/p>\n<\/div><\/div><div class=\"w-hwrapper usg_hwrapper_1 align_none valign_middle\"><div class=\"w-post-elm post_image usg_post_image_1 as_circle has_width stretched\"><img loading=\"lazy\" decoding=\"async\" width=\"150\" height=\"150\" src=\"https:\/\/proyectoiberico.pl\/wp-content\/uploads\/2017\/08\/Alba-150x150.jpg\" class=\"attachment-thumbnail size-thumbnail wp-post-image\" alt=\"\" srcset=\"https:\/\/proyectoiberico.pl\/wp-content\/uploads\/2017\/08\/Alba-150x150.jpg 150w, https:\/\/proyectoiberico.pl\/wp-content\/uploads\/2017\/08\/Alba.jpg 200w\" sizes=\"auto, (max-width: 150px) 100vw, 150px\" \/><\/div><div class=\"w-vwrapper usg_vwrapper_1 align_none valign_top\"><div class=\"w-post-elm post_custom_field usg_post_custom_field_1 type_text us_testimonial_author\"><span class=\"w-post-elm-value\">Alba \/ Dise\u00f1o gr\u00e1fico\/ Varsovia<\/span><\/div><div class=\"w-post-elm post_custom_field usg_post_custom_field_2 has_text_color type_text us_testimonial_role color_link_inherit\"><span class=\"w-post-elm-value\"><\/span><\/div><\/div><\/div>\t\t<\/div>\r\n\t\t\t<\/article>\r\n\t<article class=\"w-grid-item size_1x1 post-1222 us_testimonial type-us_testimonial status-publish has-post-thumbnail hentry us_testimonial_category-praktyki-es us_testimonial_category-warszawa-es\" data-id=\"1222\">\r\n\t\t<div class=\"w-grid-item-h\">\r\n\t\t\t\t\t\t<div class=\"w-vwrapper usg_vwrapper_2 grid_arrow_bottom has_text_color align_none valign_top\"><div class=\"w-post-elm post_content usg_post_content_1\"><p>La empresa ha resultado ser fant\u00e1stica, con muchos proyectos en marcha y un ambiente laboral muy distendido pero profesional al mismo tiempo. Totalmente recomendable para futuras pr\u00e1cticas.<\/p>\n<p>&nbsp;<\/p>\n<\/div><\/div><div class=\"w-hwrapper usg_hwrapper_1 align_none valign_middle\"><div class=\"w-post-elm post_image usg_post_image_1 as_circle has_width stretched\"><img loading=\"lazy\" decoding=\"async\" width=\"150\" height=\"150\" src=\"https:\/\/proyectoiberico.pl\/wp-content\/uploads\/2017\/08\/Sofia-ARTOR2-kopia-150x150.jpg\" class=\"attachment-thumbnail size-thumbnail wp-post-image\" alt=\"\" srcset=\"https:\/\/proyectoiberico.pl\/wp-content\/uploads\/2017\/08\/Sofia-ARTOR2-kopia-150x150.jpg 150w, https:\/\/proyectoiberico.pl\/wp-content\/uploads\/2017\/08\/Sofia-ARTOR2-kopia-350x350.jpg 350w, https:\/\/proyectoiberico.pl\/wp-content\/uploads\/2017\/08\/Sofia-ARTOR2-kopia-300x300.jpg 300w\" sizes=\"auto, (max-width: 150px) 100vw, 150px\" \/><\/div><div class=\"w-vwrapper usg_vwrapper_1 align_none valign_top\"><div class=\"w-post-elm post_custom_field usg_post_custom_field_1 type_text us_testimonial_author\"><span class=\"w-post-elm-value\">Sofia \/ Rob\u00f3tica Industrial\/ Warsaw<\/span><\/div><div class=\"w-post-elm post_custom_field usg_post_custom_field_2 has_text_color type_text us_testimonial_role color_link_inherit\"><span class=\"w-post-elm-value\"><\/span><\/div><\/div><\/div>\t\t<\/div>\r\n\t\t\t<\/article>\r\n\t<article class=\"w-grid-item size_1x1 post-1224 us_testimonial type-us_testimonial status-publish has-post-thumbnail hentry us_testimonial_category-krakow-es us_testimonial_category-praktyki-es\" data-id=\"1224\">\r\n\t\t<div class=\"w-grid-item-h\">\r\n\t\t\t\t\t\t<div class=\"w-vwrapper usg_vwrapper_2 grid_arrow_bottom has_text_color align_none valign_top\"><div class=\"w-post-elm post_content usg_post_content_1\"><p>Hola, me llamo Martina. T\u00e9cnico Superior en Sistemas de Telecomunicaciones e Inform\u00e1ticos. Solicit\u00e9 la beca Erasmus a Cracovia. Hoy en d\u00eda sigo pensando que fue el mejor destino que me pudo tocar. La ciudad es preciosa, todo muy barato y lo mejor de todo es la gente. Amable y siempre dispuesta a ayudarte. Mi experiencia en la empresa que me acept\u00f3 para trabajar y aprender con ellos ha sido incre\u00edble, y a\u00fan sigo pensando en todo lo que aprend\u00ed y disfrut\u00e9. Me llevo buenos recuerdos, experiencias y amigos. Si pudiera volver\u00eda sin pensarlo. Animo a toda la gente que tenga la oportunidad de ir a esta maravillosa ciudad, que lo haga, porque no la podr\u00e1 olvidar jam\u00e1s.<\/p>\n<\/div><\/div><div class=\"w-hwrapper usg_hwrapper_1 align_none valign_middle\"><div class=\"w-post-elm post_image usg_post_image_1 as_circle has_width stretched\"><img loading=\"lazy\" decoding=\"async\" width=\"150\" height=\"150\" src=\"https:\/\/proyectoiberico.pl\/wp-content\/uploads\/2017\/08\/osoba-150x150.jpg\" class=\"attachment-thumbnail size-thumbnail wp-post-image\" alt=\"\" srcset=\"https:\/\/proyectoiberico.pl\/wp-content\/uploads\/2017\/08\/osoba-150x150.jpg 150w, https:\/\/proyectoiberico.pl\/wp-content\/uploads\/2017\/08\/osoba.jpg 200w\" sizes=\"auto, (max-width: 150px) 100vw, 150px\" \/><\/div><div class=\"w-vwrapper usg_vwrapper_1 align_none valign_top\"><div class=\"w-post-elm post_custom_field usg_post_custom_field_1 type_text us_testimonial_author\"><span class=\"w-post-elm-value\">Martina\/ Telecomunicaci\u00f3n\/ Cracow<\/span><\/div><div class=\"w-post-elm post_custom_field usg_post_custom_field_2 has_text_color type_text us_testimonial_role color_link_inherit\"><span class=\"w-post-elm-value\"><\/span><\/div><\/div><\/div>\t\t<\/div>\r\n\t\t\t<\/article>\r\n\t<article class=\"w-grid-item size_1x1 post-1228 us_testimonial type-us_testimonial status-publish has-post-thumbnail hentry us_testimonial_category-krakow-es us_testimonial_category-praktyki-es\" data-id=\"1228\">\r\n\t\t<div class=\"w-grid-item-h\">\r\n\t\t\t\t\t\t<div class=\"w-vwrapper usg_vwrapper_2 grid_arrow_bottom has_text_color align_none valign_top\"><div class=\"w-post-elm post_content usg_post_content_1\"><p>La experiencia en Cracovia ha sido una de las m\u00e1s bonitas que he vivido en mi vida. He conocido gente maravillosa, tanto extranjeros como locales, hay un grand\u00edsimo ambiente nocturno y un buen entorno de trabajo. Aunque al principio se te hace un poco cuesta arriba por el idioma, en un par de semanas y con un diccionario te lo arreglas f\u00e1cilmente. Tienes una gran variedad de lugares para visitar, adem\u00e1s puedes visitar gran parte de Europa sin demasiado esfuerzo econ\u00f3mico.<\/p>\n<\/div><\/div><div class=\"w-hwrapper usg_hwrapper_1 align_none valign_middle\"><div class=\"w-post-elm post_image usg_post_image_1 as_circle has_width stretched\"><img loading=\"lazy\" decoding=\"async\" width=\"150\" height=\"150\" src=\"https:\/\/proyectoiberico.pl\/wp-content\/uploads\/2017\/08\/Jorge-150x150.jpg\" class=\"attachment-thumbnail size-thumbnail wp-post-image\" alt=\"\" srcset=\"https:\/\/proyectoiberico.pl\/wp-content\/uploads\/2017\/08\/Jorge-150x150.jpg 150w, https:\/\/proyectoiberico.pl\/wp-content\/uploads\/2017\/08\/Jorge.jpg 200w\" sizes=\"auto, (max-width: 150px) 100vw, 150px\" \/><\/div><div class=\"w-vwrapper usg_vwrapper_1 align_none valign_top\"><div class=\"w-post-elm post_custom_field usg_post_custom_field_1 type_text us_testimonial_author\"><span class=\"w-post-elm-value\">Jorge\/ Construcci\u00f3n\/ Cracovia<\/span><\/div><div class=\"w-post-elm post_custom_field usg_post_custom_field_2 has_text_color type_text us_testimonial_role color_link_inherit\"><span class=\"w-post-elm-value\"><\/span><\/div><\/div><\/div>\t\t<\/div>\r\n\t\t\t<\/article>\r\n\t<article class=\"w-grid-item size_1x1 post-1230 us_testimonial type-us_testimonial status-publish has-post-thumbnail hentry us_testimonial_category-krakow-es us_testimonial_category-praktyki-es\" data-id=\"1230\">\r\n\t\t<div class=\"w-grid-item-h\">\r\n\t\t\t\t\t\t<div class=\"w-vwrapper usg_vwrapper_2 grid_arrow_bottom has_text_color align_none valign_top\"><div class=\"w-post-elm post_content usg_post_content_1\"><p>\u00bfPor qu\u00e9 elegir Cracovia de destino de Erasmus? Sin ninguna duda Cracovia es el sitio perfecto, en cuanto a los gastos. Es un pa\u00eds muy barato comparado con Espa\u00f1a, fiesta y muy buen ambiente asegurados todos los d\u00edas. Es una cuidad con mucha gente de Erasmus por lo que hay infinidad de fiestas Erasmus y much\u00edsima gente joven. La gente de all\u00ed es muy amable y muy cercana. Adem\u00e1s es un pa\u00eds con mucha historia del Holocausto que lo hace todavia m\u00e1s especial. Tambi\u00e9n, es un pa\u00eds con muy buena comunicaci\u00f3n para viajar de un pa\u00eds a otro, por lo que por poco dinero puedes conocer mas pa\u00edses de Europa. Yo lo recomiendo totalmente, estuvimos 3 meses y nos hubi\u00e9semos quedado un a\u00f1o entero.Mi experiencia fue muy positiba y volver\u00eda encantada.<\/p>\n<\/div><\/div><div class=\"w-hwrapper usg_hwrapper_1 align_none valign_middle\"><div class=\"w-post-elm post_image usg_post_image_1 as_circle has_width stretched\"><img loading=\"lazy\" decoding=\"async\" width=\"150\" height=\"150\" src=\"https:\/\/proyectoiberico.pl\/wp-content\/uploads\/2017\/08\/Proyecto_Iberico_Praktyki_09-150x150.jpg\" class=\"attachment-thumbnail size-thumbnail wp-post-image\" alt=\"\" srcset=\"https:\/\/proyectoiberico.pl\/wp-content\/uploads\/2017\/08\/Proyecto_Iberico_Praktyki_09-150x150.jpg 150w, https:\/\/proyectoiberico.pl\/wp-content\/uploads\/2017\/08\/Proyecto_Iberico_Praktyki_09-350x350.jpg 350w, https:\/\/proyectoiberico.pl\/wp-content\/uploads\/2017\/08\/Proyecto_Iberico_Praktyki_09-300x300.jpg 300w\" sizes=\"auto, (max-width: 150px) 100vw, 150px\" \/><\/div><div class=\"w-vwrapper usg_vwrapper_1 align_none valign_top\"><div class=\"w-post-elm post_custom_field usg_post_custom_field_1 type_text us_testimonial_author\"><span class=\"w-post-elm-value\">Janire\/ Diet\u00e9tica\/ Cracovia<\/span><\/div><div class=\"w-post-elm post_custom_field usg_post_custom_field_2 has_text_color type_text us_testimonial_role color_link_inherit\"><span class=\"w-post-elm-value\"><\/span><\/div><\/div><\/div>\t\t<\/div>\r\n\t\t\t<\/article>\r\n\t<article class=\"w-grid-item size_1x1 post-1232 us_testimonial type-us_testimonial status-publish has-post-thumbnail hentry us_testimonial_category-krakow-es us_testimonial_category-praktyki-es\" data-id=\"1232\">\r\n\t\t<div class=\"w-grid-item-h\">\r\n\t\t\t\t\t\t<div class=\"w-vwrapper usg_vwrapper_2 grid_arrow_bottom has_text_color align_none valign_top\"><div class=\"w-post-elm post_content usg_post_content_1\"><p>Polonia es un pa\u00eds fant\u00e1stico, la gente es muy agradable y sociable, la adaptaci\u00f3n no es un problema. Es un destino apetecible para cualquier joven que quiera conocer gente y tener una buena experiencia laboral.<\/p>\n<\/div><\/div><div class=\"w-hwrapper usg_hwrapper_1 align_none valign_middle\"><div class=\"w-post-elm post_image usg_post_image_1 as_circle has_width stretched\"><img loading=\"lazy\" decoding=\"async\" width=\"150\" height=\"150\" src=\"https:\/\/proyectoiberico.pl\/wp-content\/uploads\/2017\/08\/Proyecto_Iberico_Praktyki_08-150x150.jpg\" class=\"attachment-thumbnail size-thumbnail wp-post-image\" alt=\"\" srcset=\"https:\/\/proyectoiberico.pl\/wp-content\/uploads\/2017\/08\/Proyecto_Iberico_Praktyki_08-150x150.jpg 150w, https:\/\/proyectoiberico.pl\/wp-content\/uploads\/2017\/08\/Proyecto_Iberico_Praktyki_08-350x350.jpg 350w, https:\/\/proyectoiberico.pl\/wp-content\/uploads\/2017\/08\/Proyecto_Iberico_Praktyki_08-300x300.jpg 300w\" sizes=\"auto, (max-width: 150px) 100vw, 150px\" \/><\/div><div class=\"w-vwrapper usg_vwrapper_1 align_none valign_top\"><div class=\"w-post-elm post_custom_field usg_post_custom_field_1 type_text us_testimonial_author\"><span class=\"w-post-elm-value\">Eneko\/ Adminitraci\u00f3n y Finanzas\/ Cracovia<\/span><\/div><div class=\"w-post-elm post_custom_field usg_post_custom_field_2 has_text_color type_text us_testimonial_role color_link_inherit\"><span class=\"w-post-elm-value\"><\/span><\/div><\/div><\/div>\t\t<\/div>\r\n\t\t\t<\/article>\r\n<\/div>\t<div class=\"w-grid-preloader\">\r\n\t\t<div class=\"g-preloader type_1\">\r\n\t\t\t<div><\/div>\r\n\t\t<\/div>\r\n\t<\/div>\r\n\t\t<div class=\"w-grid-json hidden\" onclick='return {&quot;action&quot;:&quot;us_ajax_grid&quot;,&quot;infinite_scroll&quot;:0,&quot;max_num_pages&quot;:2,&quot;pagination&quot;:&quot;none&quot;,&quot;template_vars&quot;:{&quot;columns&quot;:&quot;1&quot;,&quot;exclude_items&quot;:&quot;none&quot;,&quot;img_size&quot;:&quot;default&quot;,&quot;ignore_items_size&quot;:0,&quot;items_layout&quot;:&quot;testimonial_6&quot;,&quot;items_offset&quot;:&quot;1&quot;,&quot;load_animation&quot;:&quot;none&quot;,&quot;overriding_link&quot;:&quot;{\\&quot;url\\&quot;:\\&quot;\\&quot;}&quot;,&quot;post_id&quot;:0,&quot;query_args&quot;:{&quot;post_type&quot;:[&quot;us_testimonial&quot;],&quot;tax_query&quot;:[{&quot;taxonomy&quot;:&quot;us_testimonial_category&quot;,&quot;field&quot;:&quot;slug&quot;,&quot;terms&quot;:[&quot;praktyki-es&quot;]}],&quot;post_status&quot;:[&quot;publish&quot;],&quot;posts_per_page&quot;:&quot;10&quot;},&quot;orderby_query_args&quot;:{&quot;orderby&quot;:{&quot;date&quot;:&quot;DESC&quot;}},&quot;type&quot;:&quot;grid&quot;,&quot;us_grid_post_type&quot;:&quot;us_testimonial&quot;,&quot;us_grid_ajax_index&quot;:1,&quot;us_grid_filter_query_string&quot;:null,&quot;us_grid_index&quot;:1,&quot;page_args&quot;:[],&quot;lang&quot;:&quot;es&quot;}}'><\/div>\r\n\t<\/div><\/div><\/div><\/div><div class=\"vc_col-sm-4 wpb_column vc_column_container\"><div class=\"vc_column-inner\"><div class=\"wpb_wrapper\"><\/div><\/div><\/div><\/div><\/div><\/section>\n","protected":false},"excerpt":{"rendered":"Polonia es un pa\u00eds fant\u00e1stico, la gente es muy agradable y sociable, la adaptaci\u00f3n no es un problema. Es un destino apetecible para cualquier joven que quiera conocer gente y tener una buena experiencia laboral.","protected":false},"author":1,"featured_media":0,"parent":1401,"menu_order":0,"comment_status":"closed","ping_status":"closed","template":"","meta":{"footnotes":""},"class_list":["post-1430","page","type-page","status-publish","hentry"],"_links":{"self":[{"href":"https:\/\/proyectoiberico.pl\/es\/wp-json\/wp\/v2\/pages\/1430","targetHints":{"allow":["GET"]}}],"collection":[{"href":"https:\/\/proyectoiberico.pl\/es\/wp-json\/wp\/v2\/pages"}],"about":[{"href":"https:\/\/proyectoiberico.pl\/es\/wp-json\/wp\/v2\/types\/page"}],"author":[{"embeddable":true,"href":"https:\/\/proyectoiberico.pl\/es\/wp-json\/wp\/v2\/users\/1"}],"replies":[{"embeddable":true,"href":"https:\/\/proyectoiberico.pl\/es\/wp-json\/wp\/v2\/comments?post=1430"}],"version-history":[{"count":0,"href":"https:\/\/proyectoiberico.pl\/es\/wp-json\/wp\/v2\/pages\/1430\/revisions"}],"up":[{"embeddable":true,"href":"https:\/\/proyectoiberico.pl\/es\/wp-json\/wp\/v2\/pages\/1401"}],"wp:attachment":[{"href":"https:\/\/proyectoiberico.pl\/es\/wp-json\/wp\/v2\/media?parent=1430"}],"curies":[{"name":"wp","href":"https:\/\/api.w.org\/{rel}","templated":true}]}}