{"id":1426,"date":"2017-08-21T17:27:26","date_gmt":"2017-08-21T15:27:26","guid":{"rendered":"http:\/\/proyectoiberico.pl\/zakwaterowanie\/"},"modified":"2023-09-20T01:52:18","modified_gmt":"2023-09-19T23:52:18","slug":"alojamiento","status":"publish","type":"page","link":"https:\/\/proyectoiberico.pl\/es\/practicas-para-extranjeros-en-cracovia-y-varsovia\/alojamiento\/","title":{"rendered":"Alojamiento"},"content":{"rendered":"<section class=\"l-section wpb_row practice-main height_large with_img\"><div class=\"l-section-img\" role=\"img\" aria-label=\"Image\" data-img-width=\"1400\" data-img-height=\"360\" style=\"background-image: url(https:\/\/proyectoiberico.pl\/wp-content\/uploads\/2017\/08\/naglowek.jpg);background-repeat: no-repeat;\"><\/div><div class=\"l-section-overlay\" style=\"background:rgba(0,0,0,0.14)\"><\/div><div class=\"l-section-h i-cf\"><div class=\"g-cols vc_row via_flex valign_top type_default stacking_default\"><div class=\"vc_col-sm-12 wpb_column vc_column_container has_text_color\"><div class=\"vc_column-inner us_custom_6df4bc3a\"><div class=\"wpb_wrapper\"><div class=\"wpb_text_column text-center our-offer-h1\"><div class=\"wpb_wrapper\"><p>Nuestra oferta<\/p>\n<\/div><\/div><\/div><\/div><\/div><\/div><\/div><\/section><section class=\"l-section wpb_row bg-img-krk height_large with_img parallax_fixed\"><div class=\"l-section-img\" role=\"img\" aria-label=\"Image\" data-img-width=\"480\" data-img-height=\"554\" style=\"background-image: url(https:\/\/proyectoiberico.pl\/wp-content\/uploads\/2017\/08\/duza-grafika-ucieta-polska.png);background-position: center right;background-repeat: no-repeat;background-size: auto;\"><\/div><div class=\"l-section-h i-cf\"><div class=\"g-cols vc_row via_flex valign_top type_default stacking_default\"><div class=\"vc_col-sm-3 wpb_column vc_column_container\"><div class=\"vc_column-inner\"><div class=\"wpb_wrapper\"><div class=\"wpb_text_column text-center pad-offer-h2\"><div class=\"wpb_wrapper\"><h2>Oferta<\/h2>\n<\/div><\/div>[vc_wp_custommenu nav_menu=&#8221;9&#8243; el_class=&#8221;menu-offer&#8221;]<\/div><\/div><\/div><div class=\"vc_col-sm-7 wpb_column vc_column_container our-offer-pad\"><div class=\"vc_column-inner\"><div class=\"wpb_wrapper\"><div class=\"wpb_text_column\"><div class=\"wpb_wrapper\"><h1>Alojamiento<\/h1>\n<\/div><\/div><div class=\"wpb_text_column\"><div class=\"wpb_wrapper\"><p>Proyecto Ib\u00e9rico ofrece el servicio del alojamiento para los estudiantes y alumnos que vienen a Polonia para realizar aqu\u00ed sus pr\u00e1cticas profesionales.<\/p>\n<p>Ofrecemos alojamiento en pisos compartidos con otros estudiantes. Los estudiantes viven en habitaciones dobles y tienen una zona de estar com\u00fan con un comedor y una cocina provista de todo lo necesario.<\/p>\n<p>Oferecemos tambi\u00e9n otra opci\u00f3n del alojamiento: las residencias de estudiantes. En esta opci\u00f3n los estudiantes tambi\u00e9n viven en habitaciones dobles y tienen acceso a los cuartos de ba\u00f1o compartidos, y tambi\u00e9n a una cocina y un comedor compartidos cos otros estudiantes.<\/p>\n<p>Todos nuestros pisos y las residencias de estudiantes con las cuales colaboramos tienen muy buenas ubicaciones y est\u00e1n muy bien comunicados con el centro de la ciudad. En cada sitio hay wifi con buena cobertura.<\/p>\n<p>Nuestro est\u00e1ndar es alojar a los estudiantes en habitaciones dobles, sin embargo a solicitud podemos preparar una oferta individual del alojamiento en habitaciones individuales (tanto en los pisos compartidos, como en las residencias de estudiantes).<\/p>\n<\/div><\/div><div class=\"wpb_text_column\"><div class=\"wpb_wrapper\"><h3>Un ejemplo de nuestro alojamiento<\/h3>\n<\/div><\/div><div class=\"w-grid us_grid type_grid layout_gallery_default cols_4 preload_style_spinner\" id=\"us_grid_1\" style=\"--columns:4;--gap:4px;\" data-filterable=\"true\"><style>@media (max-width:479px){#us_grid_1{--columns:2!important}}.layout_gallery_default .w-grid-item-h{}<\/style><div class=\"w-grid-list\">\t<article class=\"w-grid-item size_1x1 post-2840 attachment type-attachment status-inherit hentry\" data-id=\"2840\">\r\n\t\t<div class=\"w-grid-item-h\">\r\n\t\t\t\t\t\t\t<a ref=\"magnificPopupGrid\" href=\"https:\/\/proyectoiberico.pl\/wp-content\/uploads\/2017\/08\/Warszawa-2.jpg\" class=\"w-grid-item-anchor\" aria-label=\"Warszawa 2\"><\/a>\r\n\t\t\t\t\t\t<div class=\"w-post-elm post_image usg_post_image_1 stretched\"><img loading=\"lazy\" decoding=\"async\" width=\"300\" height=\"300\" src=\"https:\/\/proyectoiberico.pl\/wp-content\/uploads\/2017\/08\/Warszawa-2-300x300.jpg\" class=\"attachment-us_300_300_crop size-us_300_300_crop\" alt=\"\" srcset=\"https:\/\/proyectoiberico.pl\/wp-content\/uploads\/2017\/08\/Warszawa-2-300x300.jpg 300w, https:\/\/proyectoiberico.pl\/wp-content\/uploads\/2017\/08\/Warszawa-2-150x150.jpg 150w, https:\/\/proyectoiberico.pl\/wp-content\/uploads\/2017\/08\/Warszawa-2-600x600.jpg 600w, https:\/\/proyectoiberico.pl\/wp-content\/uploads\/2017\/08\/Warszawa-2-350x350.jpg 350w\" sizes=\"auto, (max-width: 300px) 100vw, 300px\" \/><\/div>\t\t<\/div>\r\n\t\t\t<\/article>\r\n\t<article class=\"w-grid-item size_1x1 post-2846 attachment type-attachment status-inherit hentry\" data-id=\"2846\">\r\n\t\t<div class=\"w-grid-item-h\">\r\n\t\t\t\t\t\t\t<a ref=\"magnificPopupGrid\" href=\"https:\/\/proyectoiberico.pl\/wp-content\/uploads\/2017\/08\/Warszawa1.jpg\" class=\"w-grid-item-anchor\" aria-label=\"Warszawa1\"><\/a>\r\n\t\t\t\t\t\t<div class=\"w-post-elm post_image usg_post_image_1 stretched\"><img loading=\"lazy\" decoding=\"async\" width=\"300\" height=\"300\" src=\"https:\/\/proyectoiberico.pl\/wp-content\/uploads\/2017\/08\/Warszawa1-300x300.jpg\" class=\"attachment-us_300_300_crop size-us_300_300_crop\" alt=\"\" srcset=\"https:\/\/proyectoiberico.pl\/wp-content\/uploads\/2017\/08\/Warszawa1-300x300.jpg 300w, https:\/\/proyectoiberico.pl\/wp-content\/uploads\/2017\/08\/Warszawa1-150x150.jpg 150w, https:\/\/proyectoiberico.pl\/wp-content\/uploads\/2017\/08\/Warszawa1-600x600.jpg 600w, https:\/\/proyectoiberico.pl\/wp-content\/uploads\/2017\/08\/Warszawa1-350x350.jpg 350w\" sizes=\"auto, (max-width: 300px) 100vw, 300px\" \/><\/div>\t\t<\/div>\r\n\t\t\t<\/article>\r\n\t<article class=\"w-grid-item size_1x1 post-2844 attachment type-attachment status-inherit hentry\" data-id=\"2844\">\r\n\t\t<div class=\"w-grid-item-h\">\r\n\t\t\t\t\t\t\t<a ref=\"magnificPopupGrid\" href=\"https:\/\/proyectoiberico.pl\/wp-content\/uploads\/2017\/08\/Warszawa-4.jpg\" class=\"w-grid-item-anchor\" aria-label=\"Warszawa 4\"><\/a>\r\n\t\t\t\t\t\t<div class=\"w-post-elm post_image usg_post_image_1 stretched\"><img loading=\"lazy\" decoding=\"async\" width=\"300\" height=\"300\" src=\"https:\/\/proyectoiberico.pl\/wp-content\/uploads\/2017\/08\/Warszawa-4-300x300.jpg\" class=\"attachment-us_300_300_crop size-us_300_300_crop\" alt=\"\" srcset=\"https:\/\/proyectoiberico.pl\/wp-content\/uploads\/2017\/08\/Warszawa-4-300x300.jpg 300w, https:\/\/proyectoiberico.pl\/wp-content\/uploads\/2017\/08\/Warszawa-4-150x150.jpg 150w, https:\/\/proyectoiberico.pl\/wp-content\/uploads\/2017\/08\/Warszawa-4-600x600.jpg 600w, https:\/\/proyectoiberico.pl\/wp-content\/uploads\/2017\/08\/Warszawa-4-350x350.jpg 350w\" sizes=\"auto, (max-width: 300px) 100vw, 300px\" \/><\/div>\t\t<\/div>\r\n\t\t\t<\/article>\r\n\t<article class=\"w-grid-item size_1x1 post-2842 attachment type-attachment status-inherit hentry\" data-id=\"2842\">\r\n\t\t<div class=\"w-grid-item-h\">\r\n\t\t\t\t\t\t\t<a ref=\"magnificPopupGrid\" href=\"https:\/\/proyectoiberico.pl\/wp-content\/uploads\/2017\/08\/Warszawa-3.jpg\" class=\"w-grid-item-anchor\" aria-label=\"Warszawa 3\"><\/a>\r\n\t\t\t\t\t\t<div class=\"w-post-elm post_image usg_post_image_1 stretched\"><img loading=\"lazy\" decoding=\"async\" width=\"300\" height=\"300\" src=\"https:\/\/proyectoiberico.pl\/wp-content\/uploads\/2017\/08\/Warszawa-3-300x300.jpg\" class=\"attachment-us_300_300_crop size-us_300_300_crop\" alt=\"\" srcset=\"https:\/\/proyectoiberico.pl\/wp-content\/uploads\/2017\/08\/Warszawa-3-300x300.jpg 300w, https:\/\/proyectoiberico.pl\/wp-content\/uploads\/2017\/08\/Warszawa-3-150x150.jpg 150w, https:\/\/proyectoiberico.pl\/wp-content\/uploads\/2017\/08\/Warszawa-3-600x600.jpg 600w, https:\/\/proyectoiberico.pl\/wp-content\/uploads\/2017\/08\/Warszawa-3-350x350.jpg 350w\" sizes=\"auto, (max-width: 300px) 100vw, 300px\" \/><\/div>\t\t<\/div>\r\n\t\t\t<\/article>\r\n\t<article class=\"w-grid-item size_1x1 post-2848 attachment type-attachment status-inherit hentry\" data-id=\"2848\">\r\n\t\t<div class=\"w-grid-item-h\">\r\n\t\t\t\t\t\t\t<a ref=\"magnificPopupGrid\" href=\"https:\/\/proyectoiberico.pl\/wp-content\/uploads\/2017\/08\/Krakow-3.jpg\" class=\"w-grid-item-anchor\" aria-label=\"Krakow 3\"><\/a>\r\n\t\t\t\t\t\t<div class=\"w-post-elm post_image usg_post_image_1 stretched\"><img loading=\"lazy\" decoding=\"async\" width=\"300\" height=\"300\" src=\"https:\/\/proyectoiberico.pl\/wp-content\/uploads\/2017\/08\/Krakow-3-300x300.jpg\" class=\"attachment-us_300_300_crop size-us_300_300_crop\" alt=\"\" srcset=\"https:\/\/proyectoiberico.pl\/wp-content\/uploads\/2017\/08\/Krakow-3-300x300.jpg 300w, https:\/\/proyectoiberico.pl\/wp-content\/uploads\/2017\/08\/Krakow-3-150x150.jpg 150w, https:\/\/proyectoiberico.pl\/wp-content\/uploads\/2017\/08\/Krakow-3-350x350.jpg 350w\" sizes=\"auto, (max-width: 300px) 100vw, 300px\" \/><\/div>\t\t<\/div>\r\n\t\t\t<\/article>\r\n\t<article class=\"w-grid-item size_1x1 post-2850 attachment type-attachment status-inherit hentry\" data-id=\"2850\">\r\n\t\t<div class=\"w-grid-item-h\">\r\n\t\t\t\t\t\t\t<a ref=\"magnificPopupGrid\" href=\"https:\/\/proyectoiberico.pl\/wp-content\/uploads\/2017\/08\/Krakow-4.jpg\" class=\"w-grid-item-anchor\" aria-label=\"Krakow 4\"><\/a>\r\n\t\t\t\t\t\t<div class=\"w-post-elm post_image usg_post_image_1 stretched\"><img loading=\"lazy\" decoding=\"async\" width=\"300\" height=\"300\" src=\"https:\/\/proyectoiberico.pl\/wp-content\/uploads\/2017\/08\/Krakow-4-300x300.jpg\" class=\"attachment-us_300_300_crop size-us_300_300_crop\" alt=\"\" srcset=\"https:\/\/proyectoiberico.pl\/wp-content\/uploads\/2017\/08\/Krakow-4-300x300.jpg 300w, https:\/\/proyectoiberico.pl\/wp-content\/uploads\/2017\/08\/Krakow-4-150x150.jpg 150w, https:\/\/proyectoiberico.pl\/wp-content\/uploads\/2017\/08\/Krakow-4-350x350.jpg 350w\" sizes=\"auto, (max-width: 300px) 100vw, 300px\" \/><\/div>\t\t<\/div>\r\n\t\t\t<\/article>\r\n\t<article class=\"w-grid-item size_1x1 post-2852 attachment type-attachment status-inherit hentry\" data-id=\"2852\">\r\n\t\t<div class=\"w-grid-item-h\">\r\n\t\t\t\t\t\t\t<a ref=\"magnificPopupGrid\" href=\"https:\/\/proyectoiberico.pl\/wp-content\/uploads\/2017\/08\/Krakow-5.jpg\" class=\"w-grid-item-anchor\" aria-label=\"Krakow 5\"><\/a>\r\n\t\t\t\t\t\t<div class=\"w-post-elm post_image usg_post_image_1 stretched\"><img loading=\"lazy\" decoding=\"async\" width=\"300\" height=\"300\" src=\"https:\/\/proyectoiberico.pl\/wp-content\/uploads\/2017\/08\/Krakow-5-300x300.jpg\" class=\"attachment-us_300_300_crop size-us_300_300_crop\" alt=\"\" srcset=\"https:\/\/proyectoiberico.pl\/wp-content\/uploads\/2017\/08\/Krakow-5-300x300.jpg 300w, https:\/\/proyectoiberico.pl\/wp-content\/uploads\/2017\/08\/Krakow-5-150x150.jpg 150w, https:\/\/proyectoiberico.pl\/wp-content\/uploads\/2017\/08\/Krakow-5-350x350.jpg 350w\" sizes=\"auto, (max-width: 300px) 100vw, 300px\" \/><\/div>\t\t<\/div>\r\n\t\t\t<\/article>\r\n\t<article class=\"w-grid-item size_1x1 post-2854 attachment type-attachment status-inherit hentry\" data-id=\"2854\">\r\n\t\t<div class=\"w-grid-item-h\">\r\n\t\t\t\t\t\t\t<a ref=\"magnificPopupGrid\" href=\"https:\/\/proyectoiberico.pl\/wp-content\/uploads\/2017\/08\/Krakow-6.jpg\" class=\"w-grid-item-anchor\" aria-label=\"Krakow 6\"><\/a>\r\n\t\t\t\t\t\t<div class=\"w-post-elm post_image usg_post_image_1 stretched\"><img loading=\"lazy\" decoding=\"async\" width=\"300\" height=\"300\" src=\"https:\/\/proyectoiberico.pl\/wp-content\/uploads\/2017\/08\/Krakow-6-300x300.jpg\" class=\"attachment-us_300_300_crop size-us_300_300_crop\" alt=\"\" srcset=\"https:\/\/proyectoiberico.pl\/wp-content\/uploads\/2017\/08\/Krakow-6-300x300.jpg 300w, https:\/\/proyectoiberico.pl\/wp-content\/uploads\/2017\/08\/Krakow-6-150x150.jpg 150w, https:\/\/proyectoiberico.pl\/wp-content\/uploads\/2017\/08\/Krakow-6-350x350.jpg 350w\" sizes=\"auto, (max-width: 300px) 100vw, 300px\" \/><\/div>\t\t<\/div>\r\n\t\t\t<\/article>\r\n<\/div>\t<div class=\"w-grid-preloader\">\r\n\t\t<div class=\"g-preloader type_1\">\r\n\t\t\t<div><\/div>\r\n\t\t<\/div>\r\n\t<\/div>\r\n\t\t<div class=\"w-grid-json hidden\" onclick='return {&quot;action&quot;:&quot;us_ajax_grid&quot;,&quot;infinite_scroll&quot;:0,&quot;max_num_pages&quot;:1,&quot;pagination&quot;:&quot;none&quot;,&quot;template_vars&quot;:{&quot;columns&quot;:&quot;4&quot;,&quot;exclude_items&quot;:&quot;none&quot;,&quot;img_size&quot;:&quot;us_300_300_crop&quot;,&quot;ignore_items_size&quot;:0,&quot;items_layout&quot;:&quot;gallery_default&quot;,&quot;items_offset&quot;:&quot;1&quot;,&quot;load_animation&quot;:&quot;none&quot;,&quot;overriding_link&quot;:&quot;%7B%22type%22%3A%22popup_image%22%7D&quot;,&quot;post_id&quot;:0,&quot;query_args&quot;:{&quot;post_type&quot;:[&quot;attachment&quot;],&quot;post__in&quot;:[&quot;880&quot;,&quot;883&quot;,&quot;882&quot;,&quot;881&quot;,&quot;884&quot;,&quot;885&quot;,&quot;886&quot;,&quot;887&quot;],&quot;post_status&quot;:&quot;inherit&quot;,&quot;post_mime_type&quot;:&quot;image&quot;,&quot;posts_per_page&quot;:999},&quot;orderby_query_args&quot;:{&quot;orderby&quot;:{&quot;post__in&quot;:&quot;ASC&quot;},&quot;order&quot;:&quot;ASC&quot;},&quot;type&quot;:&quot;grid&quot;,&quot;us_grid_post_type&quot;:&quot;attachment&quot;,&quot;us_grid_ajax_index&quot;:1,&quot;us_grid_filter_query_string&quot;:null,&quot;us_grid_index&quot;:1,&quot;page_args&quot;:[],&quot;lang&quot;:&quot;es&quot;}}'><\/div>\r\n\t<\/div><\/div><\/div><\/div><\/div><\/div><\/section>\n","protected":false},"excerpt":{"rendered":"","protected":false},"author":1,"featured_media":0,"parent":1401,"menu_order":0,"comment_status":"closed","ping_status":"closed","template":"","meta":{"footnotes":""},"class_list":["post-1426","page","type-page","status-publish","hentry"],"_links":{"self":[{"href":"https:\/\/proyectoiberico.pl\/es\/wp-json\/wp\/v2\/pages\/1426","targetHints":{"allow":["GET"]}}],"collection":[{"href":"https:\/\/proyectoiberico.pl\/es\/wp-json\/wp\/v2\/pages"}],"about":[{"href":"https:\/\/proyectoiberico.pl\/es\/wp-json\/wp\/v2\/types\/page"}],"author":[{"embeddable":true,"href":"https:\/\/proyectoiberico.pl\/es\/wp-json\/wp\/v2\/users\/1"}],"replies":[{"embeddable":true,"href":"https:\/\/proyectoiberico.pl\/es\/wp-json\/wp\/v2\/comments?post=1426"}],"version-history":[{"count":2,"href":"https:\/\/proyectoiberico.pl\/es\/wp-json\/wp\/v2\/pages\/1426\/revisions"}],"predecessor-version":[{"id":3109,"href":"https:\/\/proyectoiberico.pl\/es\/wp-json\/wp\/v2\/pages\/1426\/revisions\/3109"}],"up":[{"embeddable":true,"href":"https:\/\/proyectoiberico.pl\/es\/wp-json\/wp\/v2\/pages\/1401"}],"wp:attachment":[{"href":"https:\/\/proyectoiberico.pl\/es\/wp-json\/wp\/v2\/media?parent=1426"}],"curies":[{"name":"wp","href":"https:\/\/api.w.org\/{rel}","templated":true}]}}