{"id":1401,"date":"2017-08-21T12:07:24","date_gmt":"2017-08-21T10:07:24","guid":{"rendered":"http:\/\/proyectoiberico.pl\/praktyki-dla-obcokrajowcow-w-warszawie-i-krakowie\/"},"modified":"2025-07-29T21:24:03","modified_gmt":"2025-07-29T19:24:03","slug":"practicas-para-extranjeros-en-cracovia-y-varsovia","status":"publish","type":"page","link":"https:\/\/proyectoiberico.pl\/es\/practicas-para-extranjeros-en-cracovia-y-varsovia\/","title":{"rendered":"Pr\u00e1cticas para extranjeros en Cracovia y Varsovia"},"content":{"rendered":"<section class=\"l-section wpb_row main-heading height_medium full_height valign_center with_img parallax_ver\"><div class=\"l-section-img\" role=\"img\" aria-label=\"Image\" data-img-width=\"1400\" data-img-height=\"804\" style=\"background-image: url(https:\/\/proyectoiberico.pl\/wp-content\/uploads\/2017\/08\/praktyki-zdj-glowne.jpg);\"><\/div><div class=\"l-section-overlay\" style=\"background:rgba(0,0,0,0.12)\"><\/div><div class=\"l-section-h i-cf\"><div class=\"g-cols vc_row via_flex valign_top type_default stacking_default\"><div class=\"vc_col-sm-12 wpb_column vc_column_container has_text_color\"><div class=\"vc_column-inner us_custom_6df4bc3a\"><div class=\"wpb_wrapper\"><div class=\"wpb_text_column practice\"><div class=\"wpb_wrapper\"><h1>Pr\u00e1cticas<br \/>\n<span class=\"srodektytulu\">para extranjeros<\/span><br \/>\n<span class=\"cities\">EN CRACOVIA | VARSOVIA | KATOWICE<\/span><\/h1>\n<\/div><\/div><\/div><\/div><\/div><\/div><\/div><\/section><section class=\"l-section wpb_row height_large\"><div class=\"l-section-h i-cf\"><div class=\"g-cols vc_row via_flex valign_middle type_default stacking_default\"><div class=\"vc_col-sm-6 wpb_column vc_column_container pr-special\"><div class=\"vc_column-inner\"><div class=\"wpb_wrapper\"><div class=\"wpb_text_column\"><div class=\"wpb_wrapper\"><h2>Nuestra oferta de las pr\u00e1cticas<\/h2>\n<p>Proyecto Ib\u00e9rico ofrece pr\u00e1cticas profesionales en Polonia para los estudiante extranjeros del sector de formaci\u00f3n profesional (VET) y tambi\u00e9n para los estudiantes universitarios.<\/p>\n<p>Somos socio de varias instituciones extranjeras para las cuales organizamos pr\u00e1cticas para numerosos perfiles de formaci\u00f3n dentro del \u00e1mbito del programa comunitario Erasmus Plus y otros programas de becas.<\/p>\n<p>Desde hace m\u00e1s de seis a\u00f1os Proyecto Ib\u00e9rico recibe en Polonia a los estudiantes extranjeros que gracias a las pr\u00e1cticas Erasmus en nuestro pa\u00eds pudieron obtener primeras experiencias profesionales, as\u00ed como desarrollar sus competencias ling\u00fc\u00edsticas y personales.<\/p>\n<\/div><\/div><div class=\"w-btn-wrapper align_none\"><a class=\"w-btn us-btn-style_5 us_custom_f73f4019 pad-btn\" href=\"https:\/\/proyectoiberico.pl\/es\/practicas-para-extranjeros-en-cracovia-y-varsovia\/por-que-nosotros\/\"><span class=\"w-btn-label\">V\u00c9ASE LA OFERTA COMPLETA<\/span><\/a><\/div><\/div><\/div><\/div><div class=\"vc_col-sm-6 wpb_column vc_column_container\"><div class=\"vc_column-inner\"><div class=\"wpb_wrapper\"><div class=\"w-image align_center\"><div class=\"w-image-h\"><img decoding=\"async\" width=\"530\" height=\"499\" src=\"https:\/\/proyectoiberico.pl\/wp-content\/uploads\/2017\/08\/grafika-polska.png\" class=\"attachment-full size-full\" alt=\"\" loading=\"lazy\" srcset=\"https:\/\/proyectoiberico.pl\/wp-content\/uploads\/2017\/08\/grafika-polska.png 530w, https:\/\/proyectoiberico.pl\/wp-content\/uploads\/2017\/08\/grafika-polska-300x282.png 300w\" sizes=\"auto, (max-width: 530px) 100vw, 530px\" \/><\/div><\/div><\/div><\/div><\/div><\/div><\/div><\/section><section class=\"l-section wpb_row krakow-warszawa height_auto width_full\"><div class=\"l-section-h i-cf\"><div class=\"g-cols vc_row via_flex valign_middle type_default stacking_default\"><div class=\"vc_col-sm-4 wpb_column vc_column_container has_text_color has_bg_color\"><div class=\"vc_column-inner us_custom_137a61ce\"><div class=\"wpb_wrapper\"><div class=\"wpb_text_column text-center miasto\"><div class=\"wpb_wrapper\"><p>Cracovia<\/p>\n<\/div><\/div><div class=\"w-btn-wrapper align_center\"><a class=\"w-btn us-btn-style_6 us_custom_f73f4019 pad-btn\" href=\"https:\/\/proyectoiberico.pl\/es\/practicas-para-extranjeros-en-cracovia-y-varsovia\/practicas-en-cracovia\/\"><span class=\"w-btn-label\">M\u00c1S INFORMACI\u00d3N<\/span><\/a><\/div><\/div><\/div><\/div><div class=\"vc_col-sm-4 wpb_column vc_column_container has_text_color has_bg_color\"><div class=\"vc_column-inner us_custom_eae334d0\"><div class=\"wpb_wrapper\"><div class=\"wpb_text_column text-center miasto\"><div class=\"wpb_wrapper\"><p>Varsovia<\/p>\n<\/div><\/div><div class=\"w-btn-wrapper align_center\"><a class=\"w-btn us-btn-style_6 us_custom_f73f4019 pad-btn\" href=\"https:\/\/proyectoiberico.pl\/es\/practicas-para-extranjeros-en-cracovia-y-varsovia\/practicas-en-varsovia\/\"><span class=\"w-btn-label\">M\u00c1S INFORMACI\u00d3N<\/span><\/a><\/div><\/div><\/div><\/div><div class=\"vc_col-sm-4 wpb_column vc_column_container has_bg_color\"><div class=\"vc_column-inner us_custom_c6644a28\"><div class=\"wpb_wrapper\"><div class=\"wpb_text_column us_custom_6df4bc3a text-center miasto has_text_color\"><div class=\"wpb_wrapper\"><p>Katowice<\/p>\n<\/div><\/div><div class=\"w-btn-wrapper align_center\"><a class=\"w-btn us-btn-style_6 us_custom_f73f4019 pad-btn\" href=\"https:\/\/proyectoiberico.pl\/es\/practicas-para-extranjeros-en-cracovia-y-varsovia\/practicas-katowice\/\"><span class=\"w-btn-label\">M\u00c1S INFORMACI\u00d3N<\/span><\/a><\/div><\/div><\/div><\/div><\/div><\/div><\/section><section class=\"l-section wpb_row sektory-praktyki height_large\"><div class=\"l-section-h i-cf\"><div class=\"g-cols vc_row via_flex valign_top type_default stacking_default\"><div class=\"vc_col-sm-6 wpb_column vc_column_container\"><div class=\"vc_column-inner us_custom_87e944e5\"><div class=\"wpb_wrapper\"><div class=\"wpb_text_column\"><div class=\"wpb_wrapper\"><h2>\u00c1reas de pr\u00e1cticas<\/h2>\n<p>Mira las \u00e1reas<br \/>\nde las pr\u00e1cticas<br \/>\nofrecidas por Proyecto Ib\u00e9rico.<\/p>\n<\/div><\/div><div class=\"w-btn-wrapper align_none\"><a class=\"w-btn us-btn-style_5 us_custom_f73f4019 pad-btn\" href=\"https:\/\/proyectoiberico.pl\/es\/practicas-para-extranjeros-en-cracovia-y-varsovia\/areas-de-practicas\/\"><span class=\"w-btn-label\">M\u00c1S INFORMACI\u00d3N<\/span><\/a><\/div><\/div><\/div><\/div><div class=\"vc_col-sm-6 wpb_column vc_column_container has_bg_color\"><div class=\"vc_column-inner us_custom_4fb9e5a3\"><div class=\"wpb_wrapper\"><div class=\"wpb_text_column text-right\"><div class=\"wpb_wrapper\"><h2>Alojamiento<\/h2>\n<p>A los estudiantes que aprovechan<br \/>\nde nuestra oferta de pr\u00e1cticas profesionales<br \/>\nles ofrecemos tambi\u00e9n varias opciones de alojamiento.<\/p>\n<\/div><\/div><div class=\"w-btn-wrapper align_right\"><a class=\"w-btn us-btn-style_5 us_custom_f73f4019 pad-btn\" href=\"https:\/\/proyectoiberico.pl\/es\/practicas-para-extranjeros-en-cracovia-y-varsovia\/alojamiento\/\"><span class=\"w-btn-label\">M\u00c1S INFORMACI\u00d3N<\/span><\/a><\/div><\/div><\/div><\/div><\/div><\/div><\/section><section class=\"l-section wpb_row section-btn-center height_large with_img\"><div class=\"l-section-img\" role=\"img\" aria-label=\"Image\" data-img-width=\"1400\" data-img-height=\"350\" style=\"background-image: url(https:\/\/proyectoiberico.pl\/wp-content\/uploads\/2017\/08\/praktyki-cta-opinie.jpg);background-repeat: no-repeat;\"><\/div><div class=\"l-section-h i-cf\"><div class=\"g-cols vc_row via_flex valign_top type_default stacking_default\"><div class=\"vc_col-sm-12 wpb_column vc_column_container has_text_color\"><div class=\"vc_column-inner us_custom_6df4bc3a\"><div class=\"wpb_wrapper\"><div class=\"wpb_text_column text-center\"><div class=\"wpb_wrapper\"><p><span class=\"pacifico-duze\">M\u00e1s de 2000 practicantes satisfechos<\/span><\/p>\n<p>Lee las opiniones de las personas que utilizaron nuestros servicios.<\/p>\n<\/div><\/div><div class=\"w-btn-wrapper align_center\"><a class=\"w-btn us-btn-style_5 us_custom_f73f4019 pad-btn\" href=\"https:\/\/proyectoiberico.pl\/es\/practicas-para-extranjeros-en-cracovia-y-varsovia\/opiniones\/\"><span class=\"w-btn-label\">LEE OPINIONES<\/span><\/a><\/div><\/div><\/div><\/div><\/div><\/div><\/section><section class=\"l-section wpb_row us_custom_06067da5 cta-main height_large with_img\"><div class=\"l-section-img\" role=\"img\" aria-label=\"Image\" data-img-width=\"436\" data-img-height=\"300\" style=\"background-image: url(https:\/\/proyectoiberico.pl\/wp-content\/uploads\/2017\/08\/logo-cta-zolte.png);background-repeat: no-repeat;background-size: auto;\"><\/div><div class=\"l-section-h i-cf\"><div class=\"g-cols vc_row via_flex valign_middle type_default stacking_default\"><div class=\"vc_col-sm-8 wpb_column vc_column_container has_text_color\"><div class=\"vc_column-inner us_custom_6df4bc3a\"><div class=\"wpb_wrapper\"><div class=\"wpb_text_column text-center pacifico-duze\"><div class=\"wpb_wrapper\"><p>Lee las preguntas m\u00e1s frecuentes<\/p>\n<\/div><\/div><\/div><\/div><\/div><div class=\"vc_col-sm-4 wpb_column vc_column_container\"><div class=\"vc_column-inner\"><div class=\"wpb_wrapper\"><div class=\"w-btn-wrapper align_none\"><a class=\"w-btn us-btn-style_4 us_custom_f73f4019 cta-btn-yellow\" href=\"https:\/\/proyectoiberico.pl\/es\/practicas-para-extranjeros-en-cracovia-y-varsovia\/preguntas-mas-frecuentes\/\"><span class=\"w-btn-label\">V\u00c9ASE<\/span><\/a><\/div><\/div><\/div><\/div><\/div><\/div><\/section><section class=\"l-section wpb_row proyecto-ib\u00e9rico height_large\"><div class=\"l-section-h i-cf\"><div class=\"g-cols vc_row via_flex valign_middle type_default stacking_default\"><div class=\"vc_col-sm-6 wpb_column vc_column_container pr-special\"><div class=\"vc_column-inner\"><div class=\"wpb_wrapper\"><div class=\"wpb_text_column\"><div class=\"wpb_wrapper\"><h2>Proyecto Ib\u00e9rico<\/h2>\n<p>Proyecto Ib\u00e9rico es una empresa fundada en el a\u00f1o 2011 que desde su inicio cuenta con un desarrollo din\u00e1mico. Nos dedicamos entre otras cosas a organizar pr\u00e1cticas profesionales para estudiantes, coordinar los cursos de idiomas en el extranjero, as\u00ed como de organizar cursos y formaciones ling\u00fc\u00edsticas para las empresas. Realizamos tambi\u00e9n traducciones profesionales ordinarias y juradas del idioma espa\u00f1ol.<\/p>\n<p>Nuestro lema clave es la calidad. Todos los proyectos realizamos con mucho cuidado y nos confiamos \u00fanicamente en las soluciones y contratistas verificados antes personalmente.<\/p>\n<\/div><\/div><\/div><\/div><\/div><div class=\"vc_col-sm-6 wpb_column vc_column_container\"><div class=\"vc_column-inner\"><div class=\"wpb_wrapper\"><div class=\"w-image align_center\"><div class=\"w-image-h\"><img decoding=\"async\" width=\"530\" height=\"528\" src=\"https:\/\/proyectoiberico.pl\/wp-content\/uploads\/2017\/08\/grafika-proyecto.png\" class=\"attachment-full size-full\" alt=\"\" loading=\"lazy\" srcset=\"https:\/\/proyectoiberico.pl\/wp-content\/uploads\/2017\/08\/grafika-proyecto.png 530w, https:\/\/proyectoiberico.pl\/wp-content\/uploads\/2017\/08\/grafika-proyecto-150x150.png 150w, https:\/\/proyectoiberico.pl\/wp-content\/uploads\/2017\/08\/grafika-proyecto-300x300.png 300w, https:\/\/proyectoiberico.pl\/wp-content\/uploads\/2017\/08\/grafika-proyecto-350x350.png 350w\" sizes=\"auto, (max-width: 530px) 100vw, 530px\" \/><\/div><\/div><\/div><\/div><\/div><\/div><\/div><\/section><section class=\"l-section wpb_row section-btn-center height_large with_img\"><div class=\"l-section-img\" role=\"img\" aria-label=\"Image\" data-img-width=\"1400\" data-img-height=\"350\" style=\"background-image: url(https:\/\/proyectoiberico.pl\/wp-content\/uploads\/2017\/08\/praktyki-cta-galeria.jpg);background-repeat: no-repeat;\"><\/div><div class=\"l-section-h i-cf\"><div class=\"g-cols vc_row via_flex valign_top type_default stacking_default\"><div class=\"vc_col-sm-12 wpb_column vc_column_container has_text_color\"><div class=\"vc_column-inner us_custom_6df4bc3a\"><div class=\"wpb_wrapper\"><div class=\"wpb_text_column text-center\"><div class=\"wpb_wrapper\"><p><span class=\"pacifico-duze\">Galer\u00eda de fotos<\/span><\/p>\n<p>Mira las fotos de los estudiantes que realizaron sus pr\u00e1cticas en Cracovia y en Varsovia.<\/p>\n<\/div><\/div><div class=\"w-btn-wrapper align_center\"><a class=\"w-btn us-btn-style_6 us_custom_f73f4019 pad-btn\" href=\"https:\/\/proyectoiberico.pl\/es\/practicas-para-extranjeros-en-cracovia-y-varsovia\/galeria-de-fotos\/\"><span class=\"w-btn-label\">MIRA LA GALER\u00cdA DE FOTOS<\/span><\/a><\/div><\/div><\/div><\/div><\/div><\/div><\/section>\n","protected":false},"excerpt":{"rendered":"Pr\u00e1cticas para extranjeros EN CRACOVIA | VARSOVIA | KATOWICE Nuestra oferta de las pr\u00e1cticas Proyecto Ib\u00e9rico ofrece pr\u00e1cticas profesionales en Polonia para los estudiante extranjeros del sector de formaci\u00f3n profesional (VET) y tambi\u00e9n para los estudiantes universitarios. Somos socio de varias instituciones extranjeras para las cuales organizamos pr\u00e1cticas para numerosos perfiles de formaci\u00f3n dentro del...","protected":false},"author":1,"featured_media":0,"parent":0,"menu_order":0,"comment_status":"closed","ping_status":"closed","template":"","meta":{"footnotes":""},"class_list":["post-1401","page","type-page","status-publish","hentry"],"_links":{"self":[{"href":"https:\/\/proyectoiberico.pl\/es\/wp-json\/wp\/v2\/pages\/1401","targetHints":{"allow":["GET"]}}],"collection":[{"href":"https:\/\/proyectoiberico.pl\/es\/wp-json\/wp\/v2\/pages"}],"about":[{"href":"https:\/\/proyectoiberico.pl\/es\/wp-json\/wp\/v2\/types\/page"}],"author":[{"embeddable":true,"href":"https:\/\/proyectoiberico.pl\/es\/wp-json\/wp\/v2\/users\/1"}],"replies":[{"embeddable":true,"href":"https:\/\/proyectoiberico.pl\/es\/wp-json\/wp\/v2\/comments?post=1401"}],"version-history":[{"count":3,"href":"https:\/\/proyectoiberico.pl\/es\/wp-json\/wp\/v2\/pages\/1401\/revisions"}],"predecessor-version":[{"id":3118,"href":"https:\/\/proyectoiberico.pl\/es\/wp-json\/wp\/v2\/pages\/1401\/revisions\/3118"}],"wp:attachment":[{"href":"https:\/\/proyectoiberico.pl\/es\/wp-json\/wp\/v2\/media?parent=1401"}],"curies":[{"name":"wp","href":"https:\/\/api.w.org\/{rel}","templated":true}]}}