{"id":1394,"date":"2017-08-21T17:27:48","date_gmt":"2017-08-21T15:27:48","guid":{"rendered":"http:\/\/proyectoiberico.pl\/sektory-praktyk\/"},"modified":"2021-10-19T18:30:38","modified_gmt":"2021-10-19T16:30:38","slug":"areas-de-practicas","status":"publish","type":"page","link":"https:\/\/proyectoiberico.pl\/es\/practicas-para-extranjeros-en-cracovia-y-varsovia\/areas-de-practicas\/","title":{"rendered":"\u00c1reas de pr\u00e1cticas"},"content":{"rendered":"<section class=\"l-section wpb_row practice-main height_large with_img\"><div class=\"l-section-img\" role=\"img\" aria-label=\"Image\" data-img-width=\"1400\" data-img-height=\"360\" style=\"background-image: url(https:\/\/proyectoiberico.pl\/wp-content\/uploads\/2017\/08\/naglowek.jpg);background-repeat: no-repeat;\"><\/div><div class=\"l-section-overlay\" style=\"background:rgba(0,0,0,0.14)\"><\/div><div class=\"l-section-h i-cf\"><div class=\"g-cols vc_row via_flex valign_top type_default stacking_default\"><div class=\"vc_col-sm-12 wpb_column vc_column_container has_text_color\"><div class=\"vc_column-inner us_custom_6df4bc3a\"><div class=\"wpb_wrapper\"><div class=\"wpb_text_column text-center our-offer-h1\"><div class=\"wpb_wrapper\"><p>Nuestra oferta<\/p>\n<\/div><\/div><\/div><\/div><\/div><\/div><\/div><\/section><section class=\"l-section wpb_row bg-img-krk height_large\"><div class=\"l-section-h i-cf\"><div class=\"g-cols vc_row via_flex valign_top type_default stacking_default\"><div class=\"vc_col-sm-3 wpb_column vc_column_container\"><div class=\"vc_column-inner\"><div class=\"wpb_wrapper\"><div class=\"wpb_text_column text-center pad-offer-h2\"><div class=\"wpb_wrapper\"><h2>Oferta<\/h2>\n<\/div><\/div>[vc_wp_custommenu nav_menu=&#8221;9&#8243; el_class=&#8221;menu-offer&#8221;]<\/div><\/div><\/div><div class=\"vc_col-sm-9 wpb_column vc_column_container our-offer-pad\"><div class=\"vc_column-inner\"><div class=\"wpb_wrapper\"><div class=\"wpb_text_column mobile-center\"><div class=\"wpb_wrapper\"><h1>\u00c1reas de pr\u00e1cticas<\/h1>\n<\/div><\/div><div class=\"g-cols wpb_row sektory via_flex valign_middle type_default stacking_default\"><div class=\"vc_col-sm-2 wpb_column vc_column_container\"><div class=\"vc_column-inner\"><div class=\"wpb_wrapper\"><div class=\"w-image align_center\"><div class=\"w-image-h\"><img decoding=\"async\" width=\"80\" height=\"80\" src=\"https:\/\/proyectoiberico.pl\/wp-content\/uploads\/2017\/08\/1-1.png\" class=\"attachment-full size-full\" alt=\"\" loading=\"lazy\" \/><\/div><\/div><\/div><\/div><\/div><div class=\"vc_col-sm-4 wpb_column vc_column_container\"><div class=\"vc_column-inner\"><div class=\"wpb_wrapper\"><div class=\"wpb_text_column\"><div class=\"wpb_wrapper\"><p>ADMINISTRACI\u00d3N Y GESTI\u00d3N<br \/>\nPERIODISMO<br \/>\nBANCA Y FINANZAS<br \/>\nRECURSOS HUMANOS<br \/>\nMARKETING, COMUNICACI\u00d3N Y RELACIONES P\u00daBLICAS<\/p>\n<\/div><\/div><\/div><\/div><\/div><div class=\"vc_col-sm-2 wpb_column vc_column_container\"><div class=\"vc_column-inner\"><div class=\"wpb_wrapper\"><div class=\"w-image align_center\"><div class=\"w-image-h\"><img decoding=\"async\" width=\"80\" height=\"80\" src=\"https:\/\/proyectoiberico.pl\/wp-content\/uploads\/2017\/08\/2-1.png\" class=\"attachment-full size-full\" alt=\"\" loading=\"lazy\" \/><\/div><\/div><\/div><\/div><\/div><div class=\"vc_col-sm-4 wpb_column vc_column_container\"><div class=\"vc_column-inner\"><div class=\"wpb_wrapper\"><div class=\"wpb_text_column\"><div class=\"wpb_wrapper\"><p>DIET\u00c9TICA<br \/>\nMEDICINA F\u00cdSICA Y REHABILITACI\u00d3N<br \/>\nENFERMER\u00cdA<br \/>\nRADIOLOG\u00cdA<br \/>\nHIGIENE BUCODENTAL<\/p>\n<\/div><\/div><\/div><\/div><\/div><\/div><div class=\"g-cols wpb_row sektory via_flex valign_middle type_default stacking_default\"><div class=\"vc_col-sm-2 wpb_column vc_column_container\"><div class=\"vc_column-inner\"><div class=\"wpb_wrapper\"><div class=\"w-image align_center\"><div class=\"w-image-h\"><img decoding=\"async\" width=\"80\" height=\"80\" src=\"https:\/\/proyectoiberico.pl\/wp-content\/uploads\/2017\/08\/3-1.png\" class=\"attachment-full size-full\" alt=\"\" loading=\"lazy\" \/><\/div><\/div><\/div><\/div><\/div><div class=\"vc_col-sm-4 wpb_column vc_column_container\"><div class=\"vc_column-inner\"><div class=\"wpb_wrapper\"><div class=\"wpb_text_column\"><div class=\"wpb_wrapper\"><p>ELECTRICIDAD Y ELECTR\u00d3NICA<br \/>\nENERG\u00cdAS RENOVABLES<br \/>\nAUTOMOCI\u00d3N Y MANTENIMIENTO DE VEH\u00cdCULOS<br \/>\nROB\u00d3TICA INDUSTRIAL<\/p>\n<\/div><\/div><\/div><\/div><\/div><div class=\"vc_col-sm-2 wpb_column vc_column_container\"><div class=\"vc_column-inner\"><div class=\"wpb_wrapper\"><div class=\"w-image align_center\"><div class=\"w-image-h\"><img decoding=\"async\" width=\"80\" height=\"80\" src=\"https:\/\/proyectoiberico.pl\/wp-content\/uploads\/2017\/08\/4-1.png\" class=\"attachment-full size-full\" alt=\"\" loading=\"lazy\" \/><\/div><\/div><\/div><\/div><\/div><div class=\"vc_col-sm-4 wpb_column vc_column_container\"><div class=\"vc_column-inner\"><div class=\"wpb_wrapper\"><div class=\"wpb_text_column\"><div class=\"wpb_wrapper\"><p>ARQUITECTURA<br \/>\nCONSTRUCCI\u00d3N<br \/>\nDISE\u00d1O INTERIOR<br \/>\nDISE\u00d1O GR\u00c1FICO<\/p>\n<\/div><\/div><\/div><\/div><\/div><\/div><div class=\"g-cols wpb_row sektory via_flex valign_middle type_default stacking_default\"><div class=\"vc_col-sm-2 wpb_column vc_column_container\"><div class=\"vc_column-inner\"><div class=\"wpb_wrapper\"><div class=\"w-image align_center\"><div class=\"w-image-h\"><img decoding=\"async\" width=\"80\" height=\"80\" src=\"https:\/\/proyectoiberico.pl\/wp-content\/uploads\/2017\/08\/5-1.png\" class=\"attachment-full size-full\" alt=\"\" loading=\"lazy\" \/><\/div><\/div><\/div><\/div><\/div><div class=\"vc_col-sm-4 wpb_column vc_column_container\"><div class=\"vc_column-inner\"><div class=\"wpb_wrapper\"><div class=\"wpb_text_column\"><div class=\"wpb_wrapper\"><p>PROTECCI\u00d3N DEL MEDIO AMBIENTE<br \/>\nHORTICULTURA<\/p>\n<\/div><\/div><\/div><\/div><\/div><div class=\"vc_col-sm-2 wpb_column vc_column_container\"><div class=\"vc_column-inner\"><div class=\"wpb_wrapper\"><div class=\"w-image align_center\"><div class=\"w-image-h\"><img decoding=\"async\" width=\"80\" height=\"80\" src=\"https:\/\/proyectoiberico.pl\/wp-content\/uploads\/2017\/08\/6-1.png\" class=\"attachment-full size-full\" alt=\"\" loading=\"lazy\" \/><\/div><\/div><\/div><\/div><\/div><div class=\"vc_col-sm-4 wpb_column vc_column_container\"><div class=\"vc_column-inner\"><div class=\"wpb_wrapper\"><div class=\"wpb_text_column\"><div class=\"wpb_wrapper\"><p>PASTELER\u00cdA<br \/>\nCOCINA Y GASTRONOM\u00cdA<br \/>\nPANADER\u00cdA<br \/>\nRESTAURACI\u00d3N<\/p>\n<\/div><\/div><\/div><\/div><\/div><\/div><div class=\"g-cols wpb_row sektory via_flex valign_middle type_default stacking_default\"><div class=\"vc_col-sm-2 wpb_column vc_column_container\"><div class=\"vc_column-inner\"><div class=\"wpb_wrapper\"><div class=\"w-image align_center\"><div class=\"w-image-h\"><img decoding=\"async\" width=\"80\" height=\"80\" src=\"https:\/\/proyectoiberico.pl\/wp-content\/uploads\/2017\/08\/7.png\" class=\"attachment-full size-full\" alt=\"\" loading=\"lazy\" \/><\/div><\/div><\/div><\/div><\/div><div class=\"vc_col-sm-4 wpb_column vc_column_container\"><div class=\"vc_column-inner\"><div class=\"wpb_wrapper\"><div class=\"wpb_text_column\"><div class=\"wpb_wrapper\"><p>PELUQUER\u00cdA<br \/>\nMODA Y CONFECCI\u00d3N<br \/>\nBIENESTAR Y EST\u00c9TICA<\/p>\n<\/div><\/div><\/div><\/div><\/div><div class=\"vc_col-sm-2 wpb_column vc_column_container\"><div class=\"vc_column-inner\"><div class=\"wpb_wrapper\"><div class=\"w-image align_center\"><div class=\"w-image-h\"><img decoding=\"async\" width=\"80\" height=\"80\" src=\"https:\/\/proyectoiberico.pl\/wp-content\/uploads\/2017\/08\/8.png\" class=\"attachment-full size-full\" alt=\"\" loading=\"lazy\" \/><\/div><\/div><\/div><\/div><\/div><div class=\"vc_col-sm-4 wpb_column vc_column_container\"><div class=\"vc_column-inner\"><div class=\"wpb_wrapper\"><div class=\"wpb_text_column\"><div class=\"wpb_wrapper\"><p>EDUCACI\u00d3N, INCLUYENDO LA EDUCACI\u00d3N INFANTIL<br \/>\nANIMACI\u00d3N DE ACTIVIDADES F\u00cdSICAS Y DEPORTIVAS<br \/>\nINTEGRACI\u00d3N SOCIAL<\/p>\n<\/div><\/div><\/div><\/div><\/div><\/div><div class=\"g-cols wpb_row sektory via_flex valign_middle type_default stacking_default\"><div class=\"vc_col-sm-2 wpb_column vc_column_container\"><div class=\"vc_column-inner\"><div class=\"wpb_wrapper\"><div class=\"w-image align_center\"><div class=\"w-image-h\"><img decoding=\"async\" width=\"80\" height=\"80\" src=\"https:\/\/proyectoiberico.pl\/wp-content\/uploads\/2017\/08\/9.png\" class=\"attachment-full size-full\" alt=\"\" loading=\"lazy\" \/><\/div><\/div><\/div><\/div><\/div><div class=\"vc_col-sm-4 wpb_column vc_column_container\"><div class=\"vc_column-inner\"><div class=\"wpb_wrapper\"><div class=\"wpb_text_column\"><div class=\"wpb_wrapper\"><p>APLICACIONES MULTIPLATAFORMA Y APLICACIONES WEB<br \/>\nINFORM\u00c1TICA<br \/>\nTELECOMUNICACI\u00d3N<\/p>\n<\/div><\/div><\/div><\/div><\/div><div class=\"vc_col-sm-2 wpb_column vc_column_container\"><div class=\"vc_column-inner\"><div class=\"wpb_wrapper\"><div class=\"w-image align_center\"><div class=\"w-image-h\"><img decoding=\"async\" width=\"80\" height=\"80\" src=\"https:\/\/proyectoiberico.pl\/wp-content\/uploads\/2017\/08\/10.png\" class=\"attachment-full size-full\" alt=\"\" loading=\"lazy\" \/><\/div><\/div><\/div><\/div><\/div><div class=\"vc_col-sm-4 wpb_column vc_column_container\"><div class=\"vc_column-inner\"><div class=\"wpb_wrapper\"><div class=\"wpb_text_column\"><div class=\"wpb_wrapper\"><p>ANIMACI\u00d3N 3D<br \/>\nPRODUCCI\u00d3N DE PROYECTOS AUDIOVISUALES<\/p>\n<\/div><\/div><\/div><\/div><\/div><\/div><div class=\"g-cols wpb_row sektory via_flex valign_middle type_default stacking_default\"><div class=\"vc_col-sm-2 wpb_column vc_column_container\"><div class=\"vc_column-inner\"><div class=\"wpb_wrapper\"><div class=\"w-image align_center\"><div class=\"w-image-h\"><img decoding=\"async\" width=\"80\" height=\"80\" src=\"https:\/\/proyectoiberico.pl\/wp-content\/uploads\/2017\/08\/11.png\" class=\"attachment-full size-full\" alt=\"\" loading=\"lazy\" \/><\/div><\/div><\/div><\/div><\/div><div class=\"vc_col-sm-4 wpb_column vc_column_container\"><div class=\"vc_column-inner\"><div class=\"wpb_wrapper\"><div class=\"wpb_text_column\"><div class=\"wpb_wrapper\"><p>LABORATORY DIAGNOSTICS<br \/>\nQU\u00cdMICA<\/p>\n<\/div><\/div><\/div><\/div><\/div><div class=\"vc_col-sm-2 wpb_column vc_column_container\"><div class=\"vc_column-inner\"><div class=\"wpb_wrapper\"><div class=\"w-image align_center\"><div class=\"w-image-h\"><img decoding=\"async\" width=\"90\" height=\"80\" src=\"https:\/\/proyectoiberico.pl\/wp-content\/uploads\/2017\/08\/12.png\" class=\"attachment-full size-full\" alt=\"\" loading=\"lazy\" \/><\/div><\/div><\/div><\/div><\/div><div class=\"vc_col-sm-4 wpb_column vc_column_container\"><div class=\"vc_column-inner\"><div class=\"wpb_wrapper\"><div class=\"wpb_text_column\"><div class=\"wpb_wrapper\"><p>COMERCIO INTERNACIONAL<br \/>\nTRANSPORTE Y LOG\u00cdSTICA<\/p>\n<\/div><\/div><\/div><\/div><\/div><\/div><div class=\"g-cols wpb_row sektory via_flex valign_middle type_default stacking_default\"><div class=\"vc_col-sm-2 wpb_column vc_column_container\"><div class=\"vc_column-inner\"><div class=\"wpb_wrapper\"><div class=\"w-image align_center\"><div class=\"w-image-h\"><img decoding=\"async\" width=\"80\" height=\"80\" src=\"https:\/\/proyectoiberico.pl\/wp-content\/uploads\/2017\/08\/13.png\" class=\"attachment-full size-full\" alt=\"\" loading=\"lazy\" \/><\/div><\/div><\/div><\/div><\/div><div class=\"vc_col-sm-4 wpb_column vc_column_container\"><div class=\"vc_column-inner\"><div class=\"wpb_wrapper\"><div class=\"wpb_text_column\"><div class=\"wpb_wrapper\"><p>HOSTELER\u00cdA<br \/>\nORGANIZACI\u00d3N DE EVENTOS<br \/>\nTURISMO<\/p>\n<\/div><\/div><\/div><\/div><\/div><\/div><\/div><\/div><\/div><\/div><\/div><\/section>\n","protected":false},"excerpt":{"rendered":"Nuestra oferta Oferta [vc_wp_custommenu nav_menu=\"9\" el_class=\"menu-offer\"]\u00c1reas de pr\u00e1cticas ADMINISTRACI\u00d3N Y GESTI\u00d3N PERIODISMO BANCA Y FINANZAS RECURSOS HUMANOS MARKETING, COMUNICACI\u00d3N Y RELACIONES P\u00daBLICAS DIET\u00c9TICA MEDICINA F\u00cdSICA Y REHABILITACI\u00d3N ENFERMER\u00cdA RADIOLOG\u00cdA HIGIENE BUCODENTAL ELECTRICIDAD Y ELECTR\u00d3NICA ENERG\u00cdAS RENOVABLES AUTOMOCI\u00d3N Y MANTENIMIENTO DE VEH\u00cdCULOS ROB\u00d3TICA INDUSTRIAL ARQUITECTURA CONSTRUCCI\u00d3N DISE\u00d1O INTERIOR DISE\u00d1O GR\u00c1FICO PROTECCI\u00d3N DEL MEDIO AMBIENTE HORTICULTURA PASTELER\u00cdA...","protected":false},"author":1,"featured_media":0,"parent":1401,"menu_order":0,"comment_status":"closed","ping_status":"closed","template":"","meta":{"footnotes":""},"class_list":["post-1394","page","type-page","status-publish","hentry"],"_links":{"self":[{"href":"https:\/\/proyectoiberico.pl\/es\/wp-json\/wp\/v2\/pages\/1394","targetHints":{"allow":["GET"]}}],"collection":[{"href":"https:\/\/proyectoiberico.pl\/es\/wp-json\/wp\/v2\/pages"}],"about":[{"href":"https:\/\/proyectoiberico.pl\/es\/wp-json\/wp\/v2\/types\/page"}],"author":[{"embeddable":true,"href":"https:\/\/proyectoiberico.pl\/es\/wp-json\/wp\/v2\/users\/1"}],"replies":[{"embeddable":true,"href":"https:\/\/proyectoiberico.pl\/es\/wp-json\/wp\/v2\/comments?post=1394"}],"version-history":[{"count":0,"href":"https:\/\/proyectoiberico.pl\/es\/wp-json\/wp\/v2\/pages\/1394\/revisions"}],"up":[{"embeddable":true,"href":"https:\/\/proyectoiberico.pl\/es\/wp-json\/wp\/v2\/pages\/1401"}],"wp:attachment":[{"href":"https:\/\/proyectoiberico.pl\/es\/wp-json\/wp\/v2\/media?parent=1394"}],"curies":[{"name":"wp","href":"https:\/\/api.w.org\/{rel}","templated":true}]}}