{"id":1390,"date":"2017-08-21T17:26:46","date_gmt":"2017-08-21T15:26:46","guid":{"rendered":"http:\/\/proyectoiberico.pl\/praktyki-i-co-dalej\/"},"modified":"2021-10-19T18:30:37","modified_gmt":"2021-10-19T16:30:37","slug":"practicas-erasmus-y-luego-que","status":"publish","type":"page","link":"https:\/\/proyectoiberico.pl\/es\/practicas-para-extranjeros-en-cracovia-y-varsovia\/practicas-erasmus-y-luego-que\/","title":{"rendered":"Pr\u00e1cticas Erasmus&#8230; \u00bfY luego qu\u00e9"},"content":{"rendered":"<section class=\"l-section wpb_row practice-main height_large with_img\"><div class=\"l-section-img\" role=\"img\" aria-label=\"Image\" data-img-width=\"1400\" data-img-height=\"360\" style=\"background-image: url(https:\/\/proyectoiberico.pl\/wp-content\/uploads\/2017\/08\/naglowek.jpg);background-repeat: no-repeat;\"><\/div><div class=\"l-section-overlay\" style=\"background:rgba(0,0,0,0.14)\"><\/div><div class=\"l-section-h i-cf\"><div class=\"g-cols vc_row via_flex valign_top type_default stacking_default\"><div class=\"vc_col-sm-12 wpb_column vc_column_container has_text_color\"><div class=\"vc_column-inner us_custom_6df4bc3a\"><div class=\"wpb_wrapper\"><div class=\"wpb_text_column text-center our-offer-h1\"><div class=\"wpb_wrapper\"><p>Nuestra oferta<\/p>\n<\/div><\/div><\/div><\/div><\/div><\/div><\/div><\/section><section class=\"l-section wpb_row bg-img-krk height_large with_img parallax_fixed\"><div class=\"l-section-img\" role=\"img\" aria-label=\"Image\" data-img-width=\"480\" data-img-height=\"554\" style=\"background-image: url(https:\/\/proyectoiberico.pl\/wp-content\/uploads\/2017\/08\/duza-grafika-ucieta-polska.png);background-position: center right;background-repeat: no-repeat;background-size: auto;\"><\/div><div class=\"l-section-h i-cf\"><div class=\"g-cols vc_row via_flex valign_top type_default stacking_default\"><div class=\"vc_col-sm-3 wpb_column vc_column_container\"><div class=\"vc_column-inner\"><div class=\"wpb_wrapper\"><div class=\"wpb_text_column text-center pad-offer-h2\"><div class=\"wpb_wrapper\"><h2>Oferta<\/h2>\n<\/div><\/div>[vc_wp_custommenu nav_menu=&#8221;9&#8243; el_class=&#8221;menu-offer&#8221;]<\/div><\/div><\/div><div class=\"vc_col-sm-7 wpb_column vc_column_container our-offer-pad\"><div class=\"vc_column-inner\"><div class=\"wpb_wrapper\"><div class=\"wpb_text_column\"><div class=\"wpb_wrapper\"><h1>Pr\u00e1cticas Erasmus&#8230; \u00bfY luego qu\u00e9?<\/h1>\n<\/div><\/div><div class=\"wpb_text_column\"><div class=\"wpb_wrapper\"><p>Muchos estudiantes durante sus pr\u00e1cticas profesionales en Polonia empieza a preguntarse si posiblemente ser\u00eda posible encontrar un trabajo fijo en nuestro pa\u00eds.<\/p>\n<p>En las ciudades grandes de Polonia para poder encontrar un trabajo fijo no es necesario hablar polaco. Polonia tiene un mercado laboral que est\u00e1 desarroll\u00e1ndose muy din\u00e1micamente y la presencia de las compa\u00f1\u00edas multinacionales de varios sectores ampl\u00eda las posibilidades de encontrar trabajo por un extranjero. Polonia goza de una tasa muy baja de desempleo y en las ciudades grandes, como Cracovia o Varsovia esta tasa pr\u00e1cticamente equivale a cero. Adicionalmente tambi\u00e9n cada vez m\u00e1s empresas de origen polaco contrata a los extranjeros, por lo cual la comunidad de expatriados en Polonia crece cada a\u00f1o.<\/p>\n<p>Las pr\u00e1cticas profesionales realizadas en el marco del programa Erasmus+ es el primer paso en la vida profesional y luego una parte de los participantes del programa toma la decisi\u00f3n de buscar un empleo fijo fuera de su pa\u00eds de origen.<\/p>\n<p>La decisi\u00f3n sobre quedar en Polonia despu\u00e9s de las pr\u00e1cticas y buscar un trabajo fijo est\u00e1 relacionada obviamente con el cumplimiento de numerosas formalidades, sin embargo hoy todo esto es mucho m\u00e1s f\u00e1cil que hace todav\u00eda un par de a\u00f1os.<\/p>\n<p>Si tiene cualesquiera preguntas relacionadas con este tema, no dude en contactar con nosotros.<\/p>\n<\/div><\/div><\/div><\/div><\/div><\/div><\/div><\/section>\n","protected":false},"excerpt":{"rendered":"Nuestra oferta Oferta [vc_wp_custommenu nav_menu=\"9\" el_class=\"menu-offer\"]Pr\u00e1cticas Erasmus&#8230; \u00bfY luego qu\u00e9? Muchos estudiantes durante sus pr\u00e1cticas profesionales en Polonia empieza a preguntarse si posiblemente ser\u00eda posible encontrar un trabajo fijo en nuestro pa\u00eds. En las ciudades grandes de Polonia para poder encontrar un trabajo fijo no es necesario hablar polaco. Polonia tiene un mercado laboral que...","protected":false},"author":1,"featured_media":0,"parent":1401,"menu_order":0,"comment_status":"closed","ping_status":"closed","template":"","meta":{"footnotes":""},"class_list":["post-1390","page","type-page","status-publish","hentry"],"_links":{"self":[{"href":"https:\/\/proyectoiberico.pl\/es\/wp-json\/wp\/v2\/pages\/1390","targetHints":{"allow":["GET"]}}],"collection":[{"href":"https:\/\/proyectoiberico.pl\/es\/wp-json\/wp\/v2\/pages"}],"about":[{"href":"https:\/\/proyectoiberico.pl\/es\/wp-json\/wp\/v2\/types\/page"}],"author":[{"embeddable":true,"href":"https:\/\/proyectoiberico.pl\/es\/wp-json\/wp\/v2\/users\/1"}],"replies":[{"embeddable":true,"href":"https:\/\/proyectoiberico.pl\/es\/wp-json\/wp\/v2\/comments?post=1390"}],"version-history":[{"count":0,"href":"https:\/\/proyectoiberico.pl\/es\/wp-json\/wp\/v2\/pages\/1390\/revisions"}],"up":[{"embeddable":true,"href":"https:\/\/proyectoiberico.pl\/es\/wp-json\/wp\/v2\/pages\/1401"}],"wp:attachment":[{"href":"https:\/\/proyectoiberico.pl\/es\/wp-json\/wp\/v2\/media?parent=1390"}],"curies":[{"name":"wp","href":"https:\/\/api.w.org\/{rel}","templated":true}]}}