{"id":1384,"date":"2017-08-21T17:26:20","date_gmt":"2017-08-21T15:26:20","guid":{"rendered":"http:\/\/proyectoiberico.pl\/koordynacja-projektow-w-ramach-programu-erasmus\/"},"modified":"2021-10-19T18:30:37","modified_gmt":"2021-10-19T16:30:37","slug":"coordinacion-de-proyectos-en-el-marco-del-programa-erasmus","status":"publish","type":"page","link":"https:\/\/proyectoiberico.pl\/es\/practicas-para-extranjeros-en-cracovia-y-varsovia\/coordinacion-de-proyectos-en-el-marco-del-programa-erasmus\/","title":{"rendered":"Coordinaci\u00f3n de proyectos en el marco del programa Erasmus+"},"content":{"rendered":"<section class=\"l-section wpb_row practice-main height_large with_img\"><div class=\"l-section-img\" role=\"img\" aria-label=\"Image\" data-img-width=\"1400\" data-img-height=\"360\" style=\"background-image: url(https:\/\/proyectoiberico.pl\/wp-content\/uploads\/2017\/08\/naglowek.jpg);background-repeat: no-repeat;\"><\/div><div class=\"l-section-overlay\" style=\"background:rgba(0,0,0,0.14)\"><\/div><div class=\"l-section-h i-cf\"><div class=\"g-cols vc_row via_flex valign_top type_default stacking_default\"><div class=\"vc_col-sm-12 wpb_column vc_column_container has_text_color\"><div class=\"vc_column-inner us_custom_6df4bc3a\"><div class=\"wpb_wrapper\"><div class=\"wpb_text_column text-center our-offer-h1\"><div class=\"wpb_wrapper\"><p>Nuestra oferta<\/p>\n<\/div><\/div><\/div><\/div><\/div><\/div><\/div><\/section><section class=\"l-section wpb_row bg-img-krk height_large with_img parallax_fixed\"><div class=\"l-section-img\" role=\"img\" aria-label=\"Image\" data-img-width=\"480\" data-img-height=\"554\" style=\"background-image: url(https:\/\/proyectoiberico.pl\/wp-content\/uploads\/2017\/08\/duza-grafika-ucieta-polska.png);background-position: center right;background-repeat: no-repeat;background-size: auto;\"><\/div><div class=\"l-section-h i-cf\"><div class=\"g-cols vc_row via_flex valign_top type_default stacking_default\"><div class=\"vc_col-sm-3 wpb_column vc_column_container\"><div class=\"vc_column-inner\"><div class=\"wpb_wrapper\"><div class=\"wpb_text_column text-center pad-offer-h2\"><div class=\"wpb_wrapper\"><h2>Oferta<\/h2>\n<\/div><\/div>[vc_wp_custommenu nav_menu=&#8221;9&#8243; el_class=&#8221;menu-offer&#8221;]<\/div><\/div><\/div><div class=\"vc_col-sm-7 wpb_column vc_column_container our-offer-pad\"><div class=\"vc_column-inner\"><div class=\"wpb_wrapper\"><div class=\"wpb_text_column\"><div class=\"wpb_wrapper\"><h1>Coordinaci\u00f3n de proyectos en el marco del programa Erasmus+<\/h1>\n<\/div><\/div><div class=\"wpb_text_column\"><div class=\"wpb_wrapper\"><p>Proyecto Ib\u00e9rico organiza y coordina en Polonia las pr\u00e1cticas para los alumnos de entidades del sector de formaci\u00f3n profesional y para los estudiantes universitarios.<br \/>\nColaboramos con institutos y otras entidades del sector de formaci\u00f3n de los pa\u00edses de la Uni\u00f3n Europea en los proyectos realizados dentro del alcance del programa Erasmus+, as\u00ed como en otros proyectos financiados por diferentes programas de becas regionales.<br \/>\nMiren nuestra oferta correspondiente a los proyectos financiados de los fondos del programa comunitario Erasmus+:<\/p>\n<\/div><\/div><div class=\"w-btn-wrapper align_none\"><a class=\"w-btn us-btn-style_5 us_custom_f73f4019 fullw\" href=\"https:\/\/proyectoiberico.pl\/es\/practicas-profesionales\/\"><span class=\"w-btn-label\">PR\u00c1CTICAS PROFESIONALES<\/span><\/a><\/div><div class=\"w-btn-wrapper align_none\"><a class=\"w-btn us-btn-style_5 us_custom_f73f4019 fullw\" href=\"https:\/\/proyectoiberico.pl\/es\/visitas-de-profesores-y-coordinadores-del-programa-erasmus\/\"><span class=\"w-btn-label\">VISITAS DE PROFESORES Y COORDINADORES DEL PROGRAMA ERASMUS+<\/span><\/a><\/div><div class=\"w-btn-wrapper align_none\"><a class=\"w-btn us-btn-style_5 us_custom_f73f4019 fullw\" href=\"http:\/\/www.erasmusplus.gob.es\/\"><span class=\"w-btn-label\">Conoce mejor el programa Erasmus+<\/span><\/a><\/div><\/div><\/div><\/div><\/div><\/div><\/section>\n","protected":false},"excerpt":{"rendered":"Nuestra oferta Oferta [vc_wp_custommenu nav_menu=\"9\" el_class=\"menu-offer\"]Coordinaci\u00f3n de proyectos en el marco del programa Erasmus+ Proyecto Ib\u00e9rico organiza y coordina en Polonia las pr\u00e1cticas para los alumnos de entidades del sector de formaci\u00f3n profesional y para los estudiantes universitarios. Colaboramos con institutos y otras entidades del sector de formaci\u00f3n de los pa\u00edses de la Uni\u00f3n Europea...","protected":false},"author":1,"featured_media":0,"parent":1401,"menu_order":0,"comment_status":"closed","ping_status":"closed","template":"","meta":{"footnotes":""},"class_list":["post-1384","page","type-page","status-publish","hentry"],"_links":{"self":[{"href":"https:\/\/proyectoiberico.pl\/es\/wp-json\/wp\/v2\/pages\/1384","targetHints":{"allow":["GET"]}}],"collection":[{"href":"https:\/\/proyectoiberico.pl\/es\/wp-json\/wp\/v2\/pages"}],"about":[{"href":"https:\/\/proyectoiberico.pl\/es\/wp-json\/wp\/v2\/types\/page"}],"author":[{"embeddable":true,"href":"https:\/\/proyectoiberico.pl\/es\/wp-json\/wp\/v2\/users\/1"}],"replies":[{"embeddable":true,"href":"https:\/\/proyectoiberico.pl\/es\/wp-json\/wp\/v2\/comments?post=1384"}],"version-history":[{"count":0,"href":"https:\/\/proyectoiberico.pl\/es\/wp-json\/wp\/v2\/pages\/1384\/revisions"}],"up":[{"embeddable":true,"href":"https:\/\/proyectoiberico.pl\/es\/wp-json\/wp\/v2\/pages\/1401"}],"wp:attachment":[{"href":"https:\/\/proyectoiberico.pl\/es\/wp-json\/wp\/v2\/media?parent=1384"}],"curies":[{"name":"wp","href":"https:\/\/api.w.org\/{rel}","templated":true}]}}