{"id":1358,"date":"2017-08-21T16:24:55","date_gmt":"2017-08-21T14:24:55","guid":{"rendered":"http:\/\/proyectoiberico.pl\/faq\/"},"modified":"2021-10-19T18:30:37","modified_gmt":"2021-10-19T16:30:37","slug":"preguntas-mas-frecuentes","status":"publish","type":"page","link":"https:\/\/proyectoiberico.pl\/es\/practicas-para-extranjeros-en-cracovia-y-varsovia\/preguntas-mas-frecuentes\/","title":{"rendered":"Preguntas m\u00e1s frecuentes"},"content":{"rendered":"<section class=\"l-section wpb_row practice-main height_large with_img\"><div class=\"l-section-img\" role=\"img\" aria-label=\"Image\" data-img-width=\"1400\" data-img-height=\"360\" style=\"background-image: url(https:\/\/proyectoiberico.pl\/wp-content\/uploads\/2017\/08\/naglowek.jpg);background-repeat: no-repeat;\"><\/div><div class=\"l-section-overlay\" style=\"background:rgba(0,0,0,0.14)\"><\/div><div class=\"l-section-h i-cf\"><div class=\"g-cols vc_row via_flex valign_top type_default stacking_default\"><div class=\"vc_col-sm-12 wpb_column vc_column_container has_text_color\"><div class=\"vc_column-inner us_custom_6df4bc3a\"><div class=\"wpb_wrapper\"><div class=\"wpb_text_column text-center huge-h1\"><div class=\"wpb_wrapper\"><h1>Preguntas m\u00e1s frecuentes<\/h1>\n<\/div><\/div><\/div><\/div><\/div><\/div><\/div><\/section><section class=\"l-section wpb_row bg-img-krk height_large with_img parallax_fixed\"><div class=\"l-section-img\" role=\"img\" aria-label=\"Image\" data-img-width=\"480\" data-img-height=\"554\" style=\"background-image: url(https:\/\/proyectoiberico.pl\/wp-content\/uploads\/2017\/08\/duza-grafika-ucieta-polska.png);background-position: center right;background-repeat: no-repeat;background-size: auto;\"><\/div><div class=\"l-section-h i-cf\"><div class=\"g-cols vc_row via_flex valign_top type_default stacking_default\"><div class=\"vc_col-sm-10 wpb_column vc_column_container\"><div class=\"vc_column-inner\"><div class=\"wpb_wrapper\"><div class=\"wpb_text_column faq-h2\"><div class=\"wpb_wrapper\"><h2>Antes de venir a Polonia<\/h2>\n<\/div><\/div><div class=\"w-tabs faq style_default switch_click accordion has_scrolling\" style=\"--sections-title-size:inherit\"><div class=\"w-tabs-sections titles-align_none icon_chevron cpos_right\"><div class=\"w-tabs-section\" id=\"b46a\"><button class=\"w-tabs-section-header\" aria-controls=\"content-b46a\" aria-expanded=\"false\"><h3 class=\"w-tabs-section-title\">1. \u00bfQu\u00e9 documentos deber\u00eda llevar conmigo a Polonia?<\/h3><div class=\"w-tabs-section-control\"><\/div><\/button><div  class=\"w-tabs-section-content\" id=\"content-b46a\"><div class=\"w-tabs-section-content-h i-cf\"><div class=\"wpb_text_column\"><div class=\"wpb_wrapper\"><p>Hay que llevar consigo a Polonia los siguientes documentos:<br \/>\n&#8211; Carn\u00e9 de identidad (original y una fotocopia) \u2013 el documento tiene que ser v\u00e1lido como m\u00ednimo durante toda la estancia en Polonia. Adicionalmente uno puede traer el pasaporte.<br \/>\n&#8211; Tarjeta Sanitaria Europea \u2013 con esta tarjeta el estudiante podr\u00e1 acudir a los centros m\u00e9dicos p\u00fablicos en Polonia.<br \/>\n&#8211; Otros documentos \u2013 si el estudiante tiene por ejemplo algunos documentos m\u00e9dicos relacionados con una alergia u otras enfermedades cr\u00f3nicas, definitivamente deber\u00eda llevarlos consigo a Polonia.<\/p>\n<\/div><\/div><\/div><\/div><\/div><div class=\"w-tabs-section\" id=\"s54a\"><button class=\"w-tabs-section-header\" aria-controls=\"content-s54a\" aria-expanded=\"false\"><h3 class=\"w-tabs-section-title\">2. \u00bfTendr\u00e9 un tutor en Polonia durante mi estancia all\u00ed?<\/h3><div class=\"w-tabs-section-control\"><\/div><\/button><div  class=\"w-tabs-section-content\" id=\"content-s54a\"><div class=\"w-tabs-section-content-h i-cf\"><div class=\"wpb_text_column\"><div class=\"wpb_wrapper\"><p>S\u00ed. Cada estudiante al llegar a Polonia recibir\u00e1 los datos de contacto de su tutoor de parte de la empresa Proyecto Ib\u00e9rico. Cada uno de los estudiantes podr\u00e1 contactar con el tutor por tel\u00e9fono o por correo electr\u00f3nico en relaci\u00f3n con cualesquiera asuntos que surjan. El tutor organizar\u00e1 una reuni\u00f3n despu\u00e9s de la llegada del estudiante a Polonia para conocerle personalmente y darle muchas informaciones pr\u00e1cticas y \u00fatiles. Luego el tutor seguir\u00e1 en contacto con todos los estudiantes. Si ocurre una situaci\u00f3n de emergencia, los estudiantes tendr\u00e1n un n\u00famero de contacto que sea activo las 24 horas al d\u00eda.<\/p>\n<\/div><\/div><\/div><\/div><\/div><div class=\"w-tabs-section\" id=\"b610\"><button class=\"w-tabs-section-header\" aria-controls=\"content-b610\" aria-expanded=\"false\"><h3 class=\"w-tabs-section-title\">3. \u00bfLlegar\u00e1 alguien al aeropuerto para buscarme? <\/h3><div class=\"w-tabs-section-control\"><\/div><\/button><div  class=\"w-tabs-section-content\" id=\"content-b610\"><div class=\"w-tabs-section-content-h i-cf\"><div class=\"wpb_text_column\"><div class=\"wpb_wrapper\"><p>Cada uno de los alumnos que decidir\u00e1 usar nuestro servicio de transporte del aeropuerto al llegar a Polonia ser\u00e1 acompa\u00f1ado del aeropuerto a la direcci\u00f3n de su alojamiento por uno de los empleados de nuestra empresa o como m\u00ednimo por uno de nuestros ch\u00f3fers. Tambi\u00e9n existe la posibilidad de comprar adicionalmente el servicio del transporte al aeropuerto para el vuelo de vuelta despu\u00e9s de la terminaci\u00f3n de las pr\u00e1cticas.<\/p>\n<\/div><\/div><\/div><\/div><\/div><div class=\"w-tabs-section\" id=\"c6c9\"><button class=\"w-tabs-section-header\" aria-controls=\"content-c6c9\" aria-expanded=\"false\"><h3 class=\"w-tabs-section-title\">4. \u00bfAlgui\u00e9n me acompa\u00f1ar\u00e1 a la empresa el primer d\u00eda de las pr\u00e1cticas? <\/h3><div class=\"w-tabs-section-control\"><\/div><\/button><div  class=\"w-tabs-section-content\" id=\"content-c6c9\"><div class=\"w-tabs-section-content-h i-cf\"><div class=\"wpb_text_column\"><div class=\"wpb_wrapper\"><p>S\u00ed. El primer d\u00eda de las pr\u00e1cticas cada estudiante ser\u00e1 acompa\u00f1ado por una persona de Proyecto Ib\u00e9rico. El tutor le mostrar\u00e1 al estudiante la manera m\u00e1s c\u00f3moda y eficaz de llegar a la empresa y all\u00ed le presentar\u00e1 al estudiante a los empleados y el tutor en la empresa de acogida.<\/p>\n<\/div><\/div><\/div><\/div><\/div><div class=\"w-tabs-section\" id=\"j782\"><button class=\"w-tabs-section-header\" aria-controls=\"content-j782\" aria-expanded=\"false\"><h3 class=\"w-tabs-section-title\">5. \u00bfC\u00f3mo debo vestirme durante las pr\u00e1cticas en mi empresa?<\/h3><div class=\"w-tabs-section-control\"><\/div><\/button><div  class=\"w-tabs-section-content\" id=\"content-j782\"><div class=\"w-tabs-section-content-h i-cf\"><div class=\"wpb_text_column\"><div class=\"wpb_wrapper\"><p>Es muy importante que el estudiante lleve la ropa adecuada. En algunas \u00e1reas de pr\u00e1cticas se usa ropa espec\u00edfica por el car\u00e1cter y el lugar de trabajo: por ejemplo en un laboratorio microbiol\u00f3gico la ropa adecuada ser\u00e1 una bata de laboratorio, en la recepci\u00f3n de un hotel elegante lo adecuado ser\u00e1 llevar un traje, y en una planta de fabricaci\u00f3n puede ser necesario llevar el calzado de protecci\u00f3n. No obstante frecuentemente los estudiantes cuyas pr\u00e1cticas tienen car\u00e1cter de un trabajo de oficina no saben c\u00f3mo deber\u00edan vestirse al trabajo. Al principio la opci\u00f3n m\u00e1s segura ser\u00e1 la ropa cl\u00e1sica y poco extravagante. Recomendamos a todos la ropa al estilo \u00b4smart casual\u00b4. Despu\u00e9s de unos d\u00edas el estudiante conocer\u00e1 las costumbres de la empresa y su pol\u00edtica referente al \u00b4dress code\u00b4 y \u00e9l mismo sabr\u00e1 qu\u00e9 tipo de ropa ser\u00e1 adecuada.<\/p>\n<\/div><\/div><\/div><\/div><\/div><div class=\"w-tabs-section\" id=\"t838\"><button class=\"w-tabs-section-header\" aria-controls=\"content-t838\" aria-expanded=\"false\"><h3 class=\"w-tabs-section-title\">6. \u00bfCu\u00e1l es el horario de trabajo t\u00edpico de Polonia?<\/h3><div class=\"w-tabs-section-control\"><\/div><\/button><div  class=\"w-tabs-section-content\" id=\"content-t838\"><div class=\"w-tabs-section-content-h i-cf\"><div class=\"wpb_text_column\"><div class=\"wpb_wrapper\"><p>La mayor\u00eda de los empleados de las empresas en Polonia hacen una jornada seguida de 8 horas, lo m\u00e1s frecuente es de 9 a 17. No se hace una pausa larga para ir a comer, lo normal es tener unos 30 minutos para comer, a fin de terminar el trabajo m\u00e1s pronto y llegar antes a casa. Tambi\u00e9n muchas empresas abren m\u00e1s temprano, por ejemplo a las 8. En relaci\u00f3n con esto el horario de pr\u00e1cticas de cada estudiante depender\u00e1 completamente de lo acordado en la empresa concreta. El horario espec\u00edfico del practicante se acuerda el primer d\u00eda de las pr\u00e1cticas.<\/p>\n<\/div><\/div><\/div><\/div><\/div><div class=\"w-tabs-section\" id=\"g8ea\"><button class=\"w-tabs-section-header\" aria-controls=\"content-g8ea\" aria-expanded=\"false\"><h3 class=\"w-tabs-section-title\">7. \u00bfQu\u00e9 tiempo hace en Polonia? \u00bfQu\u00e9 tiempo deber\u00eda esperar al llegar a Polonia?<\/h3><div class=\"w-tabs-section-control\"><\/div><\/button><div  class=\"w-tabs-section-content\" id=\"content-g8ea\"><div class=\"w-tabs-section-content-h i-cf\"><div class=\"wpb_text_column\"><div class=\"wpb_wrapper\"><p>Polonia tiene un clima templado. El m\u00e9s m\u00e1s caliente es julio, cuando la temperatura media durante el d\u00eda es de aprox. 20-25 grados. Los meses m\u00e1s fr\u00edos del a\u00f1o son enero y febrero, cuando la temeratura llega a algunos grados bajo cero, no obstante hay que tener en cuenta que los inviernos en Polonia son ahora mucho m\u00e1s suaves y no tan fr\u00edos como hace unos a\u00f1os.<\/p>\n<\/div><\/div><\/div><\/div><\/div><\/div><\/div><div class=\"wpb_text_column faq-h2-pad\"><div class=\"wpb_wrapper\"><h2>Durante la estancia en Polonia<\/h2>\n<\/div><\/div><div class=\"w-tabs faq style_default switch_click accordion has_scrolling\" style=\"--sections-title-size:inherit\"><div class=\"w-tabs-sections titles-align_none icon_chevron cpos_right\"><div class=\"w-tabs-section\" id=\"d3d5\"><button class=\"w-tabs-section-header\" aria-controls=\"content-d3d5\" aria-expanded=\"false\"><h3 class=\"w-tabs-section-title\">8. \u00bfCu\u00e1l es la mejor manera de moverme por la ciudad? \u00bfC\u00f3mo es el transporte p\u00fablico en Polonia?<\/h3><div class=\"w-tabs-section-control\"><\/div><\/button><div  class=\"w-tabs-section-content\" id=\"content-d3d5\"><div class=\"w-tabs-section-content-h i-cf\"><div class=\"wpb_text_column\"><div class=\"wpb_wrapper\"><p>Tanto en Cracovia como en Varsovia el transporte p\u00fablico dispone de una red muy buena de conexiones. Los autobuses y tranv\u00edas, y en Varsovia adicionalmente el metro, garantizan un transporte p\u00fablico eficaz y barato en todo el territorio de la ciudad. Los billetes sencillos se pueden comprar en los kioskos o en las m\u00e1quinas especiales de venta inclaladas en las paradas o en los veh\u00edculos. Una soluci\u00f3n muy recomendable en estas ciudades son los abonos de transporte para temporadas m\u00e1s largas.<\/p>\n<\/div><\/div><\/div><\/div><\/div><div class=\"w-tabs-section\" id=\"a49e\"><button class=\"w-tabs-section-header\" aria-controls=\"content-a49e\" aria-expanded=\"false\"><h3 class=\"w-tabs-section-title\">9. \u00bfCual es la mejor manera de viajar por Polonia? \u00bfC\u00f3mo puedo ir a otras ciudades?<\/h3><div class=\"w-tabs-section-control\"><\/div><\/button><div  class=\"w-tabs-section-content\" id=\"content-a49e\"><div class=\"w-tabs-section-content-h i-cf\"><div class=\"wpb_text_column\"><div class=\"wpb_wrapper\"><p>Viajar por el territorio de Polonia es f\u00e1cil. Entre las ciudades grandes existe una red bien desarrollada de conexiones ferroviaries (el proveedor del transporte ferroviario en Polonia se llama PKP) y de autobuses (por ejemplo los autobuses baratos de Polski Bus). Tambi\u00e9n hay cada vez m\u00e1s vuelos, no s\u00f3lo con la compa\u00f1\u00eda nacional polaca LOT, sino tambi\u00e9n con las compa\u00f1\u00edas baratas como Ryanair o Wizzair.<\/p>\n<\/div><\/div><\/div><\/div><\/div><div class=\"w-tabs-section\" id=\"y56c\"><button class=\"w-tabs-section-header\" aria-controls=\"content-y56c\" aria-expanded=\"false\"><h3 class=\"w-tabs-section-title\">10. \u00bfD\u00f3nde puedo cambiar moneda?<\/h3><div class=\"w-tabs-section-control\"><\/div><\/button><div  class=\"w-tabs-section-content\" id=\"content-y56c\"><div class=\"w-tabs-section-content-h i-cf\"><div class=\"wpb_text_column\"><div class=\"wpb_wrapper\"><p>En Polonia se cambia moneda en los sitios llamados KANTOR. Estas oficinas de cambio se encuentran en las estaciones de trenes, en los centros comerciales o en las zonas tur\u00edsticas de la ciudad. Merece la pena tener en cuenta que en los aeropuertos normalmente proponen un curso muy malo del cambio, por esta raz\u00f3n es mucho mejor cambiar moneda en el centro de la ciudad y no en el aeropuerto, o bien se puede cambiar en el aerpuerto s\u00f3lo un importe peque\u00f1o para tener algo al principio de la estancia. Tambi\u00e9n en vez de traer euros de Espa\u00f1a es posible simplemente sacar dinero en la monedo local de un cajero. Es la manera m\u00e1s f\u00e1cil de obtener efectivo en la moneda local (z\u0142oty). En Polonia son muy populares las transacciones sin efectivo. Las tarjetas de pago se aceptan casi en todos los sitios, tambi\u00e9n en el caso de las transacciones por importes bajos. Gracias a esto no es necesario llevar encima mucho dinero en efectivo.<\/p>\n<\/div><\/div><\/div><\/div><\/div><div class=\"w-tabs-section\" id=\"n634\"><button class=\"w-tabs-section-header\" aria-controls=\"content-n634\" aria-expanded=\"false\"><h3 class=\"w-tabs-section-title\">11. \u00bfQu\u00e9 deber\u00eda hacer si pierdo mis documentos?<\/h3><div class=\"w-tabs-section-control\"><\/div><\/button><div  class=\"w-tabs-section-content\" id=\"content-n634\"><div class=\"w-tabs-section-content-h i-cf\"><div class=\"wpb_text_column\"><div class=\"wpb_wrapper\"><p>Hay que contactar con el tutor de parte de Proyecto Ib\u00e9rico que ayudar\u00e1 al estudiante en la situaci\u00f3n ocurrida. El robo o la p\u00e9rdida de documentos, como el carn\u00e9 de identidad o el pasaporte, hay que denunciar a la polic\u00eda. Luego hay que contactar con la Embajada de Espa\u00f1a en Polonia que tiene su sede en Varsovia.<\/p>\n<p>Este tipo de situaciones pasan muy raraz veces, sin embargo vale la pena tenerlas en cuenta y por si acaso hacer una fotocopia de los documentos. La fotocopia facilita mucho todos los tr\u00e1mites necesarios relacionados con esta situaci\u00f3n.<\/p>\n<\/div><\/div><\/div><\/div><\/div><div class=\"w-tabs-section\" id=\"i703\"><button class=\"w-tabs-section-header\" aria-controls=\"content-i703\" aria-expanded=\"false\"><h3 class=\"w-tabs-section-title\">12. Me siento mal y necesito ir al m\u00e9dico. \u00bfQu\u00e9 deber\u00eda hacer?<\/h3><div class=\"w-tabs-section-control\"><\/div><\/button><div  class=\"w-tabs-section-content\" id=\"content-i703\"><div class=\"w-tabs-section-content-h i-cf\"><div class=\"wpb_text_column\"><div class=\"wpb_wrapper\"><p>Hay que contactar con el tutor de parte de Proyecto Ib\u00e9rico que ayudar\u00e1 al estudiante en la situaci\u00f3n ocurrida. A menudo en el caso de enfermedades com\u00fanes y no graves lo m\u00e1s f\u00f1acil y m\u00e1s r\u00e1pido es ir a una farmacia y all\u00ed pedir que recomienden algunos medicamentos que no requieran prescripci\u00f3n m\u00e9dica. En la mayor\u00eda de las farmacias alguien hablar\u00e1 ingl\u00e9s. No obstante si definitivamente es necesaria la asistencia m\u00e9dica, hay que acudir a un centro m\u00e9dico. Con la Tarjeta Sanitaria Europea es posible recibir en los centros m\u00e9dicos polacos la asistencia m\u00e9dica gratuitamente (o por precio reducido). El tutor de parte de Proyecto Ib\u00e9rico indicar\u00e1 al estudiante los centros m\u00e9dicos m\u00e1s cercanos y, si hace falta, tambi\u00e9n contactar\u00e1 con un centro m\u00e9dico para pedir una cita.<\/p>\n<p>En las situaciones de emergencia que pongan la vida en peligro, cuando sea necesario ingresar al estudiante en un hospital (por ejemplo, un caso de romper la pierna, etc.), el tutor de parte de nuestra empresa acompa\u00f1ar\u00e1 al estudiante al hospital para ayudarle en todos los tr\u00e1mites.<\/p>\n<\/div><\/div><\/div><\/div><\/div><div class=\"w-tabs-section\" id=\"h7c3\"><button class=\"w-tabs-section-header\" aria-controls=\"content-h7c3\" aria-expanded=\"false\"><h3 class=\"w-tabs-section-title\">13. \u00bfQu\u00e9 debo hacer si como resultado de un incidente necesito ayuda de la polic\u00eda o tengo que ir al hospital?<\/h3><div class=\"w-tabs-section-control\"><\/div><\/button><div  class=\"w-tabs-section-content\" id=\"content-h7c3\"><div class=\"w-tabs-section-content-h i-cf\"><div class=\"wpb_text_column\"><div class=\"wpb_wrapper\"><p>En las situaciones de emergencia que pongan la vida en peligro, cuando sea necesario ingresar al estudiante en un hospital el tutor de parte de nuestra empresa acompa\u00f1ar\u00e1 al estudiante al hospital para ayudarle en todos los tr\u00e1mites.<br \/>\nSi es necesario ir a una comisar\u00eda de polic\u00eda, por ejemplo para denunciar un robo, tambi\u00e9n en este caso un tutor de parte de nuestra empresa acompa\u00f1ar\u00e1 al estudiante a d\u00f3nde sea necesario.<\/p>\n<\/div><\/div><\/div><\/div><\/div><div class=\"w-tabs-section\" id=\"f873\"><button class=\"w-tabs-section-header\" aria-controls=\"content-f873\" aria-expanded=\"false\"><h3 class=\"w-tabs-section-title\">14. Me siento mal y no puedo ir a trabajar. \u00bfQu\u00e9 debo hacer?<\/h3><div class=\"w-tabs-section-control\"><\/div><\/button><div  class=\"w-tabs-section-content\" id=\"content-f873\"><div class=\"w-tabs-section-content-h i-cf\"><div class=\"wpb_text_column\"><div class=\"wpb_wrapper\"><p>Sobre todo lo m\u00e1s importante es informar al tutor en la empresa lo antes posible. Luego hay que informar sobre este hecho tambi\u00e9n a la persona de contacto en Proyecto Ib\u00e9rico. En la respuesta a la pregunta n\u00famero 12 arriba recomendamos qu\u00e9 hacer si es necesario acudir a un m\u00e9dico.<\/p>\n<\/div><\/div><\/div><\/div><\/div><\/div><\/div><\/div><\/div><\/div><\/div><\/div><\/section>\n","protected":false},"excerpt":{"rendered":"Preguntas m\u00e1s frecuentes Antes de venir a Polonia 1. \u00bfQu\u00e9 documentos deber\u00eda llevar conmigo a Polonia?Hay que llevar consigo a Polonia los siguientes documentos: &#8211; Carn\u00e9 de identidad (original y una fotocopia) \u2013 el documento tiene que ser v\u00e1lido como m\u00ednimo durante toda la estancia en Polonia. Adicionalmente uno puede traer el pasaporte. &#8211; Tarjeta...","protected":false},"author":1,"featured_media":0,"parent":1401,"menu_order":0,"comment_status":"closed","ping_status":"closed","template":"","meta":{"footnotes":""},"class_list":["post-1358","page","type-page","status-publish","hentry"],"_links":{"self":[{"href":"https:\/\/proyectoiberico.pl\/es\/wp-json\/wp\/v2\/pages\/1358","targetHints":{"allow":["GET"]}}],"collection":[{"href":"https:\/\/proyectoiberico.pl\/es\/wp-json\/wp\/v2\/pages"}],"about":[{"href":"https:\/\/proyectoiberico.pl\/es\/wp-json\/wp\/v2\/types\/page"}],"author":[{"embeddable":true,"href":"https:\/\/proyectoiberico.pl\/es\/wp-json\/wp\/v2\/users\/1"}],"replies":[{"embeddable":true,"href":"https:\/\/proyectoiberico.pl\/es\/wp-json\/wp\/v2\/comments?post=1358"}],"version-history":[{"count":0,"href":"https:\/\/proyectoiberico.pl\/es\/wp-json\/wp\/v2\/pages\/1358\/revisions"}],"up":[{"embeddable":true,"href":"https:\/\/proyectoiberico.pl\/es\/wp-json\/wp\/v2\/pages\/1401"}],"wp:attachment":[{"href":"https:\/\/proyectoiberico.pl\/es\/wp-json\/wp\/v2\/media?parent=1358"}],"curies":[{"name":"wp","href":"https:\/\/api.w.org\/{rel}","templated":true}]}}